{"id":2,"date":"2021-05-18T21:15:46","date_gmt":"2021-05-18T21:15:46","guid":{"rendered":"https:\/\/sites.ordredemaltesuisse.org\/shoms\/?page_id=2"},"modified":"2026-01-25T20:05:26","modified_gmt":"2026-01-25T19:05:26","slug":"uber-uns","status":"publish","type":"page","link":"https:\/\/shoms.ch\/de\/uber-uns\/","title":{"rendered":"\u00dcber uns"},"content":{"rendered":"<p><\/p>\n\n<!--themify_builder_content-->\n<div id=\"themify_builder_content-2\" data-postid=\"2\" class=\"themify_builder_content themify_builder_content-2 themify_builder tf_clear\">\n                    <div  data-lazy=\"1\" class=\"module_row themify_builder_row tb_g53u890 tb_first tf_w\">\n                        <div class=\"row_inner col_align_top tb_col_count_1 tf_box tf_rel\">\n                        <div  data-lazy=\"1\" class=\"module_column tb-column col-full tb_yl76890 first\">\n                            <div  data-lazy=\"1\" class=\"module_subrow themify_builder_sub_row tf_w col_align_top tb_col_count_1 tb_tbw9914\">\n                <div  data-lazy=\"1\" class=\"module_column sub_column col-full tb_7hbl915 first\">\n                    <!-- module divider -->\n<div  class=\"module tf_mw module-divider tb_fzta674 solid   \" style=\"border-width: 1px;border-color: #000;margin-bottom: 15px;\" data-lazy=\"1\">\n    <\/div>\n<!-- \/module divider -->\n<!-- module text -->\n<div  class=\"module module-text tb_ibcz801   \" data-lazy=\"1\">\n        <div  class=\"tb_text_wrap\">\n        <p style=\"text-align: center\">DER GLAUBE BEWEGT<br \/>\n&#8220;Tuitio Fidei &#8221; und &#8220;Obsequium Pauperum&#8221;<br \/>\nIm Dienste des Glaubens und des Hilfsbed\u00fcrftigen<\/p>\n    <\/div>\n<\/div>\n<!-- \/module text --><!-- module divider -->\n<div  class=\"module tf_mw module-divider tb_80xt844 solid   \" style=\"border-width: 1px;border-color: #000;margin-bottom: 15px;\" data-lazy=\"1\">\n    <\/div>\n<!-- \/module divider -->\n<!-- module text -->\n<div  class=\"module module-text tb_oqar226   \" data-lazy=\"1\">\n        <div  class=\"tb_text_wrap\">\n        <article id=\"node-22\" class=\"node node-seite view-mode-full\">\n<div class=\"body field\">\n<p>Der Hospitaldienst des Schweizerischen Malteserordens (MHDS) wurde 1975 gegr\u00fcndet und ist ein Werk der Schweizerischen Assoziation des Malteserordens (AHOM), die ihrerseits Teil des Souver\u00e4nen und Milit\u00e4rischen Ordens des Hl. Johannes von Jerusalem, Rhodos und Malta ist, der 1113 im Heiligen Land gegr\u00fcndet wurde und heute seinen Sitz in Rom hat. Schon fr\u00fch entstand eine Zusammenarbeit mit dem protestantischen Johanniterorden, die sich im Laufe der Jahre weiterentwickelt und intensiviert hat.<\/p>\n<p>Durch unsere Aktionen helfen wir den Schw\u00e4chsten, Armen und Kranken, haupts\u00e4chlich in der Schweiz und manchmal auch im Ausland. Wir z\u00e4hlen auf das Engagement von 650 Freiwilligen, die in 15 Sektionen organisiert sind, die \u00fcber die ganze Schweiz verteilt sind und von Sektionsleitern unter der Autorit\u00e4t eines Kommandanten geleitet werden, der von einem B\u00fcro und einem Rat unterst\u00fctzt wird. Im Geiste des Ordens wollen die Mitglieder des SHOMS das Motto \u201eObsequium pauperum\u201c mit Leben erf\u00fcllen, d.h. als Freiwillige ihren Mitmenschen dienen, Kranke und Behinderte begleiten und Bed\u00fcrftige unterst\u00fctzen, ohne R\u00fccksicht auf Herkunft oder Konfession.<\/p>\n<p>Der Hospitaldienst steht allen Freiwilligen mit christlicher Spiritualit\u00e4t offen, die ihre Zeit und ihr Herz der Unterst\u00fctzung der Schw\u00e4chsten und Bed\u00fcrftigsten widmen m\u00f6chten, und zwar durch die verschiedenen Aktivit\u00e4ten, die von den einzelnen Abteilungen unter der Leitung und Kontrolle der Entscheidungsgremien der Vereinigung organisiert werden.<\/p>\n<p>Beispielsweise begleiten wir Behinderte auf Pilgerreisen, besuchen \u00e4ltere Menschen allein oder in Heimen und Kranke in Krankenh\u00e4usern, helfen Obdachlosen und Menschen in prek\u00e4ren Verh\u00e4ltnissen.<\/p>\n<p>Unsere Werte sind die der Bergpredigt (Matth\u00e4us 5,1-7 SG21) und der acht Seligpreisungen, die durch die acht Spitzen des Malteserkreuzes, das wir auf unserer Uniform tragen, verk\u00f6rpert werden.<\/p>\n<\/div>\n<\/article>    <\/div>\n<\/div>\n<!-- \/module text -->        <\/div>\n                    <\/div>\n                <div  data-lazy=\"1\" class=\"module_subrow themify_builder_sub_row tf_w col_align_top tb_col_count_3 tb_50nm219\">\n                <div  data-lazy=\"1\" class=\"module_column sub_column col3-1 tb_3ozv219 first\">\n                            <\/div>\n                    <div  data-lazy=\"1\" class=\"module_column sub_column col3-1 tb_bxeo219\">\n                    <!-- module buttons -->\n<div  class=\"module module-buttons tb_r0ud417 buttons-horizontal outline   rounded\" data-lazy=\"1\">\n        <div class=\"module-buttons-item tf_in_flx\">\n                        <a href=\"https:\/\/shoms.ch\/wp-content\/uploads\/sites\/11\/2026\/01\/21-10-01_STATUTEN-des-Malteser-Hospitaldienstes-Schweiz.pdf\" class=\"ui builder_button tf_in_flx red\" target=\"_blank\" rel=\"noopener\">\n                                                Statuten des Malteser Hospitaldienstes Schweiz                                        <\/a>\n                <\/div>\n            <\/div>\n<!-- \/module buttons -->\n        <\/div>\n                    <div  data-lazy=\"1\" class=\"module_column sub_column col3-1 tb_mrac219 last\">\n                            <\/div>\n                    <\/div>\n                <\/div>\n                        <\/div>\n        <\/div>\n                        <div  data-lazy=\"1\" class=\"module_row themify_builder_row tb_zqbn121 tf_w\">\n                        <div class=\"row_inner col_align_top tb_col_count_1 tf_box tf_rel\">\n                        <div  data-lazy=\"1\" class=\"module_column tb-column col-full tb_vq3i121 first\">\n                    <!-- module divider -->\n<div  class=\"module tf_mw module-divider tb_lxmq123 solid   \" style=\"border-width: 1px;border-color: rgba(0,0,0, 0.00);margin-bottom: 15px;\" data-lazy=\"1\">\n    <\/div>\n<!-- \/module divider -->\n        <\/div>\n                        <\/div>\n        <\/div>\n                        <div  data-lazy=\"1\" class=\"module_row themify_builder_row tb_txbv906 tf_w\">\n                        <div class=\"row_inner col_align_top tb_col_count_1 tf_box tf_rel\">\n                        <div  data-lazy=\"1\" class=\"module_column tb-column col-full tb_z6c7906 first\">\n                    <!-- module divider -->\n<div  class=\"module tf_mw module-divider tb_t3x483 solid   \" style=\"border-width: 1px;border-color: #000;margin-bottom: 15px;\" data-lazy=\"1\">\n    <\/div>\n<!-- \/module divider -->\n<!-- module text -->\n<div  class=\"module module-text tb_94ay875   \" data-lazy=\"1\">\n        <div  class=\"tb_text_wrap\">\n        <p style=\"text-align: center\">WEITERE WERKE DES MALTESERORDENS<\/p>    <\/div>\n<\/div>\n<!-- \/module text --><!-- module divider -->\n<div  class=\"module tf_mw module-divider tb_cus9891 solid   \" style=\"border-width: 1px;border-color: #000;margin-bottom: 15px;\" data-lazy=\"1\">\n    <\/div>\n<!-- \/module divider -->\n<!-- module link_block -->\n<div  class=\"module module-link-block tb_5d91122 icon-center solid \" data-lazy=\"1\">\n        <a target=\"_blank\" rel=\"noopener\" href=\"https:\/\/ordredemaltesuisse.org\/de\/schweizer-organisation\/spiritual-commitment\/\" class=\"tb_link_block_container ui tb_default_color\">\n\n        \n        <div class=\"tf-lb-content\">\n                                        <div class=\"tb_link_block_blurb\">Die spirituelle Leitlinie des Malteserordens<\/div>\n                    <\/div>\n\n    <\/a>\n<\/div>\n<!-- \/module buttons -->\n<!-- module link_block -->\n<div  class=\"module module-link-block tb_eejl122 icon-center solid \" data-lazy=\"1\">\n        <a target=\"_blank\" rel=\"noopener\" href=\"https:\/\/ordredemaltesuisse.org\/de\/geschichte\/\" class=\"tb_link_block_container ui tb_default_color\">\n\n        \n        <div class=\"tf-lb-content\">\n                                        <div class=\"tb_link_block_blurb\">Die Geschichte des Malteserordens<\/div>\n                    <\/div>\n\n    <\/a>\n<\/div>\n<!-- \/module buttons -->\n<!-- module link_block -->\n<div  class=\"module module-link-block tb_b3ir122 icon-center solid \" data-lazy=\"1\">\n        <a target=\"_blank\" rel=\"noopener\" href=\"https:\/\/ordredemaltesuisse.org\/de\/\" class=\"tb_link_block_container ui tb_default_color\">\n\n        \n        <div class=\"tf-lb-content\">\n                                        <div class=\"tb_link_block_blurb\">Malteserorden in der Schweiz<\/div>\n                    <\/div>\n\n    <\/a>\n<\/div>\n<!-- \/module buttons -->\n<!-- module link_block -->\n<div  class=\"module module-link-block tb_fug0455 icon-center solid \" data-lazy=\"1\">\n        <a target=\"_blank\" rel=\"noopener\" href=\"https:\/\/www.malteser-international.org\/de.html\" class=\"tb_link_block_container ui tb_default_color\">\n\n        \n        <div class=\"tf-lb-content\">\n                                        <div class=\"tb_link_block_blurb\">Malteser International<\/div>\n                    <\/div>\n\n    <\/a>\n<\/div>\n<!-- \/module buttons -->\n<!-- module link_block -->\n<div  class=\"module module-link-block tb_3kcd338 icon-center solid \" data-lazy=\"1\">\n        <a target=\"_blank\" rel=\"noopener\" href=\"https:\/\/ordredemaltesuisse.org\/de\/humanitaere-medizinische-hilfe\/holy-family-hospital\/\" class=\"tb_link_block_container ui tb_default_color\">\n\n        \n        <div class=\"tf-lb-content\">\n                                        <div class=\"tb_link_block_blurb\">Holy Family Hospital<\/div>\n                    <\/div>\n\n    <\/a>\n<\/div>\n<!-- \/module buttons -->\n<!-- module link_block -->\n<div  class=\"module module-link-block tb_ywyd863 icon-center solid \" data-lazy=\"1\">\n        <a target=\"_blank\" rel=\"noopener\" href=\"https:\/\/aide-assistance.ch\" class=\"tb_link_block_container ui tb_default_color\">\n\n        \n        <div class=\"tf-lb-content\">\n                                        <div class=\"tb_link_block_blurb\">Aide &amp; assistance<\/div>\n                    <\/div>\n\n    <\/a>\n<\/div>\n<!-- \/module buttons -->\n<!-- module link_block -->\n<div  class=\"module module-link-block tb_7gf0783 icon-center solid \" data-lazy=\"1\">\n        <a target=\"_blank\" rel=\"noopener\" href=\"https:\/\/ciomal.ch\/de\" class=\"tb_link_block_container ui tb_default_color\">\n\n        \n        <div class=\"tf-lb-content\">\n                                        <div class=\"tb_link_block_blurb\">Ciomal (Campagne International de l&#8217;Ordre de Malte contre la Lepre)<\/div>\n                    <\/div>\n\n    <\/a>\n<\/div>\n<!-- \/module buttons -->\n        <\/div>\n                        <\/div>\n        <\/div>\n        <\/div>\n<!--\/themify_builder_content-->","protected":false},"excerpt":{"rendered":"","protected":false},"author":1,"featured_media":0,"parent":0,"menu_order":0,"comment_status":"closed","ping_status":"open","template":"","meta":{"inline_featured_image":false,"footnotes":""},"class_list":["post-2","page","type-page","status-publish","hentry","has-post-title","has-post-date","has-post-category","has-post-tag","has-post-comment","has-post-author",""],"yoast_head":"<!-- This site is optimized with the Yoast SEO plugin v27.4 - https:\/\/yoast.com\/product\/yoast-seo-wordpress\/ -->\n<title>\u00dcber uns - Shoms.ch<\/title>\n<meta name=\"robots\" content=\"index, follow, max-snippet:-1, max-image-preview:large, max-video-preview:-1\" \/>\n<link rel=\"canonical\" href=\"https:\/\/shoms.ch\/de\/uber-uns\/\" \/>\n<meta property=\"og:locale\" content=\"de_DE\" \/>\n<meta property=\"og:type\" content=\"article\" \/>\n<meta property=\"og:title\" content=\"\u00dcber uns - Shoms.ch\" \/>\n<meta property=\"og:url\" content=\"https:\/\/shoms.ch\/de\/uber-uns\/\" \/>\n<meta property=\"og:site_name\" content=\"Shoms.ch\" \/>\n<meta property=\"article:modified_time\" content=\"2026-01-25T19:05:26+00:00\" \/>\n<meta name=\"twitter:card\" content=\"summary_large_image\" \/>\n<meta name=\"twitter:label1\" content=\"Gesch\u00e4tzte Lesezeit\" \/>\n\t<meta name=\"twitter:data1\" content=\"3\u00a0Minuten\" \/>\n<script type=\"application\/ld+json\" class=\"yoast-schema-graph\">{\"@context\":\"https:\\\/\\\/schema.org\",\"@graph\":[{\"@type\":\"WebPage\",\"@id\":\"https:\\\/\\\/shoms.ch\\\/de\\\/uber-uns\\\/\",\"url\":\"https:\\\/\\\/shoms.ch\\\/de\\\/uber-uns\\\/\",\"name\":\"\u00dcber uns - Shoms.ch\",\"isPartOf\":{\"@id\":\"https:\\\/\\\/shoms.ch\\\/it\\\/#website\"},\"datePublished\":\"2021-05-18T21:15:46+00:00\",\"dateModified\":\"2026-01-25T19:05:26+00:00\",\"breadcrumb\":{\"@id\":\"https:\\\/\\\/shoms.ch\\\/de\\\/uber-uns\\\/#breadcrumb\"},\"inLanguage\":\"de\",\"potentialAction\":[{\"@type\":\"ReadAction\",\"target\":[\"https:\\\/\\\/shoms.ch\\\/de\\\/uber-uns\\\/\"]}]},{\"@type\":\"BreadcrumbList\",\"@id\":\"https:\\\/\\\/shoms.ch\\\/de\\\/uber-uns\\\/#breadcrumb\",\"itemListElement\":[{\"@type\":\"ListItem\",\"position\":1,\"name\":\"Startseite\",\"item\":\"https:\\\/\\\/shoms.ch\\\/de\\\/\"},{\"@type\":\"ListItem\",\"position\":2,\"name\":\"\u00dcber uns\"}]},{\"@type\":\"WebSite\",\"@id\":\"https:\\\/\\\/shoms.ch\\\/it\\\/#website\",\"url\":\"https:\\\/\\\/shoms.ch\\\/it\\\/\",\"name\":\"Shoms.ch\",\"description\":\"MALTESER HOSPITALDIENST SCHWEIZ (MHDS)\",\"potentialAction\":[{\"@type\":\"SearchAction\",\"target\":{\"@type\":\"EntryPoint\",\"urlTemplate\":\"https:\\\/\\\/shoms.ch\\\/it\\\/?s={search_term_string}\"},\"query-input\":{\"@type\":\"PropertyValueSpecification\",\"valueRequired\":true,\"valueName\":\"search_term_string\"}}],\"inLanguage\":\"de\"}]}<\/script>\n<!-- \/ Yoast SEO plugin. -->","yoast_head_json":{"title":"\u00dcber uns - Shoms.ch","robots":{"index":"index","follow":"follow","max-snippet":"max-snippet:-1","max-image-preview":"max-image-preview:large","max-video-preview":"max-video-preview:-1"},"canonical":"https:\/\/shoms.ch\/de\/uber-uns\/","og_locale":"de_DE","og_type":"article","og_title":"\u00dcber uns - Shoms.ch","og_url":"https:\/\/shoms.ch\/de\/uber-uns\/","og_site_name":"Shoms.ch","article_modified_time":"2026-01-25T19:05:26+00:00","twitter_card":"summary_large_image","twitter_misc":{"Gesch\u00e4tzte Lesezeit":"3\u00a0Minuten"},"schema":{"@context":"https:\/\/schema.org","@graph":[{"@type":"WebPage","@id":"https:\/\/shoms.ch\/de\/uber-uns\/","url":"https:\/\/shoms.ch\/de\/uber-uns\/","name":"\u00dcber uns - Shoms.ch","isPartOf":{"@id":"https:\/\/shoms.ch\/it\/#website"},"datePublished":"2021-05-18T21:15:46+00:00","dateModified":"2026-01-25T19:05:26+00:00","breadcrumb":{"@id":"https:\/\/shoms.ch\/de\/uber-uns\/#breadcrumb"},"inLanguage":"de","potentialAction":[{"@type":"ReadAction","target":["https:\/\/shoms.ch\/de\/uber-uns\/"]}]},{"@type":"BreadcrumbList","@id":"https:\/\/shoms.ch\/de\/uber-uns\/#breadcrumb","itemListElement":[{"@type":"ListItem","position":1,"name":"Startseite","item":"https:\/\/shoms.ch\/de\/"},{"@type":"ListItem","position":2,"name":"\u00dcber uns"}]},{"@type":"WebSite","@id":"https:\/\/shoms.ch\/it\/#website","url":"https:\/\/shoms.ch\/it\/","name":"Shoms.ch","description":"MALTESER HOSPITALDIENST SCHWEIZ (MHDS)","potentialAction":[{"@type":"SearchAction","target":{"@type":"EntryPoint","urlTemplate":"https:\/\/shoms.ch\/it\/?s={search_term_string}"},"query-input":{"@type":"PropertyValueSpecification","valueRequired":true,"valueName":"search_term_string"}}],"inLanguage":"de"}]}},"builder_content":"\n<p style=\"text-align: center\">DER GLAUBE BEWEGT<br \/> \"Tuitio Fidei \" und \"Obsequium Pauperum\"<br \/> Im Dienste des Glaubens und des Hilfsbed\u00fcrftigen<\/p>\n\n<article id=\"node-22\">\n<p>Der Hospitaldienst des Schweizerischen Malteserordens (MHDS) wurde 1975 gegr\u00fcndet und ist ein Werk der Schweizerischen Assoziation des Malteserordens (AHOM), die ihrerseits Teil des Souver\u00e4nen und Milit\u00e4rischen Ordens des Hl. Johannes von Jerusalem, Rhodos und Malta ist, der 1113 im Heiligen Land gegr\u00fcndet wurde und heute seinen Sitz in Rom hat. Schon fr\u00fch entstand eine Zusammenarbeit mit dem protestantischen Johanniterorden, die sich im Laufe der Jahre weiterentwickelt und intensiviert hat.<\/p> <p>Durch unsere Aktionen helfen wir den Schw\u00e4chsten, Armen und Kranken, haupts\u00e4chlich in der Schweiz und manchmal auch im Ausland. Wir z\u00e4hlen auf das Engagement von 650 Freiwilligen, die in 15 Sektionen organisiert sind, die \u00fcber die ganze Schweiz verteilt sind und von Sektionsleitern unter der Autorit\u00e4t eines Kommandanten geleitet werden, der von einem B\u00fcro und einem Rat unterst\u00fctzt wird. Im Geiste des Ordens wollen die Mitglieder des SHOMS das Motto \u201eObsequium pauperum\u201c mit Leben erf\u00fcllen, d.h. als Freiwillige ihren Mitmenschen dienen, Kranke und Behinderte begleiten und Bed\u00fcrftige unterst\u00fctzen, ohne R\u00fccksicht auf Herkunft oder Konfession.<\/p> <p>Der Hospitaldienst steht allen Freiwilligen mit christlicher Spiritualit\u00e4t offen, die ihre Zeit und ihr Herz der Unterst\u00fctzung der Schw\u00e4chsten und Bed\u00fcrftigsten widmen m\u00f6chten, und zwar durch die verschiedenen Aktivit\u00e4ten, die von den einzelnen Abteilungen unter der Leitung und Kontrolle der Entscheidungsgremien der Vereinigung organisiert werden.<\/p> <p>Beispielsweise begleiten wir Behinderte auf Pilgerreisen, besuchen \u00e4ltere Menschen allein oder in Heimen und Kranke in Krankenh\u00e4usern, helfen Obdachlosen und Menschen in prek\u00e4ren Verh\u00e4ltnissen.<\/p> <p>Unsere Werte sind die der Bergpredigt (Matth\u00e4us 5,1-7 SG21) und der acht Seligpreisungen, die durch die acht Spitzen des Malteserkreuzes, das wir auf unserer Uniform tragen, verk\u00f6rpert werden.<\/p>\n<\/article>\n<a href=\"https:\/\/shoms.ch\/wp-content\/uploads\/sites\/11\/2026\/01\/21-10-01_STATUTEN-des-Malteser-Hospitaldienstes-Schweiz.pdf\" target=\"_blank\" rel=\"noopener\"> Statuten des Malteser Hospitaldienstes Schweiz <\/a>\n\n\n<p style=\"text-align: center\">WEITERE WERKE DES MALTESERORDENS<\/p>\n","_links":{"self":[{"href":"https:\/\/shoms.ch\/de\/wp-json\/wp\/v2\/pages\/2","targetHints":{"allow":["GET"]}}],"collection":[{"href":"https:\/\/shoms.ch\/de\/wp-json\/wp\/v2\/pages"}],"about":[{"href":"https:\/\/shoms.ch\/de\/wp-json\/wp\/v2\/types\/page"}],"author":[{"embeddable":true,"href":"https:\/\/shoms.ch\/de\/wp-json\/wp\/v2\/users\/1"}],"replies":[{"embeddable":true,"href":"https:\/\/shoms.ch\/de\/wp-json\/wp\/v2\/comments?post=2"}],"version-history":[{"count":72,"href":"https:\/\/shoms.ch\/de\/wp-json\/wp\/v2\/pages\/2\/revisions"}],"predecessor-version":[{"id":4786,"href":"https:\/\/shoms.ch\/de\/wp-json\/wp\/v2\/pages\/2\/revisions\/4786"}],"wp:attachment":[{"href":"https:\/\/shoms.ch\/de\/wp-json\/wp\/v2\/media?parent=2"}],"curies":[{"name":"wp","href":"https:\/\/api.w.org\/{rel}","templated":true}]}}