{"id":22,"date":"2021-06-22T10:50:30","date_gmt":"2021-06-22T10:50:30","guid":{"rendered":"https:\/\/sites.ordredemaltesuisse.org\/shoms\/?page_id=22"},"modified":"2021-06-22T10:53:50","modified_gmt":"2021-06-22T10:53:50","slug":"geschichte-des-mhds","status":"publish","type":"page","link":"https:\/\/shoms.ch\/de\/geschichte-des-mhds\/","title":{"rendered":"Geschichte des MHDS"},"content":{"rendered":"<!--themify_builder_content-->\n<div id=\"themify_builder_content-22\" data-postid=\"22\" class=\"themify_builder_content themify_builder_content-22 themify_builder tf_clear\">\n                    <div  data-lazy=\"1\" class=\"module_row themify_builder_row tb_3c7i100 tb_first tf_w\">\n                        <div class=\"row_inner col_align_top tb_col_count_3 tf_box tf_rel\">\n                        <div  data-lazy=\"1\" class=\"module_column tb-column col3-1 tb_2bqi101 first\">\n                            <div  data-lazy=\"1\" class=\"module_subrow themify_builder_sub_row tf_w col_align_top tb_col_count_1 tb_gve8531\">\n                <div  data-lazy=\"1\" class=\"module_column sub_column col-full tb_gz7z533 first\">\n                    <!-- module image -->\n<div  class=\"module module-image tb_rbe8402 image-top   tf_mw\" data-lazy=\"1\">\n        <div class=\"image-wrap tf_rel tf_mw\">\n            <img loading=\"lazy\" decoding=\"async\" src=\"https:\/\/sites.ordredemaltesuisse.org\/shoms\/wp-content\/uploads\/sites\/11\/2021\/06\/1975-Lourdes-Aufnahme-von-Mitgliedern-in-MHDS_0.jpg\" width=\"781\" height=\"511\" title=\"Geschichte des MHDS\" alt=\"Geschichte des MHDS\">    \n        <\/div>\n    <!-- \/image-wrap -->\n    \n        <\/div>\n<!-- \/module image -->        <\/div>\n                    <\/div>\n                <\/div>\n                    <div  data-lazy=\"1\" class=\"module_column tb-column col3-1 tb_0vz5101\">\n                            <div  data-lazy=\"1\" class=\"module_subrow themify_builder_sub_row tf_w col_align_top tb_col_count_1 tb_wio9541\">\n                <div  data-lazy=\"1\" class=\"module_column sub_column col-full tb_vpnh544 first\">\n                    <!-- module image -->\n<div  class=\"module module-image tb_ph8s281 image-top   tf_mw\" data-lazy=\"1\">\n        <div class=\"image-wrap tf_rel tf_mw\">\n            <img loading=\"lazy\" decoding=\"async\" src=\"https:\/\/sites.ordredemaltesuisse.org\/shoms\/wp-content\/uploads\/sites\/11\/2021\/06\/Capture_0.jpg\" width=\"843\" height=\"540\" title=\"Geschichte des MHDS\" alt=\"Geschichte des MHDS\">    \n        <\/div>\n    <!-- \/image-wrap -->\n    \n        <\/div>\n<!-- \/module image -->        <\/div>\n                    <\/div>\n                <\/div>\n                    <div  data-lazy=\"1\" class=\"module_column tb-column col3-1 tb_7tl6101 last\">\n                            <div  data-lazy=\"1\" class=\"module_subrow themify_builder_sub_row tf_w col_align_top tb_col_count_1 tb_a3ck305\">\n                <div  data-lazy=\"1\" class=\"module_column sub_column col-full tb_pui9307 first\">\n                    <!-- module image -->\n<div  class=\"module module-image tb_9e2y727 image-top   tf_mw\" data-lazy=\"1\">\n        <div class=\"image-wrap tf_rel tf_mw\">\n            <img loading=\"lazy\" decoding=\"async\" src=\"https:\/\/sites.ordredemaltesuisse.org\/shoms\/wp-content\/uploads\/sites\/11\/2021\/06\/lourdesa.jpg\" width=\"800\" height=\"507\" title=\"Geschichte des MHDS\" alt=\"Geschichte des MHDS\">    \n        <\/div>\n    <!-- \/image-wrap -->\n    \n        <\/div>\n<!-- \/module image -->        <\/div>\n                    <\/div>\n                <\/div>\n                        <\/div>\n        <\/div>\n        <\/div>\n<!--\/themify_builder_content-->\n\n\n<p>1974 wird der MHDS von einem knappen Dutzend\u00a0 engagierter Menschen \u2013 alle dem Malteser oder Johanniter Orden nahe stehend &#8211; ins Leben gerufen. Der Hospitaldienst ist eine dem Malteser Orden angegliederte Vereinigung. In seiner F\u00fchrung ist er autonom; er wird von einem\u00a0 Vorstand und einem Rat geleitet. Seine Mitglieder sind Christen.<\/p>\n\n\n\n<p>Im Sinn und Geiste des Ordens wollen sie der Mission &#8220;Obsequium pauperum&#8221; nachleben, d.h. als Christen in ihrem Umfeld ehrenamtlich Benachteiligte, Kranke und Behinderte &#8211; unabh\u00e4ngig von deren Herkunft und Glauben- begleiten und unterst\u00fctzen.<\/p>\n\n\n\n<p>Heute z\u00e4hlt der MHDS 14 Sektionen mit \u00fcber 650 aktiven Mitgliedern im Alter von 12 bis \u00fcber 80 Jahren und zahlreichen weiteren Helfern.<\/p>\n\n\n\n<p>Gegen 350 Sympathisanten unterst\u00fctzen unsere Arbeit mit einem regelm\u00e4ssigen finanziellen Beitrag.<\/p>","protected":false},"excerpt":{"rendered":"<p>1974 wird der MHDS von einem knappen Dutzend\u00a0 engagierter Menschen \u2013 alle dem Malteser oder Johanniter Orden nahe stehend &#8211; ins Leben gerufen. Der Hospitaldienst ist eine dem Malteser Orden angegliederte Vereinigung. In seiner F\u00fchrung ist er autonom; er wird von einem\u00a0 Vorstand und einem Rat geleitet. Seine Mitglieder sind Christen. Im Sinn und Geiste [&hellip;]<\/p>\n","protected":false},"author":16,"featured_media":0,"parent":0,"menu_order":0,"comment_status":"closed","ping_status":"closed","template":"","meta":{"inline_featured_image":false,"footnotes":""},"class_list":["post-22","page","type-page","status-publish","hentry","has-post-title","has-post-date","has-post-category","has-post-tag","has-post-comment","has-post-author",""],"yoast_head":"<!-- This site is optimized with the Yoast SEO plugin v27.4 - https:\/\/yoast.com\/product\/yoast-seo-wordpress\/ -->\n<title>Geschichte des MHDS - Shoms.ch<\/title>\n<meta name=\"robots\" content=\"index, follow, max-snippet:-1, max-image-preview:large, max-video-preview:-1\" \/>\n<link rel=\"canonical\" href=\"https:\/\/shoms.ch\/de\/geschichte-des-mhds\/\" \/>\n<meta property=\"og:locale\" content=\"de_DE\" \/>\n<meta property=\"og:type\" content=\"article\" \/>\n<meta property=\"og:title\" content=\"Geschichte des MHDS - Shoms.ch\" \/>\n<meta property=\"og:description\" content=\"1974 wird der MHDS von einem knappen Dutzend\u00a0 engagierter Menschen \u2013 alle dem Malteser oder Johanniter Orden nahe stehend &#8211; ins Leben gerufen. Der Hospitaldienst ist eine dem Malteser Orden angegliederte Vereinigung. In seiner F\u00fchrung ist er autonom; er wird von einem\u00a0 Vorstand und einem Rat geleitet. Seine Mitglieder sind Christen. Im Sinn und Geiste [&hellip;]\" \/>\n<meta property=\"og:url\" content=\"https:\/\/shoms.ch\/de\/geschichte-des-mhds\/\" \/>\n<meta property=\"og:site_name\" content=\"Shoms.ch\" \/>\n<meta property=\"article:modified_time\" content=\"2021-06-22T10:53:50+00:00\" \/>\n<meta property=\"og:image\" content=\"https:\/\/shoms.ch\/wp-content\/uploads\/sites\/11\/2021\/06\/1975-Lourdes-Aufnahme-von-Mitgliedern-in-MHDS_0.jpg\" \/>\n<meta name=\"twitter:card\" content=\"summary_large_image\" \/>\n<meta name=\"twitter:label1\" content=\"Gesch\u00e4tzte Lesezeit\" \/>\n\t<meta name=\"twitter:data1\" content=\"1\u00a0Minute\" \/>\n<script type=\"application\/ld+json\" class=\"yoast-schema-graph\">{\"@context\":\"https:\\\/\\\/schema.org\",\"@graph\":[{\"@type\":\"WebPage\",\"@id\":\"https:\\\/\\\/shoms.ch\\\/de\\\/geschichte-des-mhds\\\/\",\"url\":\"https:\\\/\\\/shoms.ch\\\/de\\\/geschichte-des-mhds\\\/\",\"name\":\"Geschichte des MHDS - Shoms.ch\",\"isPartOf\":{\"@id\":\"https:\\\/\\\/shoms.ch\\\/it\\\/#website\"},\"primaryImageOfPage\":{\"@id\":\"https:\\\/\\\/shoms.ch\\\/de\\\/geschichte-des-mhds\\\/#primaryimage\"},\"image\":{\"@id\":\"https:\\\/\\\/shoms.ch\\\/de\\\/geschichte-des-mhds\\\/#primaryimage\"},\"thumbnailUrl\":\"https:\\\/\\\/shoms.ch\\\/wp-content\\\/uploads\\\/sites\\\/11\\\/2021\\\/06\\\/1975-Lourdes-Aufnahme-von-Mitgliedern-in-MHDS_0.jpg\",\"datePublished\":\"2021-06-22T10:50:30+00:00\",\"dateModified\":\"2021-06-22T10:53:50+00:00\",\"breadcrumb\":{\"@id\":\"https:\\\/\\\/shoms.ch\\\/de\\\/geschichte-des-mhds\\\/#breadcrumb\"},\"inLanguage\":\"de\",\"potentialAction\":[{\"@type\":\"ReadAction\",\"target\":[\"https:\\\/\\\/shoms.ch\\\/de\\\/geschichte-des-mhds\\\/\"]}]},{\"@type\":\"ImageObject\",\"inLanguage\":\"de\",\"@id\":\"https:\\\/\\\/shoms.ch\\\/de\\\/geschichte-des-mhds\\\/#primaryimage\",\"url\":\"https:\\\/\\\/shoms.ch\\\/wp-content\\\/uploads\\\/sites\\\/11\\\/2021\\\/06\\\/1975-Lourdes-Aufnahme-von-Mitgliedern-in-MHDS_0.jpg\",\"contentUrl\":\"https:\\\/\\\/shoms.ch\\\/wp-content\\\/uploads\\\/sites\\\/11\\\/2021\\\/06\\\/1975-Lourdes-Aufnahme-von-Mitgliedern-in-MHDS_0.jpg\"},{\"@type\":\"BreadcrumbList\",\"@id\":\"https:\\\/\\\/shoms.ch\\\/de\\\/geschichte-des-mhds\\\/#breadcrumb\",\"itemListElement\":[{\"@type\":\"ListItem\",\"position\":1,\"name\":\"Startseite\",\"item\":\"https:\\\/\\\/shoms.ch\\\/de\\\/\"},{\"@type\":\"ListItem\",\"position\":2,\"name\":\"Geschichte des MHDS\"}]},{\"@type\":\"WebSite\",\"@id\":\"https:\\\/\\\/shoms.ch\\\/it\\\/#website\",\"url\":\"https:\\\/\\\/shoms.ch\\\/it\\\/\",\"name\":\"Shoms.ch\",\"description\":\"MALTESER HOSPITALDIENST SCHWEIZ (MHDS)\",\"potentialAction\":[{\"@type\":\"SearchAction\",\"target\":{\"@type\":\"EntryPoint\",\"urlTemplate\":\"https:\\\/\\\/shoms.ch\\\/it\\\/?s={search_term_string}\"},\"query-input\":{\"@type\":\"PropertyValueSpecification\",\"valueRequired\":true,\"valueName\":\"search_term_string\"}}],\"inLanguage\":\"de\"}]}<\/script>\n<!-- \/ Yoast SEO plugin. -->","yoast_head_json":{"title":"Geschichte des MHDS - Shoms.ch","robots":{"index":"index","follow":"follow","max-snippet":"max-snippet:-1","max-image-preview":"max-image-preview:large","max-video-preview":"max-video-preview:-1"},"canonical":"https:\/\/shoms.ch\/de\/geschichte-des-mhds\/","og_locale":"de_DE","og_type":"article","og_title":"Geschichte des MHDS - Shoms.ch","og_description":"1974 wird der MHDS von einem knappen Dutzend\u00a0 engagierter Menschen \u2013 alle dem Malteser oder Johanniter Orden nahe stehend &#8211; ins Leben gerufen. Der Hospitaldienst ist eine dem Malteser Orden angegliederte Vereinigung. In seiner F\u00fchrung ist er autonom; er wird von einem\u00a0 Vorstand und einem Rat geleitet. Seine Mitglieder sind Christen. Im Sinn und Geiste [&hellip;]","og_url":"https:\/\/shoms.ch\/de\/geschichte-des-mhds\/","og_site_name":"Shoms.ch","article_modified_time":"2021-06-22T10:53:50+00:00","og_image":[{"url":"https:\/\/shoms.ch\/wp-content\/uploads\/sites\/11\/2021\/06\/1975-Lourdes-Aufnahme-von-Mitgliedern-in-MHDS_0.jpg","type":"","width":"","height":""}],"twitter_card":"summary_large_image","twitter_misc":{"Gesch\u00e4tzte Lesezeit":"1\u00a0Minute"},"schema":{"@context":"https:\/\/schema.org","@graph":[{"@type":"WebPage","@id":"https:\/\/shoms.ch\/de\/geschichte-des-mhds\/","url":"https:\/\/shoms.ch\/de\/geschichte-des-mhds\/","name":"Geschichte des MHDS - Shoms.ch","isPartOf":{"@id":"https:\/\/shoms.ch\/it\/#website"},"primaryImageOfPage":{"@id":"https:\/\/shoms.ch\/de\/geschichte-des-mhds\/#primaryimage"},"image":{"@id":"https:\/\/shoms.ch\/de\/geschichte-des-mhds\/#primaryimage"},"thumbnailUrl":"https:\/\/shoms.ch\/wp-content\/uploads\/sites\/11\/2021\/06\/1975-Lourdes-Aufnahme-von-Mitgliedern-in-MHDS_0.jpg","datePublished":"2021-06-22T10:50:30+00:00","dateModified":"2021-06-22T10:53:50+00:00","breadcrumb":{"@id":"https:\/\/shoms.ch\/de\/geschichte-des-mhds\/#breadcrumb"},"inLanguage":"de","potentialAction":[{"@type":"ReadAction","target":["https:\/\/shoms.ch\/de\/geschichte-des-mhds\/"]}]},{"@type":"ImageObject","inLanguage":"de","@id":"https:\/\/shoms.ch\/de\/geschichte-des-mhds\/#primaryimage","url":"https:\/\/shoms.ch\/wp-content\/uploads\/sites\/11\/2021\/06\/1975-Lourdes-Aufnahme-von-Mitgliedern-in-MHDS_0.jpg","contentUrl":"https:\/\/shoms.ch\/wp-content\/uploads\/sites\/11\/2021\/06\/1975-Lourdes-Aufnahme-von-Mitgliedern-in-MHDS_0.jpg"},{"@type":"BreadcrumbList","@id":"https:\/\/shoms.ch\/de\/geschichte-des-mhds\/#breadcrumb","itemListElement":[{"@type":"ListItem","position":1,"name":"Startseite","item":"https:\/\/shoms.ch\/de\/"},{"@type":"ListItem","position":2,"name":"Geschichte des MHDS"}]},{"@type":"WebSite","@id":"https:\/\/shoms.ch\/it\/#website","url":"https:\/\/shoms.ch\/it\/","name":"Shoms.ch","description":"MALTESER HOSPITALDIENST SCHWEIZ (MHDS)","potentialAction":[{"@type":"SearchAction","target":{"@type":"EntryPoint","urlTemplate":"https:\/\/shoms.ch\/it\/?s={search_term_string}"},"query-input":{"@type":"PropertyValueSpecification","valueRequired":true,"valueName":"search_term_string"}}],"inLanguage":"de"}]}},"builder_content":"<img src=\"https:\/\/sites.ordredemaltesuisse.org\/shoms\/wp-content\/uploads\/sites\/11\/2021\/06\/1975-Lourdes-Aufnahme-von-Mitgliedern-in-MHDS_0.jpg\" width=\"781\" height=\"511\" title=\"Geschichte des MHDS\" alt=\"Geschichte des MHDS\">\n<img src=\"https:\/\/sites.ordredemaltesuisse.org\/shoms\/wp-content\/uploads\/sites\/11\/2021\/06\/Capture_0.jpg\" width=\"843\" height=\"540\" title=\"Geschichte des MHDS\" alt=\"Geschichte des MHDS\">\n<img src=\"https:\/\/sites.ordredemaltesuisse.org\/shoms\/wp-content\/uploads\/sites\/11\/2021\/06\/lourdesa.jpg\" width=\"800\" height=\"507\" title=\"Geschichte des MHDS\" alt=\"Geschichte des MHDS\">","_links":{"self":[{"href":"https:\/\/shoms.ch\/de\/wp-json\/wp\/v2\/pages\/22","targetHints":{"allow":["GET"]}}],"collection":[{"href":"https:\/\/shoms.ch\/de\/wp-json\/wp\/v2\/pages"}],"about":[{"href":"https:\/\/shoms.ch\/de\/wp-json\/wp\/v2\/types\/page"}],"author":[{"embeddable":true,"href":"https:\/\/shoms.ch\/de\/wp-json\/wp\/v2\/users\/16"}],"replies":[{"embeddable":true,"href":"https:\/\/shoms.ch\/de\/wp-json\/wp\/v2\/comments?post=22"}],"version-history":[{"count":5,"href":"https:\/\/shoms.ch\/de\/wp-json\/wp\/v2\/pages\/22\/revisions"}],"predecessor-version":[{"id":30,"href":"https:\/\/shoms.ch\/de\/wp-json\/wp\/v2\/pages\/22\/revisions\/30"}],"wp:attachment":[{"href":"https:\/\/shoms.ch\/de\/wp-json\/wp\/v2\/media?parent=22"}],"curies":[{"name":"wp","href":"https:\/\/api.w.org\/{rel}","templated":true}]}}