{"id":2760,"date":"2022-03-13T21:46:36","date_gmt":"2022-03-13T20:46:36","guid":{"rendered":"https:\/\/shoms.ch\/aktivitaeten\/maltacamp\/"},"modified":"2024-08-19T15:26:55","modified_gmt":"2024-08-19T13:26:55","slug":"maltacamp","status":"publish","type":"page","link":"https:\/\/shoms.ch\/de\/aktivitaeten\/maltacamp\/","title":{"rendered":"Maltacamp"},"content":{"rendered":"<!--themify_builder_content-->\n<div id=\"themify_builder_content-2760\" data-postid=\"2760\" class=\"themify_builder_content themify_builder_content-2760 themify_builder tf_clear\">\n                    <div  data-lazy=\"1\" class=\"module_row themify_builder_row tb_65td859 tb_first tf_w\">\n                        <div class=\"row_inner col_align_top tb_col_count_1 tf_box tf_rel\">\n                        <div  data-lazy=\"1\" class=\"module_column tb-column col-full tb_117v860 first\">\n                    <!-- module image -->\n<div  class=\"module module-image tb_7ola200 image-top   tf_mw\" data-lazy=\"1\">\n        <div class=\"image-wrap tf_rel tf_mw\">\n            <img loading=\"lazy\" decoding=\"async\" src=\"https:\/\/sites.ordredemaltesuisse.org\/shoms\/wp-content\/uploads\/sites\/11\/2022\/03\/team.jpg\" width=\"1440\" height=\"794\" title=\"Maltacamp\" alt=\"Maltacamp\">    \n        <\/div>\n    <!-- \/image-wrap -->\n    \n        <\/div>\n<!-- \/module image --><!-- module text -->\n<div  class=\"module module-text tb_osi9110   \" data-lazy=\"1\">\n        <div  class=\"tb_text_wrap\">\n        <div class=\"body field\">\n<div class=\"body field\">\n<div class=\"body field\">\n<p>Das Sommerlager der jungen Malteser findet jedes Jahr statt. Es ist eine einzigartige Gelegenheit neue Freundschaften zu schliessen und unvergessliche Augenblicke zu erleben. W\u00e4hrend einer Woche darfst du unsere G\u00e4ste bei einzigartigen Aktivit\u00e4ten, Momente der Einkehr, festliche Mahlzeiten und verr\u00fcckten Discos begleiten. Das Malteser Jugendsommerlager ist eine unvergesslicher Erfahrung, voller Freude, Lachkr\u00e4mpfe und spirituellem Austausch.<\/p>\n<p><strong>Das Lager 2024 fand in der Schweiz statt.<\/strong><\/p>\n<p>Seiten:<\/p>\n<p><a href=\"http:\/\/www.maltacamp2024.ch\">https:\/\/www.maltacamp2024.ch<\/a><\/p>\n<p><a href=\"https:\/\/www.facebook.com\/Maltacamp\/\" target=\"_blank\" rel=\"noopener\">https:\/\/www.facebook.com\/Maltacamp\/<\/a><\/p>\n<p class=\"rtejustify\">Kontakt:<\/p>\n<p><a href=\"mailto:campleader@maltacamp2024.ch\"> Jonathan Poirier<\/a> (Verantwortlicher des 2024 Maltacamps in der Schweiz) <a href=\"tel:+4179 419 15 53\">+4179 419 15 53 <\/a><\/p>\n<p class=\"rtejustify\"><a href=\"http:\/\/maltacamp@shoms.ch\">Vincent de Buys Roessingh<\/a> (Verantwortliche der Schweizer Delegation) <a href=\"tel:+41 79 513 99 16\">+41 79 513 99 16<\/a><\/p>\n<p class=\"rtejustify\">\u00a0<\/p>\n<\/div>\n<\/div>\n<\/div>    <\/div>\n<\/div>\n<!-- \/module text -->        <div  data-lazy=\"1\" class=\"module_subrow themify_builder_sub_row tf_w col_align_top tb_col_count_3 tb_m51x542\">\n                <div  data-lazy=\"1\" class=\"module_column sub_column col3-1 tb_kfcp544 first\">\n                    <!-- module image -->\n<div  class=\"module module-image tb_6ys3844 image-top   tf_mw\" data-lazy=\"1\">\n        <div class=\"image-wrap tf_rel tf_mw\">\n            <img loading=\"lazy\" decoding=\"async\" src=\"https:\/\/sites.ordredemaltesuisse.org\/shoms\/wp-content\/uploads\/sites\/11\/2022\/03\/police.jpg\" width=\"466\" height=\"350\" title=\"Maltacamp\" alt=\"Maltacamp\">    \n        <\/div>\n    <!-- \/image-wrap -->\n    \n        <\/div>\n<!-- \/module image -->        <\/div>\n                    <div  data-lazy=\"1\" class=\"module_column sub_column col3-1 tb_czi6545\">\n                    <!-- module image -->\n<div  class=\"module module-image tb_razd405 image-top   tf_mw\" data-lazy=\"1\">\n        <div class=\"image-wrap tf_rel tf_mw\">\n            <img loading=\"lazy\" decoding=\"async\" src=\"https:\/\/sites.ordredemaltesuisse.org\/shoms\/wp-content\/uploads\/sites\/11\/2022\/03\/2xx.jpg\" width=\"466\" height=\"350\" title=\"Maltacamp\" alt=\"Maltacamp\">    \n        <\/div>\n    <!-- \/image-wrap -->\n    \n        <\/div>\n<!-- \/module image -->        <\/div>\n                    <div  data-lazy=\"1\" class=\"module_column sub_column col3-1 tb_2kso545 last\">\n                    <!-- module image -->\n<div  class=\"module module-image tb_ec7k488 image-top   tf_mw\" data-lazy=\"1\">\n        <div class=\"image-wrap tf_rel tf_mw\">\n            <img loading=\"lazy\" decoding=\"async\" src=\"https:\/\/sites.ordredemaltesuisse.org\/shoms\/wp-content\/uploads\/sites\/11\/2022\/03\/stage.jpg\" width=\"466\" height=\"350\" title=\"Maltacamp\" alt=\"Maltacamp\">    \n        <\/div>\n    <!-- \/image-wrap -->\n    \n        <\/div>\n<!-- \/module image -->        <\/div>\n                    <\/div>\n                <\/div>\n                        <\/div>\n        <\/div>\n        <\/div>\n<!--\/themify_builder_content-->","protected":false},"excerpt":{"rendered":"<p>Das Sommerlager der jungen Malteser findet jedes Jahr statt. Es ist eine einzigartige Gelegenheit neue Freundschaften zu schliessen und unvergessliche Augenblicke zu erleben. W\u00e4hrend einer Woche darfst du unsere G\u00e4ste bei einzigartigen Aktivit\u00e4ten, Momente der Einkehr, festliche Mahlzeiten und verr\u00fcckten Discos begleiten. Das Malteser Jugendsommerlager ist eine unvergesslicher Erfahrung, voller Freude, Lachkr\u00e4mpfe und spirituellem Austausch. [&hellip;]<\/p>\n","protected":false},"author":1,"featured_media":0,"parent":34,"menu_order":0,"comment_status":"closed","ping_status":"closed","template":"","meta":{"inline_featured_image":false,"footnotes":""},"class_list":["post-2760","page","type-page","status-publish","hentry","has-post-title","has-post-date","has-post-category","has-post-tag","has-post-comment","has-post-author",""],"yoast_head":"<!-- This site is optimized with the Yoast SEO plugin v27.5 - https:\/\/yoast.com\/product\/yoast-seo-wordpress\/ -->\n<title>Maltacamp - Shoms.ch<\/title>\n<meta name=\"robots\" content=\"index, follow, max-snippet:-1, max-image-preview:large, max-video-preview:-1\" \/>\n<link rel=\"canonical\" href=\"https:\/\/shoms.ch\/de\/aktivitaeten\/maltacamp\/\" \/>\n<meta property=\"og:locale\" content=\"de_DE\" \/>\n<meta property=\"og:type\" content=\"article\" \/>\n<meta property=\"og:title\" content=\"Maltacamp - Shoms.ch\" \/>\n<meta property=\"og:description\" content=\"Das Sommerlager der jungen Malteser findet jedes Jahr statt. Es ist eine einzigartige Gelegenheit neue Freundschaften zu schliessen und unvergessliche Augenblicke zu erleben. W\u00e4hrend einer Woche darfst du unsere G\u00e4ste bei einzigartigen Aktivit\u00e4ten, Momente der Einkehr, festliche Mahlzeiten und verr\u00fcckten Discos begleiten. Das Malteser Jugendsommerlager ist eine unvergesslicher Erfahrung, voller Freude, Lachkr\u00e4mpfe und spirituellem Austausch. [&hellip;]\" \/>\n<meta property=\"og:url\" content=\"https:\/\/shoms.ch\/de\/aktivitaeten\/maltacamp\/\" \/>\n<meta property=\"og:site_name\" content=\"Shoms.ch\" \/>\n<meta property=\"article:modified_time\" content=\"2024-08-19T13:26:55+00:00\" \/>\n<meta property=\"og:image\" content=\"https:\/\/shoms.ch\/wp-content\/uploads\/sites\/11\/2022\/03\/team.jpg\" \/>\n<meta name=\"twitter:card\" content=\"summary_large_image\" \/>\n<meta name=\"twitter:label1\" content=\"Gesch\u00e4tzte Lesezeit\" \/>\n\t<meta name=\"twitter:data1\" content=\"2\u00a0Minuten\" \/>\n<script type=\"application\/ld+json\" class=\"yoast-schema-graph\">{\"@context\":\"https:\\\/\\\/schema.org\",\"@graph\":[{\"@type\":\"WebPage\",\"@id\":\"https:\\\/\\\/shoms.ch\\\/de\\\/aktivitaeten\\\/maltacamp\\\/\",\"url\":\"https:\\\/\\\/shoms.ch\\\/de\\\/aktivitaeten\\\/maltacamp\\\/\",\"name\":\"Maltacamp - Shoms.ch\",\"isPartOf\":{\"@id\":\"https:\\\/\\\/shoms.ch\\\/it\\\/#website\"},\"primaryImageOfPage\":{\"@id\":\"https:\\\/\\\/shoms.ch\\\/de\\\/aktivitaeten\\\/maltacamp\\\/#primaryimage\"},\"image\":{\"@id\":\"https:\\\/\\\/shoms.ch\\\/de\\\/aktivitaeten\\\/maltacamp\\\/#primaryimage\"},\"thumbnailUrl\":\"https:\\\/\\\/shoms.ch\\\/wp-content\\\/uploads\\\/sites\\\/11\\\/2022\\\/03\\\/team.jpg\",\"datePublished\":\"2022-03-13T20:46:36+00:00\",\"dateModified\":\"2024-08-19T13:26:55+00:00\",\"breadcrumb\":{\"@id\":\"https:\\\/\\\/shoms.ch\\\/de\\\/aktivitaeten\\\/maltacamp\\\/#breadcrumb\"},\"inLanguage\":\"de\",\"potentialAction\":[{\"@type\":\"ReadAction\",\"target\":[\"https:\\\/\\\/shoms.ch\\\/de\\\/aktivitaeten\\\/maltacamp\\\/\"]}]},{\"@type\":\"ImageObject\",\"inLanguage\":\"de\",\"@id\":\"https:\\\/\\\/shoms.ch\\\/de\\\/aktivitaeten\\\/maltacamp\\\/#primaryimage\",\"url\":\"https:\\\/\\\/shoms.ch\\\/wp-content\\\/uploads\\\/sites\\\/11\\\/2022\\\/03\\\/team.jpg\",\"contentUrl\":\"https:\\\/\\\/shoms.ch\\\/wp-content\\\/uploads\\\/sites\\\/11\\\/2022\\\/03\\\/team.jpg\"},{\"@type\":\"BreadcrumbList\",\"@id\":\"https:\\\/\\\/shoms.ch\\\/de\\\/aktivitaeten\\\/maltacamp\\\/#breadcrumb\",\"itemListElement\":[{\"@type\":\"ListItem\",\"position\":1,\"name\":\"Startseite\",\"item\":\"https:\\\/\\\/shoms.ch\\\/de\\\/\"},{\"@type\":\"ListItem\",\"position\":2,\"name\":\"Aktivit\u00e4ten\",\"item\":\"https:\\\/\\\/shoms.ch\\\/de\\\/aktivitaeten\\\/\"},{\"@type\":\"ListItem\",\"position\":3,\"name\":\"Maltacamp\"}]},{\"@type\":\"WebSite\",\"@id\":\"https:\\\/\\\/shoms.ch\\\/it\\\/#website\",\"url\":\"https:\\\/\\\/shoms.ch\\\/it\\\/\",\"name\":\"Shoms.ch\",\"description\":\"MALTESER HOSPITALDIENST SCHWEIZ (MHDS)\",\"potentialAction\":[{\"@type\":\"SearchAction\",\"target\":{\"@type\":\"EntryPoint\",\"urlTemplate\":\"https:\\\/\\\/shoms.ch\\\/it\\\/?s={search_term_string}\"},\"query-input\":{\"@type\":\"PropertyValueSpecification\",\"valueRequired\":true,\"valueName\":\"search_term_string\"}}],\"inLanguage\":\"de\"}]}<\/script>\n<!-- \/ Yoast SEO plugin. -->","yoast_head_json":{"title":"Maltacamp - Shoms.ch","robots":{"index":"index","follow":"follow","max-snippet":"max-snippet:-1","max-image-preview":"max-image-preview:large","max-video-preview":"max-video-preview:-1"},"canonical":"https:\/\/shoms.ch\/de\/aktivitaeten\/maltacamp\/","og_locale":"de_DE","og_type":"article","og_title":"Maltacamp - Shoms.ch","og_description":"Das Sommerlager der jungen Malteser findet jedes Jahr statt. Es ist eine einzigartige Gelegenheit neue Freundschaften zu schliessen und unvergessliche Augenblicke zu erleben. W\u00e4hrend einer Woche darfst du unsere G\u00e4ste bei einzigartigen Aktivit\u00e4ten, Momente der Einkehr, festliche Mahlzeiten und verr\u00fcckten Discos begleiten. Das Malteser Jugendsommerlager ist eine unvergesslicher Erfahrung, voller Freude, Lachkr\u00e4mpfe und spirituellem Austausch. [&hellip;]","og_url":"https:\/\/shoms.ch\/de\/aktivitaeten\/maltacamp\/","og_site_name":"Shoms.ch","article_modified_time":"2024-08-19T13:26:55+00:00","og_image":[{"url":"https:\/\/shoms.ch\/wp-content\/uploads\/sites\/11\/2022\/03\/team.jpg","type":"","width":"","height":""}],"twitter_card":"summary_large_image","twitter_misc":{"Gesch\u00e4tzte Lesezeit":"2\u00a0Minuten"},"schema":{"@context":"https:\/\/schema.org","@graph":[{"@type":"WebPage","@id":"https:\/\/shoms.ch\/de\/aktivitaeten\/maltacamp\/","url":"https:\/\/shoms.ch\/de\/aktivitaeten\/maltacamp\/","name":"Maltacamp - Shoms.ch","isPartOf":{"@id":"https:\/\/shoms.ch\/it\/#website"},"primaryImageOfPage":{"@id":"https:\/\/shoms.ch\/de\/aktivitaeten\/maltacamp\/#primaryimage"},"image":{"@id":"https:\/\/shoms.ch\/de\/aktivitaeten\/maltacamp\/#primaryimage"},"thumbnailUrl":"https:\/\/shoms.ch\/wp-content\/uploads\/sites\/11\/2022\/03\/team.jpg","datePublished":"2022-03-13T20:46:36+00:00","dateModified":"2024-08-19T13:26:55+00:00","breadcrumb":{"@id":"https:\/\/shoms.ch\/de\/aktivitaeten\/maltacamp\/#breadcrumb"},"inLanguage":"de","potentialAction":[{"@type":"ReadAction","target":["https:\/\/shoms.ch\/de\/aktivitaeten\/maltacamp\/"]}]},{"@type":"ImageObject","inLanguage":"de","@id":"https:\/\/shoms.ch\/de\/aktivitaeten\/maltacamp\/#primaryimage","url":"https:\/\/shoms.ch\/wp-content\/uploads\/sites\/11\/2022\/03\/team.jpg","contentUrl":"https:\/\/shoms.ch\/wp-content\/uploads\/sites\/11\/2022\/03\/team.jpg"},{"@type":"BreadcrumbList","@id":"https:\/\/shoms.ch\/de\/aktivitaeten\/maltacamp\/#breadcrumb","itemListElement":[{"@type":"ListItem","position":1,"name":"Startseite","item":"https:\/\/shoms.ch\/de\/"},{"@type":"ListItem","position":2,"name":"Aktivit\u00e4ten","item":"https:\/\/shoms.ch\/de\/aktivitaeten\/"},{"@type":"ListItem","position":3,"name":"Maltacamp"}]},{"@type":"WebSite","@id":"https:\/\/shoms.ch\/it\/#website","url":"https:\/\/shoms.ch\/it\/","name":"Shoms.ch","description":"MALTESER HOSPITALDIENST SCHWEIZ (MHDS)","potentialAction":[{"@type":"SearchAction","target":{"@type":"EntryPoint","urlTemplate":"https:\/\/shoms.ch\/it\/?s={search_term_string}"},"query-input":{"@type":"PropertyValueSpecification","valueRequired":true,"valueName":"search_term_string"}}],"inLanguage":"de"}]}},"builder_content":"<img src=\"https:\/\/sites.ordredemaltesuisse.org\/shoms\/wp-content\/uploads\/sites\/11\/2022\/03\/team.jpg\" width=\"1440\" height=\"794\" title=\"Maltacamp\" alt=\"Maltacamp\">\n<p>Das Sommerlager der jungen Malteser findet jedes Jahr statt. Es ist eine einzigartige Gelegenheit neue Freundschaften zu schliessen und unvergessliche Augenblicke zu erleben. W\u00e4hrend einer Woche darfst du unsere G\u00e4ste bei einzigartigen Aktivit\u00e4ten, Momente der Einkehr, festliche Mahlzeiten und verr\u00fcckten Discos begleiten. Das Malteser Jugendsommerlager ist eine unvergesslicher Erfahrung, voller Freude, Lachkr\u00e4mpfe und spirituellem Austausch.<\/p> <p><strong>Das Lager 2024 fand in der Schweiz statt.<\/strong><\/p> <p>Seiten:<\/p> <p><a href=\"http:\/\/www.maltacamp2024.ch\">https:\/\/www.maltacamp2024.ch<\/a><\/p> <p><a href=\"https:\/\/www.facebook.com\/Maltacamp\/\" target=\"_blank\" rel=\"noopener\">https:\/\/www.facebook.com\/Maltacamp\/<\/a><\/p> <p>Kontakt:<\/p> <p><a href=\"mailto:campleader@maltacamp2024.ch\"> Jonathan Poirier<\/a> (Verantwortlicher des 2024 Maltacamps in der Schweiz) <a href=\"tel:+4179 419 15 53\">+4179 419 15 53 <\/a><\/p> <p><a href=\"http:\/\/maltacamp@shoms.ch\">Vincent de Buys Roessingh<\/a> (Verantwortliche der Schweizer Delegation) <a href=\"tel:+41 79 513 99 16\">+41 79 513 99 16<\/a><\/p> <p>\u00a0<\/p>\n<h3>Anmeldung<\/h3><ul><li><h4>Zur Anmeldung hier klicken<\/h4><p>[formidable id=6]<\/p><\/li><\/ul>\n<img src=\"https:\/\/sites.ordredemaltesuisse.org\/shoms\/wp-content\/uploads\/sites\/11\/2022\/03\/police.jpg\" width=\"466\" height=\"350\" title=\"Maltacamp\" alt=\"Maltacamp\">\n<img src=\"https:\/\/sites.ordredemaltesuisse.org\/shoms\/wp-content\/uploads\/sites\/11\/2022\/03\/2xx.jpg\" width=\"466\" height=\"350\" title=\"Maltacamp\" alt=\"Maltacamp\">\n<img src=\"https:\/\/sites.ordredemaltesuisse.org\/shoms\/wp-content\/uploads\/sites\/11\/2022\/03\/stage.jpg\" width=\"466\" height=\"350\" title=\"Maltacamp\" alt=\"Maltacamp\">","_links":{"self":[{"href":"https:\/\/shoms.ch\/de\/wp-json\/wp\/v2\/pages\/2760","targetHints":{"allow":["GET"]}}],"collection":[{"href":"https:\/\/shoms.ch\/de\/wp-json\/wp\/v2\/pages"}],"about":[{"href":"https:\/\/shoms.ch\/de\/wp-json\/wp\/v2\/types\/page"}],"author":[{"embeddable":true,"href":"https:\/\/shoms.ch\/de\/wp-json\/wp\/v2\/users\/1"}],"replies":[{"embeddable":true,"href":"https:\/\/shoms.ch\/de\/wp-json\/wp\/v2\/comments?post=2760"}],"version-history":[{"count":26,"href":"https:\/\/shoms.ch\/de\/wp-json\/wp\/v2\/pages\/2760\/revisions"}],"predecessor-version":[{"id":4014,"href":"https:\/\/shoms.ch\/de\/wp-json\/wp\/v2\/pages\/2760\/revisions\/4014"}],"up":[{"embeddable":true,"href":"https:\/\/shoms.ch\/de\/wp-json\/wp\/v2\/pages\/34"}],"wp:attachment":[{"href":"https:\/\/shoms.ch\/de\/wp-json\/wp\/v2\/media?parent=2760"}],"curies":[{"name":"wp","href":"https:\/\/api.w.org\/{rel}","templated":true}]}}