{"id":36,"date":"2021-06-22T10:56:42","date_gmt":"2021-06-22T10:56:42","guid":{"rendered":"https:\/\/sites.ordredemaltesuisse.org\/shoms\/?page_id=36"},"modified":"2022-04-06T22:41:20","modified_gmt":"2022-04-06T20:41:20","slug":"wie-helfen","status":"publish","type":"page","link":"https:\/\/shoms.ch\/de\/wie-helfen\/","title":{"rendered":"Wie helfen?"},"content":{"rendered":"<!--themify_builder_content-->\n<div id=\"themify_builder_content-36\" data-postid=\"36\" class=\"themify_builder_content themify_builder_content-36 themify_builder tf_clear\">\n                    <div  data-lazy=\"1\" class=\"module_row themify_builder_row tb_trcq670 tb_first tf_w\">\n                        <div class=\"row_inner col_align_top tb_col_count_1 tf_box tf_rel\">\n                        <div  data-lazy=\"1\" class=\"module_column tb-column col-full tb_ptww671 first\">\n                    <!-- module image -->\n<div  class=\"module module-image tb_14qc110 image-top   tf_mw\" data-lazy=\"1\">\n        <div class=\"image-wrap tf_rel tf_mw\">\n            <img loading=\"lazy\" decoding=\"async\" src=\"https:\/\/sites.ordredemaltesuisse.org\/shoms\/wp-content\/uploads\/sites\/11\/2021\/06\/spende_1.jpg\" width=\"871\" height=\"298\" title=\"Wie helfen?\" alt=\"Wie helfen?\">    \n        <\/div>\n    <!-- \/image-wrap -->\n    \n        <\/div>\n<!-- \/module image -->        <\/div>\n                        <\/div>\n        <\/div>\n                        <div  data-lazy=\"1\" class=\"module_row themify_builder_row tb_zk82661 tf_w\">\n                        <div class=\"row_inner col_align_top tb_col_count_1 tf_box tf_rel\">\n                        <div  data-lazy=\"1\" class=\"module_column tb-column col-full tb_u2tr664 first\">\n                    <!-- module text -->\n<div  class=\"module module-text tb_wzxw474   \" data-lazy=\"1\">\n        <div  class=\"tb_text_wrap\">\n        <h6>\u00a0<\/h6>\n<h4><strong>Spenden Sie uns die Kraft, dem Schwachen beizustehen!<\/strong><\/h4>\n<p>Es gibt verschiedene M\u00f6glichkeiten sich f\u00fcr den MHDS einzusetzen.<\/p>\n<p><strong>Sie legen selber Hand an.<\/strong> Dazu nehmen Sie <a href=\"https:\/\/www.shoms.ch\/de\/kontakt\/\" target=\"_blank\" rel=\"noopener\">Kontakt mit der Sektionsleitung<\/a> des Gebietes auf, indem Sie sich engagieren wollen. Im Gespr\u00e4ch mit ihr werden Sie ein Einsatzgebiet finden.<\/p>\n<p>Die <a href=\"https:\/\/aidass.ch\/\"><strong>Stiftung Hilfe &amp; Beistand<\/strong><\/a> ben\u00f6tigt manchmal unter der Woche und w\u00e4hrend der B\u00fcrozeiten Arbeitskr\u00e4fte. Wenn Sie in der Lage sind, diese Einschr\u00e4nkungen zu ber\u00fccksichtigen, k\u00f6nnen Sie sich auf dem unter diesem <a href=\"https:\/\/www.shoms.ch\/de\/registrierungsformular-stiftung-hilfe-und-beistand\"><strong>Link<\/strong><\/a> verf\u00fcgbaren Formular registrieren und werden bei Bedarf kontaktiert.<\/p>\n<p>Ohne <strong>finanzielle Unterst\u00fctzung <\/strong>w\u00e4re unsere T\u00e4tigkeit in den Sektionen wie auch ausserhalb nicht m\u00f6glich, obwohl alle Dienstleistungen ehrenamtlich erbracht und dadurch Personalkosten vermieden werden k\u00f6nnen. <strong>Private Spenden<\/strong> unterst\u00fctzen gezielt unsere Arbeit.<\/p>\n<p><strong>Richten Sie Ihre Spenden an <\/strong>den Malteser Hospitaldienst Schweiz zur Unterst\u00fctzung von karitativen Projekten.<\/p>\n<table style=\"height: 29px;\" border=\".1\" width=\"745\" cellspacing=\"0\" cellpadding=\"0\">\n<tbody>\n<tr>\n<td>PC 30-36100-6<\/td>\n<td>Malteser Hospitaldienst Schweiz (MHDS), Bern<\/td>\n<td>Spende<\/td>\n<td>IBAN CH77 0900 0000 3003 6100 6<\/td>\n<\/tr>\n<\/tbody>\n<\/table>\n<p>\u00a0<\/p>\n<p><strong data-rich-text-format-boundary=\"true\">J<\/strong><strong data-rich-text-format-boundary=\"true\">ede Spende wird sehr gesch\u00e4tzt. Im Voraus herzlichen Dank f\u00fcr Ihre Grossz\u00fcgigkeit.<\/strong><br data-rich-text-line-break=\"true\" \/>Jede Spende ist wichtig!<br data-rich-text-line-break=\"true\" \/>Am liebsten w\u00fcrden wir jede einzelne Zuwendung verdanken. Aus Kostengr\u00fcnden m\u00fcssen wir jedoch leider darauf verzichten. Grunds\u00e4tzlich verdanken wir Spenden ab CHF 50.<br data-rich-text-line-break=\"true\" \/><br data-rich-text-line-break=\"true\" \/>Unser herzlicher Dank geht an unsere <strong>Sympathisanten<\/strong>, welche uns regelm\u00e4ssig einen Jahresbeitrag zukommen lassen. Haben Sie Interesse uns regelm\u00e4ssig zu unterst\u00fctzen und Sympathisant zu werden, setzen Sie sich mit dem <a href=\"mailto:secretariat@shoms.ch?subject=Sympathisant\">Sekretariat<\/a> in Verbindung.<\/p>    <\/div>\n<\/div>\n<!-- \/module text -->        <\/div>\n                        <\/div>\n        <\/div>\n        <\/div>\n<!--\/themify_builder_content-->\n\n\n<p><\/p>\n\n\n\n<p><\/p>","protected":false},"excerpt":{"rendered":"","protected":false},"author":16,"featured_media":0,"parent":0,"menu_order":0,"comment_status":"closed","ping_status":"closed","template":"","meta":{"inline_featured_image":false,"footnotes":""},"class_list":["post-36","page","type-page","status-publish","hentry","has-post-title","has-post-date","has-post-category","has-post-tag","has-post-comment","has-post-author",""],"yoast_head":"<!-- This site is optimized with the Yoast SEO plugin v27.5 - https:\/\/yoast.com\/product\/yoast-seo-wordpress\/ -->\n<title>Wie helfen? - Shoms.ch<\/title>\n<meta name=\"robots\" content=\"index, follow, max-snippet:-1, max-image-preview:large, max-video-preview:-1\" \/>\n<link rel=\"canonical\" href=\"https:\/\/shoms.ch\/de\/wie-helfen\/\" \/>\n<meta property=\"og:locale\" content=\"de_DE\" \/>\n<meta property=\"og:type\" content=\"article\" \/>\n<meta property=\"og:title\" content=\"Wie helfen? - Shoms.ch\" \/>\n<meta property=\"og:url\" content=\"https:\/\/shoms.ch\/de\/wie-helfen\/\" \/>\n<meta property=\"og:site_name\" content=\"Shoms.ch\" \/>\n<meta property=\"article:modified_time\" content=\"2022-04-06T20:41:20+00:00\" \/>\n<meta name=\"twitter:card\" content=\"summary_large_image\" \/>\n<script type=\"application\/ld+json\" class=\"yoast-schema-graph\">{\"@context\":\"https:\\\/\\\/schema.org\",\"@graph\":[{\"@type\":\"WebPage\",\"@id\":\"https:\\\/\\\/shoms.ch\\\/de\\\/wie-helfen\\\/\",\"url\":\"https:\\\/\\\/shoms.ch\\\/de\\\/wie-helfen\\\/\",\"name\":\"Wie helfen? - Shoms.ch\",\"isPartOf\":{\"@id\":\"https:\\\/\\\/shoms.ch\\\/it\\\/#website\"},\"datePublished\":\"2021-06-22T10:56:42+00:00\",\"dateModified\":\"2022-04-06T20:41:20+00:00\",\"breadcrumb\":{\"@id\":\"https:\\\/\\\/shoms.ch\\\/de\\\/wie-helfen\\\/#breadcrumb\"},\"inLanguage\":\"de\",\"potentialAction\":[{\"@type\":\"ReadAction\",\"target\":[\"https:\\\/\\\/shoms.ch\\\/de\\\/wie-helfen\\\/\"]}]},{\"@type\":\"BreadcrumbList\",\"@id\":\"https:\\\/\\\/shoms.ch\\\/de\\\/wie-helfen\\\/#breadcrumb\",\"itemListElement\":[{\"@type\":\"ListItem\",\"position\":1,\"name\":\"Startseite\",\"item\":\"https:\\\/\\\/shoms.ch\\\/de\\\/\"},{\"@type\":\"ListItem\",\"position\":2,\"name\":\"Wie helfen?\"}]},{\"@type\":\"WebSite\",\"@id\":\"https:\\\/\\\/shoms.ch\\\/it\\\/#website\",\"url\":\"https:\\\/\\\/shoms.ch\\\/it\\\/\",\"name\":\"Shoms.ch\",\"description\":\"MALTESER HOSPITALDIENST SCHWEIZ (MHDS)\",\"potentialAction\":[{\"@type\":\"SearchAction\",\"target\":{\"@type\":\"EntryPoint\",\"urlTemplate\":\"https:\\\/\\\/shoms.ch\\\/it\\\/?s={search_term_string}\"},\"query-input\":{\"@type\":\"PropertyValueSpecification\",\"valueRequired\":true,\"valueName\":\"search_term_string\"}}],\"inLanguage\":\"de\"}]}<\/script>\n<!-- \/ Yoast SEO plugin. -->","yoast_head_json":{"title":"Wie helfen? - Shoms.ch","robots":{"index":"index","follow":"follow","max-snippet":"max-snippet:-1","max-image-preview":"max-image-preview:large","max-video-preview":"max-video-preview:-1"},"canonical":"https:\/\/shoms.ch\/de\/wie-helfen\/","og_locale":"de_DE","og_type":"article","og_title":"Wie helfen? - Shoms.ch","og_url":"https:\/\/shoms.ch\/de\/wie-helfen\/","og_site_name":"Shoms.ch","article_modified_time":"2022-04-06T20:41:20+00:00","twitter_card":"summary_large_image","schema":{"@context":"https:\/\/schema.org","@graph":[{"@type":"WebPage","@id":"https:\/\/shoms.ch\/de\/wie-helfen\/","url":"https:\/\/shoms.ch\/de\/wie-helfen\/","name":"Wie helfen? - Shoms.ch","isPartOf":{"@id":"https:\/\/shoms.ch\/it\/#website"},"datePublished":"2021-06-22T10:56:42+00:00","dateModified":"2022-04-06T20:41:20+00:00","breadcrumb":{"@id":"https:\/\/shoms.ch\/de\/wie-helfen\/#breadcrumb"},"inLanguage":"de","potentialAction":[{"@type":"ReadAction","target":["https:\/\/shoms.ch\/de\/wie-helfen\/"]}]},{"@type":"BreadcrumbList","@id":"https:\/\/shoms.ch\/de\/wie-helfen\/#breadcrumb","itemListElement":[{"@type":"ListItem","position":1,"name":"Startseite","item":"https:\/\/shoms.ch\/de\/"},{"@type":"ListItem","position":2,"name":"Wie helfen?"}]},{"@type":"WebSite","@id":"https:\/\/shoms.ch\/it\/#website","url":"https:\/\/shoms.ch\/it\/","name":"Shoms.ch","description":"MALTESER HOSPITALDIENST SCHWEIZ (MHDS)","potentialAction":[{"@type":"SearchAction","target":{"@type":"EntryPoint","urlTemplate":"https:\/\/shoms.ch\/it\/?s={search_term_string}"},"query-input":{"@type":"PropertyValueSpecification","valueRequired":true,"valueName":"search_term_string"}}],"inLanguage":"de"}]}},"builder_content":"<img src=\"https:\/\/sites.ordredemaltesuisse.org\/shoms\/wp-content\/uploads\/sites\/11\/2021\/06\/spende_1.jpg\" width=\"871\" height=\"298\" title=\"Wie helfen?\" alt=\"Wie helfen?\">\n<h6>\u00a0<\/h6> <h4><strong>Spenden Sie uns die Kraft, dem Schwachen beizustehen!<\/strong><\/h4> <p>Es gibt verschiedene M\u00f6glichkeiten sich f\u00fcr den MHDS einzusetzen.<\/p> <p><strong>Sie legen selber Hand an.<\/strong> Dazu nehmen Sie <a href=\"https:\/\/www.shoms.ch\/de\/kontakt\/\" target=\"_blank\" rel=\"noopener\">Kontakt mit der Sektionsleitung<\/a> des Gebietes auf, indem Sie sich engagieren wollen. Im Gespr\u00e4ch mit ihr werden Sie ein Einsatzgebiet finden.<\/p> <p>Die <a href=\"https:\/\/aidass.ch\/\"><strong>Stiftung Hilfe &amp; Beistand<\/strong><\/a> ben\u00f6tigt manchmal unter der Woche und w\u00e4hrend der B\u00fcrozeiten Arbeitskr\u00e4fte. Wenn Sie in der Lage sind, diese Einschr\u00e4nkungen zu ber\u00fccksichtigen, k\u00f6nnen Sie sich auf dem unter diesem <a href=\"https:\/\/www.shoms.ch\/de\/registrierungsformular-stiftung-hilfe-und-beistand\"><strong>Link<\/strong><\/a> verf\u00fcgbaren Formular registrieren und werden bei Bedarf kontaktiert.<\/p> <p>Ohne <strong>finanzielle Unterst\u00fctzung <\/strong>w\u00e4re unsere T\u00e4tigkeit in den Sektionen wie auch ausserhalb nicht m\u00f6glich, obwohl alle Dienstleistungen ehrenamtlich erbracht und dadurch Personalkosten vermieden werden k\u00f6nnen. <strong>Private Spenden<\/strong> unterst\u00fctzen gezielt unsere Arbeit.<\/p> <p><strong>Richten Sie Ihre Spenden an <\/strong>den Malteser Hospitaldienst Schweiz zur Unterst\u00fctzung von karitativen Projekten.<\/p> <table style=\"height: 29px;\" border=\".1\" width=\"745\" cellspacing=\"0\" cellpadding=\"0\"> <tbody> <tr> <td>PC 30-36100-6<\/td> <td>Malteser Hospitaldienst Schweiz (MHDS), Bern<\/td> <td>Spende<\/td> <td>IBAN CH77 0900 0000 3003 6100 6<\/td> <\/tr> <\/tbody> <\/table> <p>\u00a0<\/p> <p><strong data-rich-text-format-boundary=\"true\">J<\/strong><strong data-rich-text-format-boundary=\"true\">ede Spende wird sehr gesch\u00e4tzt. Im Voraus herzlichen Dank f\u00fcr Ihre Grossz\u00fcgigkeit.<\/strong><br data-rich-text-line-break=\"true\" \/>Jede Spende ist wichtig!<br data-rich-text-line-break=\"true\" \/>Am liebsten w\u00fcrden wir jede einzelne Zuwendung verdanken. Aus Kostengr\u00fcnden m\u00fcssen wir jedoch leider darauf verzichten. Grunds\u00e4tzlich verdanken wir Spenden ab CHF 50.<br data-rich-text-line-break=\"true\" \/><br data-rich-text-line-break=\"true\" \/>Unser herzlicher Dank geht an unsere <strong>Sympathisanten<\/strong>, welche uns regelm\u00e4ssig einen Jahresbeitrag zukommen lassen. Haben Sie Interesse uns regelm\u00e4ssig zu unterst\u00fctzen und Sympathisant zu werden, setzen Sie sich mit dem <a href=\"mailto:secretariat@shoms.ch?subject=Sympathisant\">Sekretariat<\/a> in Verbindung.<\/p>","_links":{"self":[{"href":"https:\/\/shoms.ch\/de\/wp-json\/wp\/v2\/pages\/36","targetHints":{"allow":["GET"]}}],"collection":[{"href":"https:\/\/shoms.ch\/de\/wp-json\/wp\/v2\/pages"}],"about":[{"href":"https:\/\/shoms.ch\/de\/wp-json\/wp\/v2\/types\/page"}],"author":[{"embeddable":true,"href":"https:\/\/shoms.ch\/de\/wp-json\/wp\/v2\/users\/16"}],"replies":[{"embeddable":true,"href":"https:\/\/shoms.ch\/de\/wp-json\/wp\/v2\/comments?post=36"}],"version-history":[{"count":46,"href":"https:\/\/shoms.ch\/de\/wp-json\/wp\/v2\/pages\/36\/revisions"}],"predecessor-version":[{"id":2143,"href":"https:\/\/shoms.ch\/de\/wp-json\/wp\/v2\/pages\/36\/revisions\/2143"}],"wp:attachment":[{"href":"https:\/\/shoms.ch\/de\/wp-json\/wp\/v2\/media?parent=36"}],"curies":[{"name":"wp","href":"https:\/\/api.w.org\/{rel}","templated":true}]}}