{"id":837,"date":"2021-07-05T09:21:22","date_gmt":"2021-07-05T09:21:22","guid":{"rendered":"https:\/\/sites.ordredemaltesuisse.org\/shoms\/?page_id=837"},"modified":"2025-12-23T23:44:11","modified_gmt":"2025-12-23T22:44:11","slug":"solothurn","status":"publish","type":"page","link":"https:\/\/shoms.ch\/de\/sektionen\/solothurn\/","title":{"rendered":"Solothurn"},"content":{"rendered":"<!--themify_builder_content-->\n<div id=\"themify_builder_content-837\" data-postid=\"837\" class=\"themify_builder_content themify_builder_content-837 themify_builder tf_clear\">\n                    <div  data-lazy=\"1\" class=\"module_row themify_builder_row tb_d5nu622 tb_first tf_w\">\n                        <div class=\"row_inner col_align_top tb_col_count_2 tf_box tf_rel\">\n                        <div  data-lazy=\"1\" class=\"module_column tb-column tb_ihgy623 first\">\n                    <!-- module text -->\n<div  class=\"module module-text tb_wajo394   \" data-lazy=\"1\">\n        <div  class=\"tb_text_wrap\">\n        <h2>\u00a0<\/h2>\n<h2 class=\"pane-title\">Willkommen in der Sektion Solothurn<\/h2>    <\/div>\n<\/div>\n<!-- \/module text -->        <\/div>\n                    <div  data-lazy=\"1\" class=\"module_column tb-column tb_tubj623 last\">\n                    <!-- module image -->\n<div  class=\"module module-image tb_q5vp519 image-top   tf_mw\" data-lazy=\"1\">\n        <div class=\"image-wrap tf_rel tf_mw\">\n            <img loading=\"lazy\" decoding=\"async\" src=\"https:\/\/sites.ordredemaltesuisse.org\/shoms\/wp-content\/uploads\/sites\/11\/2021\/09\/solothurn.jpg\" width=\"196\" height=\"168\" title=\"Solothurn\" alt=\"Solothurn\">    \n        <\/div>\n    <!-- \/image-wrap -->\n    \n        <\/div>\n<!-- \/module image -->        <\/div>\n                        <\/div>\n        <\/div>\n                        <div  data-lazy=\"1\" class=\"module_row themify_builder_row tb_nrk3151 tf_w\">\n                        <div class=\"row_inner col_align_top tb_col_count_1 tf_box tf_rel\">\n                        <div  data-lazy=\"1\" class=\"module_column tb-column col-full tb_1lvp152 first\">\n                    <!-- module text -->\n<div  class=\"module module-text tb_rdlt291   \" data-lazy=\"1\">\n        <div  class=\"tb_text_wrap\">\n        <p><span style=\"color: #555555\"><span style=\"font-family: asap, serif\"><span style=\"font-size: small\"><span lang=\"de-CH\">Die Sektion Solothurn bestand von 1988 \u2013 1999 und wurde im Januar 2013 neu gegr\u00fcndet.<\/span><\/span><\/span><\/span><\/p>\n<p><span style=\"color: #555555\"><span style=\"font-family: asap, serif\"><span style=\"font-size: small\"><span lang=\"de-CH\">Seit 2013 arbeiten wir mit dem Alters- und Pflegeheim Bellevue in Oberdorf zusammen. Wir unternehmen ungef\u00e4hr einmal im Monat etwas Besonderes mit den Bewohnerinnen und Bewohnern. Wir spielen Lotto, unternehmen Ausfl\u00fcge, organisieren Singnachmittage oder helfen beim Grillieren. Dazu kommen punktuelle Aktivit\u00e4ten mit Fl\u00fcchtlingen, die Mitarbeit bei \u00abTischlein deck dich\u00bb, die Organisation von Wallfahrten und Anl\u00e4ssen f\u00fcr alte und beeintr\u00e4chtige Menschen sowie als H\u00f6hepunkt des Jahres die Beteiligung an der Wallfahrt nach Lourdes. <br><\/span><\/span><\/span><\/span><span style=\"color: #555555\"><span style=\"font-family: asap, serif\"><span style=\"font-size: small\"><span lang=\"de-CH\"><b>Interessentinnen und Interessenten sind jederzeit willkommen bei uns zu schnuppern.<\/b><\/span><\/span><\/span><\/span><span style=\"color: #555555\"><span style=\"font-family: asap, serif\"><span style=\"font-size: small\"><span lang=\"de-CH\">\u00a0Bitte schreibt an\u00a0<\/span><\/span><\/span><\/span><span style=\"color: #454545\"><span style=\"font-family: asap, serif\"><span style=\"font-size: small\"><span lang=\"de-CH\"><u><a href=\"mailto:solothurn@shoms.ch\">solothurn@shoms.ch.<\/a><\/u><\/span><\/span><\/span><\/span><\/p>    <\/div>\n<\/div>\n<!-- \/module text -->        <\/div>\n                        <\/div>\n        <\/div>\n                        <div  data-lazy=\"1\" class=\"module_row themify_builder_row tb_lerd404 tf_w\">\n                        <div class=\"row_inner col_align_top tb_col_count_1 tf_box tf_rel\">\n                        <div  data-lazy=\"1\" class=\"module_column tb-column col-full tb_6h2z407 first\">\n                    <!-- module image -->\n<div  class=\"module module-image tb_vgxc818 image-center   tf_mw\" data-lazy=\"1\">\n        <div class=\"image-wrap tf_rel tf_mw\">\n            <img loading=\"lazy\" decoding=\"async\" src=\"https:\/\/sites.ordredemaltesuisse.org\/shoms\/wp-content\/uploads\/sites\/11\/2021\/07\/p1010440.jpg\" width=\"448\" height=\"235\" title=\"Solothurn\" alt=\"Solothurn\">    \n        <\/div>\n    <!-- \/image-wrap -->\n    \n        <\/div>\n<!-- \/module image -->        <\/div>\n                        <\/div>\n        <\/div>\n                        <div  data-lazy=\"1\" class=\"module_row themify_builder_row tb_jznt844 tf_w\">\n                        <div class=\"row_inner col_align_top tb_col_count_1 tf_box tf_rel\">\n                        <div  data-lazy=\"1\" class=\"module_column tb-column col-full tb_uwro848 first\">\n                    <!-- module template_part -->\n<div  class=\"module module-layout-part tb_kylz668 \">\n    <div class=\"tb_layout_part_wrap tf_w\"><!--themify_builder_content-->\n    <div  class=\"themify_builder_content themify_builder_content-2826 themify_builder not_editable_builder in_the_loop\" data-postid=\"2826\">\n                        <div  data-lazy=\"1\" class=\"module_row themify_builder_row tb_2wgs141 tf_w\">\n                        <div class=\"row_inner col_align_top tb_col_count_1 tf_box tf_rel\">\n                        <div  data-lazy=\"1\" class=\"module_column tb-column col-full tb_z5gi142 first\">\n                    <!-- module divider -->\n<div  class=\"module tf_mw module-divider tb_ams6142 solid   \" style=\"border-width: 10px;border-color: rgba(0,0,0, 0);\" data-lazy=\"1\">\n    <\/div>\n<!-- \/module divider -->\n<!-- module text -->\n<div  class=\"module module-text tb_mf2e143   \" data-lazy=\"1\">\n    <h3 class=\"module-title\">Agenda:<\/h3>    <div  class=\"tb_text_wrap\">\n            <\/div>\n<\/div>\n<!-- \/module text --><!-- module plain text -->\n<div  class=\"module module-plain-text tb_q7qu143 \" data-lazy=\"1\">\n        <div class=\"tb_text_wrap\">\n    <div class=\"r34ics-ajax-container loading\" id=\"r69f40d992d22034\" data-view=\"list\" data-view-is-list-style=\"1\" data-view-is-list-long=\"1\" data-args=\"e45d0a4892d534aded41aad9329e34985660817f\" data-js-args=\"{&quot;debug&quot;:null}\">&nbsp;<\/div>\n    <\/div>\n<\/div>\n<!-- \/module plain text -->        <\/div>\n                        <\/div>\n        <\/div>\n            <\/div>\n<!--\/themify_builder_content--><\/div>\n<\/div>\n<!-- \/module template_part --><!-- module template_part -->\n<div  class=\"module module-layout-part tb_m48e832 \">\n    <div class=\"tb_layout_part_wrap tf_w\"><!--themify_builder_content-->\n    <div  class=\"themify_builder_content themify_builder_content-1995 themify_builder not_editable_builder in_the_loop\" data-postid=\"1995\">\n                        <div  data-lazy=\"1\" class=\"module_row themify_builder_row tb_ueo417 tf_w\">\n                        <div class=\"row_inner col_align_top tb_col_count_1 tf_box tf_rel\">\n                        <div  data-lazy=\"1\" class=\"module_column tb-column col-full tb_o7j818 first\">\n                    <!-- module icon -->\n<div  class=\"module module-icon tb_ze5c19    icon_horizontal \" data-lazy=\"1\">\n\t\t\t<div class=\"module-icon-item\">\n\t\t\t\t\t\t\t<a href=\"mailto:solothurn@shoms.ch\" rel=\"noopener\" target=\"_blank\">\n\t\t\t\t\t\t\t\t\t\t\t\t\t\t\t\t\t<em class=\"tf_box\"\n\t\t\t\t\t\t\t\t\t\t\t\t style=\"background-color:#ffffff;color:#050505\"\t\t\t\t\t><svg  class=\"tf_fa tf-ti-email\" xmlns:xlink=\"http:\/\/www.w3.org\/1999\/xlink\" aria-hidden=\"true\"><use href=\"#tf-ti-email\" xlink:href=\"#tf-ti-email\"><\/use><\/svg><\/em>\n\t\t\t\t\t\t\t\t\t\t\t\t\t\t\t\t\t\t\t<span>Solothurn: Andreas von Jaross \u2013 solothurn@shoms.ch<\/span>\n\t\t\t\t\t\t\t\t\t\t\t\t\t\t\t\t\t<\/a>\n\t\t\t\t\t<\/div>\n\t<\/div>\n<!-- \/module icon -->\n        <\/div>\n                        <\/div>\n        <\/div>\n            <\/div>\n<!--\/themify_builder_content--><\/div>\n<\/div>\n<!-- \/module template_part -->        <\/div>\n                        <\/div>\n        <\/div>\n        <\/div>\n<!--\/themify_builder_content-->","protected":false},"excerpt":{"rendered":"<p>\u00a0 Willkommen in der Sektion Solothurn<\/p>\n","protected":false},"author":16,"featured_media":0,"parent":520,"menu_order":0,"comment_status":"closed","ping_status":"closed","template":"","meta":{"inline_featured_image":false,"footnotes":""},"class_list":["post-837","page","type-page","status-publish","hentry","has-post-title","has-post-date","has-post-category","has-post-tag","has-post-comment","has-post-author",""],"yoast_head":"<!-- This site is optimized with the Yoast SEO plugin v27.5 - https:\/\/yoast.com\/product\/yoast-seo-wordpress\/ -->\n<title>Solothurn - Shoms.ch<\/title>\n<meta name=\"robots\" content=\"index, follow, max-snippet:-1, max-image-preview:large, max-video-preview:-1\" \/>\n<link rel=\"canonical\" href=\"https:\/\/shoms.ch\/de\/sektionen\/solothurn\/\" \/>\n<meta property=\"og:locale\" content=\"de_DE\" \/>\n<meta property=\"og:type\" content=\"article\" \/>\n<meta property=\"og:title\" content=\"Solothurn - Shoms.ch\" \/>\n<meta property=\"og:description\" content=\"\u00a0 Willkommen in der Sektion Solothurn\" \/>\n<meta property=\"og:url\" content=\"https:\/\/shoms.ch\/de\/sektionen\/solothurn\/\" \/>\n<meta property=\"og:site_name\" content=\"Shoms.ch\" \/>\n<meta property=\"article:modified_time\" content=\"2025-12-23T22:44:11+00:00\" \/>\n<meta property=\"og:image\" content=\"https:\/\/sites.ordredemaltesuisse.org\/shoms\/wp-content\/uploads\/sites\/11\/2021\/09\/solothurn.jpg\" \/>\n<meta name=\"twitter:card\" content=\"summary_large_image\" \/>\n<script type=\"application\/ld+json\" class=\"yoast-schema-graph\">{\"@context\":\"https:\\\/\\\/schema.org\",\"@graph\":[{\"@type\":\"WebPage\",\"@id\":\"https:\\\/\\\/shoms.ch\\\/de\\\/sektionen\\\/solothurn\\\/\",\"url\":\"https:\\\/\\\/shoms.ch\\\/de\\\/sektionen\\\/solothurn\\\/\",\"name\":\"Solothurn - Shoms.ch\",\"isPartOf\":{\"@id\":\"https:\\\/\\\/shoms.ch\\\/it\\\/#website\"},\"primaryImageOfPage\":{\"@id\":\"https:\\\/\\\/shoms.ch\\\/de\\\/sektionen\\\/solothurn\\\/#primaryimage\"},\"image\":{\"@id\":\"https:\\\/\\\/shoms.ch\\\/de\\\/sektionen\\\/solothurn\\\/#primaryimage\"},\"thumbnailUrl\":\"https:\\\/\\\/sites.ordredemaltesuisse.org\\\/shoms\\\/wp-content\\\/uploads\\\/sites\\\/11\\\/2021\\\/09\\\/solothurn.jpg\",\"datePublished\":\"2021-07-05T09:21:22+00:00\",\"dateModified\":\"2025-12-23T22:44:11+00:00\",\"breadcrumb\":{\"@id\":\"https:\\\/\\\/shoms.ch\\\/de\\\/sektionen\\\/solothurn\\\/#breadcrumb\"},\"inLanguage\":\"de\",\"potentialAction\":[{\"@type\":\"ReadAction\",\"target\":[\"https:\\\/\\\/shoms.ch\\\/de\\\/sektionen\\\/solothurn\\\/\"]}]},{\"@type\":\"ImageObject\",\"inLanguage\":\"de\",\"@id\":\"https:\\\/\\\/shoms.ch\\\/de\\\/sektionen\\\/solothurn\\\/#primaryimage\",\"url\":\"https:\\\/\\\/sites.ordredemaltesuisse.org\\\/shoms\\\/wp-content\\\/uploads\\\/sites\\\/11\\\/2021\\\/09\\\/solothurn.jpg\",\"contentUrl\":\"https:\\\/\\\/sites.ordredemaltesuisse.org\\\/shoms\\\/wp-content\\\/uploads\\\/sites\\\/11\\\/2021\\\/09\\\/solothurn.jpg\"},{\"@type\":\"BreadcrumbList\",\"@id\":\"https:\\\/\\\/shoms.ch\\\/de\\\/sektionen\\\/solothurn\\\/#breadcrumb\",\"itemListElement\":[{\"@type\":\"ListItem\",\"position\":1,\"name\":\"Startseite\",\"item\":\"https:\\\/\\\/shoms.ch\\\/de\\\/\"},{\"@type\":\"ListItem\",\"position\":2,\"name\":\"Sektionen\",\"item\":\"https:\\\/\\\/shoms.ch\\\/de\\\/sektionen\\\/\"},{\"@type\":\"ListItem\",\"position\":3,\"name\":\"Solothurn\"}]},{\"@type\":\"WebSite\",\"@id\":\"https:\\\/\\\/shoms.ch\\\/it\\\/#website\",\"url\":\"https:\\\/\\\/shoms.ch\\\/it\\\/\",\"name\":\"Shoms.ch\",\"description\":\"MALTESER HOSPITALDIENST SCHWEIZ (MHDS)\",\"potentialAction\":[{\"@type\":\"SearchAction\",\"target\":{\"@type\":\"EntryPoint\",\"urlTemplate\":\"https:\\\/\\\/shoms.ch\\\/it\\\/?s={search_term_string}\"},\"query-input\":{\"@type\":\"PropertyValueSpecification\",\"valueRequired\":true,\"valueName\":\"search_term_string\"}}],\"inLanguage\":\"de\"}]}<\/script>\n<!-- \/ Yoast SEO plugin. -->","yoast_head_json":{"title":"Solothurn - Shoms.ch","robots":{"index":"index","follow":"follow","max-snippet":"max-snippet:-1","max-image-preview":"max-image-preview:large","max-video-preview":"max-video-preview:-1"},"canonical":"https:\/\/shoms.ch\/de\/sektionen\/solothurn\/","og_locale":"de_DE","og_type":"article","og_title":"Solothurn - Shoms.ch","og_description":"\u00a0 Willkommen in der Sektion Solothurn","og_url":"https:\/\/shoms.ch\/de\/sektionen\/solothurn\/","og_site_name":"Shoms.ch","article_modified_time":"2025-12-23T22:44:11+00:00","og_image":[{"url":"https:\/\/sites.ordredemaltesuisse.org\/shoms\/wp-content\/uploads\/sites\/11\/2021\/09\/solothurn.jpg","type":"","width":"","height":""}],"twitter_card":"summary_large_image","schema":{"@context":"https:\/\/schema.org","@graph":[{"@type":"WebPage","@id":"https:\/\/shoms.ch\/de\/sektionen\/solothurn\/","url":"https:\/\/shoms.ch\/de\/sektionen\/solothurn\/","name":"Solothurn - Shoms.ch","isPartOf":{"@id":"https:\/\/shoms.ch\/it\/#website"},"primaryImageOfPage":{"@id":"https:\/\/shoms.ch\/de\/sektionen\/solothurn\/#primaryimage"},"image":{"@id":"https:\/\/shoms.ch\/de\/sektionen\/solothurn\/#primaryimage"},"thumbnailUrl":"https:\/\/sites.ordredemaltesuisse.org\/shoms\/wp-content\/uploads\/sites\/11\/2021\/09\/solothurn.jpg","datePublished":"2021-07-05T09:21:22+00:00","dateModified":"2025-12-23T22:44:11+00:00","breadcrumb":{"@id":"https:\/\/shoms.ch\/de\/sektionen\/solothurn\/#breadcrumb"},"inLanguage":"de","potentialAction":[{"@type":"ReadAction","target":["https:\/\/shoms.ch\/de\/sektionen\/solothurn\/"]}]},{"@type":"ImageObject","inLanguage":"de","@id":"https:\/\/shoms.ch\/de\/sektionen\/solothurn\/#primaryimage","url":"https:\/\/sites.ordredemaltesuisse.org\/shoms\/wp-content\/uploads\/sites\/11\/2021\/09\/solothurn.jpg","contentUrl":"https:\/\/sites.ordredemaltesuisse.org\/shoms\/wp-content\/uploads\/sites\/11\/2021\/09\/solothurn.jpg"},{"@type":"BreadcrumbList","@id":"https:\/\/shoms.ch\/de\/sektionen\/solothurn\/#breadcrumb","itemListElement":[{"@type":"ListItem","position":1,"name":"Startseite","item":"https:\/\/shoms.ch\/de\/"},{"@type":"ListItem","position":2,"name":"Sektionen","item":"https:\/\/shoms.ch\/de\/sektionen\/"},{"@type":"ListItem","position":3,"name":"Solothurn"}]},{"@type":"WebSite","@id":"https:\/\/shoms.ch\/it\/#website","url":"https:\/\/shoms.ch\/it\/","name":"Shoms.ch","description":"MALTESER HOSPITALDIENST SCHWEIZ (MHDS)","potentialAction":[{"@type":"SearchAction","target":{"@type":"EntryPoint","urlTemplate":"https:\/\/shoms.ch\/it\/?s={search_term_string}"},"query-input":{"@type":"PropertyValueSpecification","valueRequired":true,"valueName":"search_term_string"}}],"inLanguage":"de"}]}},"builder_content":"<h2>\u00a0<\/h2> <h2>Willkommen in der Sektion Solothurn<\/h2>\n<img src=\"https:\/\/sites.ordredemaltesuisse.org\/shoms\/wp-content\/uploads\/sites\/11\/2021\/09\/solothurn.jpg\" width=\"196\" height=\"168\" title=\"Solothurn\" alt=\"Solothurn\">\n<p>Die Sektion Solothurn bestand von 1988 \u2013 1999 und wurde im Januar 2013 neu gegr\u00fcndet.<\/p> <p>Seit 2013 arbeiten wir mit dem Alters- und Pflegeheim Bellevue in Oberdorf zusammen. Wir unternehmen ungef\u00e4hr einmal im Monat etwas Besonderes mit den Bewohnerinnen und Bewohnern. Wir spielen Lotto, unternehmen Ausfl\u00fcge, organisieren Singnachmittage oder helfen beim Grillieren. Dazu kommen punktuelle Aktivit\u00e4ten mit Fl\u00fcchtlingen, die Mitarbeit bei \u00abTischlein deck dich\u00bb, die Organisation von Wallfahrten und Anl\u00e4ssen f\u00fcr alte und beeintr\u00e4chtige Menschen sowie als H\u00f6hepunkt des Jahres die Beteiligung an der Wallfahrt nach Lourdes. <br><b>Interessentinnen und Interessenten sind jederzeit willkommen bei uns zu schnuppern.<\/b>\u00a0Bitte schreibt an\u00a0<u><a href=\"mailto:solothurn@shoms.ch\">solothurn@shoms.ch.<\/a><\/u><\/p>\n<img src=\"https:\/\/sites.ordredemaltesuisse.org\/shoms\/wp-content\/uploads\/sites\/11\/2021\/07\/p1010440.jpg\" width=\"448\" height=\"235\" title=\"Solothurn\" alt=\"Solothurn\">","_links":{"self":[{"href":"https:\/\/shoms.ch\/de\/wp-json\/wp\/v2\/pages\/837","targetHints":{"allow":["GET"]}}],"collection":[{"href":"https:\/\/shoms.ch\/de\/wp-json\/wp\/v2\/pages"}],"about":[{"href":"https:\/\/shoms.ch\/de\/wp-json\/wp\/v2\/types\/page"}],"author":[{"embeddable":true,"href":"https:\/\/shoms.ch\/de\/wp-json\/wp\/v2\/users\/16"}],"replies":[{"embeddable":true,"href":"https:\/\/shoms.ch\/de\/wp-json\/wp\/v2\/comments?post=837"}],"version-history":[{"count":29,"href":"https:\/\/shoms.ch\/de\/wp-json\/wp\/v2\/pages\/837\/revisions"}],"predecessor-version":[{"id":4599,"href":"https:\/\/shoms.ch\/de\/wp-json\/wp\/v2\/pages\/837\/revisions\/4599"}],"up":[{"embeddable":true,"href":"https:\/\/shoms.ch\/de\/wp-json\/wp\/v2\/pages\/520"}],"wp:attachment":[{"href":"https:\/\/shoms.ch\/de\/wp-json\/wp\/v2\/media?parent=837"}],"curies":[{"name":"wp","href":"https:\/\/api.w.org\/{rel}","templated":true}]}}