{"id":1756,"date":"2021-05-18T21:15:46","date_gmt":"2021-05-18T19:15:46","guid":{"rendered":"https:\/\/sites.ordredemaltesuisse.org\/shoms\/ueber-uns\/"},"modified":"2026-01-24T00:27:49","modified_gmt":"2026-01-23T23:27:49","slug":"qui-sommes-nous","status":"publish","type":"page","link":"https:\/\/shoms.ch\/fr\/qui-sommes-nous\/","title":{"rendered":"Qui sommes nous?"},"content":{"rendered":"<p><\/p>\n\n<!--themify_builder_content-->\n<div id=\"themify_builder_content-1756\" data-postid=\"1756\" class=\"themify_builder_content themify_builder_content-1756 themify_builder tf_clear\">\n                    <div  data-lazy=\"1\" class=\"module_row themify_builder_row tb_g53u890 tb_first tf_w\">\n                        <div class=\"row_inner col_align_top tb_col_count_1 tf_box tf_rel\">\n                        <div  data-lazy=\"1\" class=\"module_column tb-column col-full tb_yl76890 first\">\n                            <div  data-lazy=\"1\" class=\"module_subrow themify_builder_sub_row tf_w col_align_top tb_col_count_1 tb_tbw9914\">\n                <div  data-lazy=\"1\" class=\"module_column sub_column col-full tb_7hbl915 first\">\n                    <!-- module divider -->\n<div  class=\"module tf_mw module-divider tb_fzta674 solid   \" style=\"border-width: 1px;border-color: #000;margin-bottom: 15px;\" data-lazy=\"1\">\n    <\/div>\n<!-- \/module divider -->\n<!-- module text -->\n<div  class=\"module module-text tb_ibcz801   \" data-lazy=\"1\">\n        <div  class=\"tb_text_wrap\">\n        <p style=\"text-align: center\">LA FOI FAIT AVANCER<br \/>&#8220;Tuitio Fidei &#8221; und &#8220;Obsequium Pauperum&#8221;<br \/>Au service de la foi et des n\u00e9cessiteux<\/p>    <\/div>\n<\/div>\n<!-- \/module text --><!-- module divider -->\n<div  class=\"module tf_mw module-divider tb_80xt844 solid   \" style=\"border-width: 1px;border-color: #000;margin-bottom: 15px;\" data-lazy=\"1\">\n    <\/div>\n<!-- \/module divider -->\n<!-- module text -->\n<div  class=\"module module-text tb_oqar226   \" data-lazy=\"1\">\n        <div  class=\"tb_text_wrap\">\n        <article id=\"node-22\" class=\"node node-seite view-mode-full\">\n<div class=\"body field\">\n<p>Le Service Hospitalier de l\u2019Ordre de Malte Suisse (SHOMS) a \u00e9t\u00e9 cr\u00e9\u00e9 en 1975 et est une \u0153uvre de l\u2019Association Helv\u00e9tique de l\u2019Ordre de Malte Suisse (AHOM), elle-m\u00eame faisant partie de l\u2019Ordre Souverain et Militaire de Saint Jean de J\u00e9rusalem de Rhodes et de Malte, cr\u00e9\u00e9 en Terre Sainte en 1113 et dont le si\u00e8ge se trouve aujourd\u2019hui \u00e0 Rome. Tr\u00e8s t\u00f4t, une collaboration avec l\u2019Ordre protestant de St-Jean a \u00e9t\u00e9 mise en place\u00a0: elle s\u2019est d\u00e9velopp\u00e9e et intensifi\u00e9e au cours des ann\u00e9es.<\/p>\n<p>A travers nos actions, nous venons en aide aux plus fragiles, pauvres et malades, principalement en Suisse et parfois \u00e0 l\u2019\u00e9tranger. Nous comptons sur l\u2019engagement de 650 b\u00e9n\u00e9voles organis\u00e9s au travers de 15 sections r\u00e9parties sur le territoire suisse et anim\u00e9es par des Chefs de Section sous l\u2019autorit\u00e9 d\u2019un Commandant assist\u00e9 d\u2019un Bureau et d\u2019un Conseil. Dans l\u2019esprit de l\u2019Ordre, les membres du SHOMS veulent faire vivre la devise \u201cObsequium pauperum\u201d, c\u2019est-\u00e0- dire rendre service, en tant que b\u00e9n\u00e9voles, \u00e0 leur prochain, accompagner des malades et des handicap\u00e9s, soutenir des d\u00e9munis , sans distinction d\u2019 origine ou de confession.\u00a0\u00a0\u00a0\u00a0\u00a0\u00a0\u00a0\u00a0\u00a0\u00a0\u00a0\u00a0\u00a0\u00a0\u00a0\u00a0\u00a0\u00a0\u00a0\u00a0\u00a0\u00a0\u00a0\u00a0\u00a0\u00a0\u00a0\u00a0\u00a0\u00a0\u00a0\u00a0\u00a0\u00a0\u00a0\u00a0\u00a0\u00a0<\/p>\n<p>Le Service Hospitalier est ouvert \u00e0 tout b\u00e9n\u00e9vole de spiritualit\u00e9 chr\u00e9tienne qui d\u00e9sire consacrer du temps et son c\u0153ur \u00e0 soutenir les plus faibles et les n\u00e9cessiteux \u00e0 travers les diverses activit\u00e9s organis\u00e9es par chaque section et sous l\u2019animation et le contr\u00f4le des organes d\u00e9cisionnels de l\u2019Association.<\/p>\n<p>A titre d\u2019exemple nous accompagnons des handicap\u00e9s en p\u00e8lerinage, nous visitons des personnes \u00e2g\u00e9es seules ou en institutions et des malades en h\u00f4pitaux, nous venons en aide \u00e0 des sans-abris et \u00e0 des personnes dans la pr\u00e9carit\u00e9.<\/p>\n<p>Notre association se diff\u00e9rencie d\u2019autres associations caritatives par la spiritualit\u00e9 Chr\u00e9tienne qui accompagne nos engagements, nos valeurs sont celles exprim\u00e9es lors du discours sur la Montagnes (Mathieu 5,1-7 SG21 ) et les huit b\u00e9atitudes qui sont mat\u00e9rialis\u00e9es par les huit pointes de la Croix de Malte que nous portons sur notre uniforme.<\/p>\n<\/div>\n<\/article>    <\/div>\n<\/div>\n<!-- \/module text -->        <div  data-lazy=\"1\" class=\"module_subrow themify_builder_sub_row tf_w col_align_top tb_col_count_3 tb_65ym385\">\n                <div  data-lazy=\"1\" class=\"module_column sub_column col3-1 tb_9g98385 first\">\n                            <\/div>\n                    <div  data-lazy=\"1\" class=\"module_column sub_column col3-1 tb_ksfx371\">\n                    <!-- module buttons -->\n<div  class=\"module module-buttons tb_7jhq371 buttons-horizontal outline   rounded\" data-lazy=\"1\">\n        <div class=\"module-buttons-item tf_in_flx\">\n                        <a href=\"https:\/\/shoms.ch\/wp-content\/uploads\/sites\/11\/2026\/01\/15-01-20-STATUTS-DU-SERVICE-HOSPITALIER-def.-EN-FRANCAIS.pdf\" class=\"ui builder_button tf_in_flx red\" target=\"_blank\" rel=\"noopener\">\n                                                Statuts du Service Hospitalier de l'Ordre de Malte Suisse                                        <\/a>\n                <\/div>\n            <\/div>\n<!-- \/module buttons -->\n        <\/div>\n                    <div  data-lazy=\"1\" class=\"module_column sub_column col3-1 tb_3ti6385 last\">\n                            <\/div>\n                    <\/div>\n                <\/div>\n                    <\/div>\n                <\/div>\n                        <\/div>\n        <\/div>\n                        <div  data-lazy=\"1\" class=\"module_row themify_builder_row tb_ep7e410 tf_w\">\n                        <div class=\"row_inner col_align_top tb_col_count_1 tf_box tf_rel\">\n                        <div  data-lazy=\"1\" class=\"module_column tb-column col-full tb_jsnw411 first\">\n                    <!-- module divider -->\n<div  class=\"module tf_mw module-divider tb_54re412 solid   \" style=\"border-width: 1px;border-color: rgba(0,0,0, 0.00);margin-bottom: 15px;\" data-lazy=\"1\">\n    <\/div>\n<!-- \/module divider -->\n        <\/div>\n                        <\/div>\n        <\/div>\n                        <div  data-lazy=\"1\" class=\"module_row themify_builder_row tb_fotm546 tf_w\">\n                        <div class=\"row_inner col_align_top tb_col_count_1 tf_box tf_rel\">\n                        <div  data-lazy=\"1\" class=\"module_column tb-column col-full tb_kfr7546 first\">\n                    <!-- module divider -->\n<div  class=\"module tf_mw module-divider tb_k7df547 solid   \" style=\"border-width: 1px;border-color: #000;margin-bottom: 15px;\" data-lazy=\"1\">\n    <\/div>\n<!-- \/module divider -->\n<!-- module text -->\n<div  class=\"module module-text tb_eidm547   \" data-lazy=\"1\">\n        <div  class=\"tb_text_wrap\">\n        <p style=\"text-align: center\">Plus d&#8217;informations sur l&#8217;Ordre de Malte<\/p>    <\/div>\n<\/div>\n<!-- \/module text --><!-- module divider -->\n<div  class=\"module tf_mw module-divider tb_e6eb547 solid   \" style=\"border-width: 1px;border-color: #000;margin-bottom: 15px;\" data-lazy=\"1\">\n    <\/div>\n<!-- \/module divider -->\n<!-- module link_block -->\n<div  class=\"module module-link-block tb_m4zr816 icon-center solid \" data-lazy=\"1\">\n        <a target=\"_blank\" rel=\"noopener\" href=\"https:\/\/ordredemaltesuisse.org\/fr\/histoire\/\" class=\"tb_link_block_container ui tb_default_color\">\n\n        \n        <div class=\"tf-lb-content\">\n                                        <div class=\"tb_link_block_blurb\">Histoire de l&#8217;Ordre de Malte<\/div>\n                    <\/div>\n\n    <\/a>\n<\/div>\n<!-- \/module buttons -->\n<!-- module link_block -->\n<div  class=\"module module-link-block tb_jr5y411 icon-center solid \" data-lazy=\"1\">\n        <a target=\"_blank\" rel=\"noopener\" href=\"https:\/\/ordredemaltesuisse.org\/organisation-suisse\/engagement-spirituel\/\" class=\"tb_link_block_container ui tb_default_color\">\n\n        \n        <div class=\"tf-lb-content\">\n                                        <div class=\"tb_link_block_blurb\">L&#8217;engagement spirituel de l&#8217;Ordre de Malte<\/div>\n                    <\/div>\n\n    <\/a>\n<\/div>\n<!-- \/module buttons -->\n<!-- module link_block -->\n<div  class=\"module module-link-block tb_zw8i411 icon-center solid \" data-lazy=\"1\">\n        <a target=\"_blank\" rel=\"noopener\" href=\"https:\/\/ordredemaltesuisse.org\/fr\/\" class=\"tb_link_block_container ui tb_default_color\">\n\n        \n        <div class=\"tf-lb-content\">\n                                        <div class=\"tb_link_block_blurb\">L&#8217;ordre de Malte en Suisse<\/div>\n                    <\/div>\n\n    <\/a>\n<\/div>\n<!-- \/module buttons -->\n<!-- module link_block -->\n<div  class=\"module module-link-block tb_ihq0548 icon-center solid \" data-lazy=\"1\">\n        <a target=\"_blank\" rel=\"noopener\" href=\"https:\/\/www.malteser-international.org\/fr.html\" class=\"tb_link_block_container ui tb_default_color\">\n\n        \n        <div class=\"tf-lb-content\">\n                                        <div class=\"tb_link_block_blurb\">Malteser International<\/div>\n                    <\/div>\n\n    <\/a>\n<\/div>\n<!-- \/module buttons -->\n<!-- module link_block -->\n<div  class=\"module module-link-block tb_qj1h548 icon-center solid \" data-lazy=\"1\">\n        <a target=\"_blank\" rel=\"noopener\" href=\"https:\/\/ordredemaltesuisse.org\/oeuvres-medicales-et-humanitaires\/holy-family-hospital\/\" class=\"tb_link_block_container ui tb_default_color\">\n\n        \n        <div class=\"tf-lb-content\">\n                                        <div class=\"tb_link_block_blurb\">Holy Family Hospital<\/div>\n                    <\/div>\n\n    <\/a>\n<\/div>\n<!-- \/module buttons -->\n<!-- module link_block -->\n<div  class=\"module module-link-block tb_j2cm548 icon-center solid \" data-lazy=\"1\">\n        <a target=\"_blank\" rel=\"noopener\" href=\"https:\/\/www.aide-assistance.ch\/?lang=fr\" class=\"tb_link_block_container ui tb_default_color\">\n\n        \n        <div class=\"tf-lb-content\">\n                                        <div class=\"tb_link_block_blurb\">Aide &amp; assistance<\/div>\n                    <\/div>\n\n    <\/a>\n<\/div>\n<!-- \/module buttons -->\n<!-- module link_block -->\n<div  class=\"module module-link-block tb_mvdt548 icon-center solid \" data-lazy=\"1\">\n        <a target=\"_blank\" rel=\"noopener\" href=\"https:\/\/ciomal.org\" class=\"tb_link_block_container ui tb_default_color\">\n\n        \n        <div class=\"tf-lb-content\">\n                                        <div class=\"tb_link_block_blurb\">Ciomal (Campagne International de l&#8217;Ordre de Malte contre la Lepre)<\/div>\n                    <\/div>\n\n    <\/a>\n<\/div>\n<!-- \/module buttons -->\n        <\/div>\n                        <\/div>\n        <\/div>\n        <\/div>\n<!--\/themify_builder_content-->","protected":false},"excerpt":{"rendered":"","protected":false},"author":1,"featured_media":0,"parent":0,"menu_order":0,"comment_status":"closed","ping_status":"open","template":"","meta":{"inline_featured_image":false,"footnotes":""},"class_list":["post-1756","page","type-page","status-publish","hentry","has-post-title","has-post-date","has-post-category","has-post-tag","has-post-comment","has-post-author",""],"yoast_head":"<!-- This site is optimized with the Yoast SEO plugin v27.5 - https:\/\/yoast.com\/product\/yoast-seo-wordpress\/ -->\n<title>Qui sommes nous? - Shoms.ch<\/title>\n<meta name=\"robots\" content=\"index, follow, max-snippet:-1, max-image-preview:large, max-video-preview:-1\" \/>\n<link rel=\"canonical\" href=\"https:\/\/shoms.ch\/fr\/qui-sommes-nous\/\" \/>\n<meta property=\"og:locale\" content=\"fr_FR\" \/>\n<meta property=\"og:type\" content=\"article\" \/>\n<meta property=\"og:title\" content=\"Qui sommes nous? - Shoms.ch\" \/>\n<meta property=\"og:url\" content=\"https:\/\/shoms.ch\/fr\/qui-sommes-nous\/\" \/>\n<meta property=\"og:site_name\" content=\"Shoms.ch\" \/>\n<meta property=\"article:modified_time\" content=\"2026-01-23T23:27:49+00:00\" \/>\n<meta name=\"twitter:card\" content=\"summary_large_image\" \/>\n<meta name=\"twitter:label1\" content=\"Dur\u00e9e de lecture estim\u00e9e\" \/>\n\t<meta name=\"twitter:data1\" content=\"2 minutes\" \/>\n<script type=\"application\/ld+json\" class=\"yoast-schema-graph\">{\"@context\":\"https:\\\/\\\/schema.org\",\"@graph\":[{\"@type\":\"WebPage\",\"@id\":\"https:\\\/\\\/shoms.ch\\\/fr\\\/qui-sommes-nous\\\/\",\"url\":\"https:\\\/\\\/shoms.ch\\\/fr\\\/qui-sommes-nous\\\/\",\"name\":\"Qui sommes nous? - Shoms.ch\",\"isPartOf\":{\"@id\":\"https:\\\/\\\/shoms.ch\\\/it\\\/#website\"},\"datePublished\":\"2021-05-18T19:15:46+00:00\",\"dateModified\":\"2026-01-23T23:27:49+00:00\",\"breadcrumb\":{\"@id\":\"https:\\\/\\\/shoms.ch\\\/fr\\\/qui-sommes-nous\\\/#breadcrumb\"},\"inLanguage\":\"fr-FR\",\"potentialAction\":[{\"@type\":\"ReadAction\",\"target\":[\"https:\\\/\\\/shoms.ch\\\/fr\\\/qui-sommes-nous\\\/\"]}]},{\"@type\":\"BreadcrumbList\",\"@id\":\"https:\\\/\\\/shoms.ch\\\/fr\\\/qui-sommes-nous\\\/#breadcrumb\",\"itemListElement\":[{\"@type\":\"ListItem\",\"position\":1,\"name\":\"Startseite\",\"item\":\"https:\\\/\\\/shoms.ch\\\/fr\\\/\"},{\"@type\":\"ListItem\",\"position\":2,\"name\":\"Qui sommes nous?\"}]},{\"@type\":\"WebSite\",\"@id\":\"https:\\\/\\\/shoms.ch\\\/it\\\/#website\",\"url\":\"https:\\\/\\\/shoms.ch\\\/it\\\/\",\"name\":\"Shoms.ch\",\"description\":\"MALTESER HOSPITALDIENST SCHWEIZ (MHDS)\",\"potentialAction\":[{\"@type\":\"SearchAction\",\"target\":{\"@type\":\"EntryPoint\",\"urlTemplate\":\"https:\\\/\\\/shoms.ch\\\/it\\\/?s={search_term_string}\"},\"query-input\":{\"@type\":\"PropertyValueSpecification\",\"valueRequired\":true,\"valueName\":\"search_term_string\"}}],\"inLanguage\":\"fr-FR\"}]}<\/script>\n<!-- \/ Yoast SEO plugin. -->","yoast_head_json":{"title":"Qui sommes nous? - Shoms.ch","robots":{"index":"index","follow":"follow","max-snippet":"max-snippet:-1","max-image-preview":"max-image-preview:large","max-video-preview":"max-video-preview:-1"},"canonical":"https:\/\/shoms.ch\/fr\/qui-sommes-nous\/","og_locale":"fr_FR","og_type":"article","og_title":"Qui sommes nous? - Shoms.ch","og_url":"https:\/\/shoms.ch\/fr\/qui-sommes-nous\/","og_site_name":"Shoms.ch","article_modified_time":"2026-01-23T23:27:49+00:00","twitter_card":"summary_large_image","twitter_misc":{"Dur\u00e9e de lecture estim\u00e9e":"2 minutes"},"schema":{"@context":"https:\/\/schema.org","@graph":[{"@type":"WebPage","@id":"https:\/\/shoms.ch\/fr\/qui-sommes-nous\/","url":"https:\/\/shoms.ch\/fr\/qui-sommes-nous\/","name":"Qui sommes nous? - Shoms.ch","isPartOf":{"@id":"https:\/\/shoms.ch\/it\/#website"},"datePublished":"2021-05-18T19:15:46+00:00","dateModified":"2026-01-23T23:27:49+00:00","breadcrumb":{"@id":"https:\/\/shoms.ch\/fr\/qui-sommes-nous\/#breadcrumb"},"inLanguage":"fr-FR","potentialAction":[{"@type":"ReadAction","target":["https:\/\/shoms.ch\/fr\/qui-sommes-nous\/"]}]},{"@type":"BreadcrumbList","@id":"https:\/\/shoms.ch\/fr\/qui-sommes-nous\/#breadcrumb","itemListElement":[{"@type":"ListItem","position":1,"name":"Startseite","item":"https:\/\/shoms.ch\/fr\/"},{"@type":"ListItem","position":2,"name":"Qui sommes nous?"}]},{"@type":"WebSite","@id":"https:\/\/shoms.ch\/it\/#website","url":"https:\/\/shoms.ch\/it\/","name":"Shoms.ch","description":"MALTESER HOSPITALDIENST SCHWEIZ (MHDS)","potentialAction":[{"@type":"SearchAction","target":{"@type":"EntryPoint","urlTemplate":"https:\/\/shoms.ch\/it\/?s={search_term_string}"},"query-input":{"@type":"PropertyValueSpecification","valueRequired":true,"valueName":"search_term_string"}}],"inLanguage":"fr-FR"}]}},"builder_content":"\n<p style=\"text-align: center\">LA FOI FAIT AVANCER<br \/>\"Tuitio Fidei \" und \"Obsequium Pauperum\"<br \/>Au service de la foi et des n\u00e9cessiteux<\/p>\n\n<article id=\"node-22\">\n<p>Le Service Hospitalier de l\u2019Ordre de Malte Suisse (SHOMS) a \u00e9t\u00e9 cr\u00e9\u00e9 en 1975 et est une \u0153uvre de l\u2019Association Helv\u00e9tique de l\u2019Ordre de Malte Suisse (AHOM), elle-m\u00eame faisant partie de l\u2019Ordre Souverain et Militaire de Saint Jean de J\u00e9rusalem de Rhodes et de Malte, cr\u00e9\u00e9 en Terre Sainte en 1113 et dont le si\u00e8ge se trouve aujourd\u2019hui \u00e0 Rome. Tr\u00e8s t\u00f4t, une collaboration avec l\u2019Ordre protestant de St-Jean a \u00e9t\u00e9 mise en place\u00a0: elle s\u2019est d\u00e9velopp\u00e9e et intensifi\u00e9e au cours des ann\u00e9es.<\/p> <p>A travers nos actions, nous venons en aide aux plus fragiles, pauvres et malades, principalement en Suisse et parfois \u00e0 l\u2019\u00e9tranger. Nous comptons sur l\u2019engagement de 650 b\u00e9n\u00e9voles organis\u00e9s au travers de 15 sections r\u00e9parties sur le territoire suisse et anim\u00e9es par des Chefs de Section sous l\u2019autorit\u00e9 d\u2019un Commandant assist\u00e9 d\u2019un Bureau et d\u2019un Conseil. Dans l\u2019esprit de l\u2019Ordre, les membres du SHOMS veulent faire vivre la devise \u201cObsequium pauperum\u201d, c\u2019est-\u00e0- dire rendre service, en tant que b\u00e9n\u00e9voles, \u00e0 leur prochain, accompagner des malades et des handicap\u00e9s, soutenir des d\u00e9munis , sans distinction d\u2019 origine ou de confession.\u00a0\u00a0\u00a0\u00a0\u00a0\u00a0\u00a0\u00a0\u00a0\u00a0\u00a0\u00a0\u00a0\u00a0\u00a0\u00a0\u00a0\u00a0\u00a0\u00a0\u00a0\u00a0\u00a0\u00a0\u00a0\u00a0\u00a0\u00a0\u00a0\u00a0\u00a0\u00a0\u00a0\u00a0\u00a0\u00a0\u00a0\u00a0<\/p> <p>Le Service Hospitalier est ouvert \u00e0 tout b\u00e9n\u00e9vole de spiritualit\u00e9 chr\u00e9tienne qui d\u00e9sire consacrer du temps et son c\u0153ur \u00e0 soutenir les plus faibles et les n\u00e9cessiteux \u00e0 travers les diverses activit\u00e9s organis\u00e9es par chaque section et sous l\u2019animation et le contr\u00f4le des organes d\u00e9cisionnels de l\u2019Association.<\/p> <p>A titre d\u2019exemple nous accompagnons des handicap\u00e9s en p\u00e8lerinage, nous visitons des personnes \u00e2g\u00e9es seules ou en institutions et des malades en h\u00f4pitaux, nous venons en aide \u00e0 des sans-abris et \u00e0 des personnes dans la pr\u00e9carit\u00e9.<\/p> <p>Notre association se diff\u00e9rencie d\u2019autres associations caritatives par la spiritualit\u00e9 Chr\u00e9tienne qui accompagne nos engagements, nos valeurs sont celles exprim\u00e9es lors du discours sur la Montagnes (Mathieu 5,1-7 SG21 ) et les huit b\u00e9atitudes qui sont mat\u00e9rialis\u00e9es par les huit pointes de la Croix de Malte que nous portons sur notre uniforme.<\/p>\n<\/article>\n<a href=\"https:\/\/shoms.ch\/wp-content\/uploads\/sites\/11\/2026\/01\/15-01-20-STATUTS-DU-SERVICE-HOSPITALIER-def.-EN-FRANCAIS.pdf\" target=\"_blank\" rel=\"noopener\"> Statuts du Service Hospitalier de l'Ordre de Malte Suisse <\/a>\n\n\n<p style=\"text-align: center\">Plus d'informations sur l'Ordre de Malte<\/p>\n","_links":{"self":[{"href":"https:\/\/shoms.ch\/fr\/wp-json\/wp\/v2\/pages\/1756","targetHints":{"allow":["GET"]}}],"collection":[{"href":"https:\/\/shoms.ch\/fr\/wp-json\/wp\/v2\/pages"}],"about":[{"href":"https:\/\/shoms.ch\/fr\/wp-json\/wp\/v2\/types\/page"}],"author":[{"embeddable":true,"href":"https:\/\/shoms.ch\/fr\/wp-json\/wp\/v2\/users\/1"}],"replies":[{"embeddable":true,"href":"https:\/\/shoms.ch\/fr\/wp-json\/wp\/v2\/comments?post=1756"}],"version-history":[{"count":32,"href":"https:\/\/shoms.ch\/fr\/wp-json\/wp\/v2\/pages\/1756\/revisions"}],"predecessor-version":[{"id":4753,"href":"https:\/\/shoms.ch\/fr\/wp-json\/wp\/v2\/pages\/1756\/revisions\/4753"}],"wp:attachment":[{"href":"https:\/\/shoms.ch\/fr\/wp-json\/wp\/v2\/media?parent=1756"}],"curies":[{"name":"wp","href":"https:\/\/api.w.org\/{rel}","templated":true}]}}