{"id":1816,"date":"2021-06-29T11:53:58","date_gmt":"2021-06-29T09:53:58","guid":{"rendered":"https:\/\/sites.ordredemaltesuisse.org\/shoms\/basel\/"},"modified":"2023-11-10T22:03:26","modified_gmt":"2023-11-10T21:03:26","slug":"bale","status":"publish","type":"page","link":"https:\/\/shoms.ch\/fr\/nos-sections\/bale\/","title":{"rendered":"Basel"},"content":{"rendered":"<!--themify_builder_content-->\n<div id=\"themify_builder_content-1816\" data-postid=\"1816\" class=\"themify_builder_content themify_builder_content-1816 themify_builder tf_clear\">\n                    <div  data-lazy=\"1\" class=\"module_row themify_builder_row tb_aa98309 tb_first tf_w\">\n                        <div class=\"row_inner col_align_top tb_col_count_1 tf_box tf_rel\">\n                        <div  data-lazy=\"1\" class=\"module_column tb-column col-full tb_f90v309 first\">\n                            <div  data-lazy=\"1\" class=\"module_subrow themify_builder_sub_row tf_w col_align_top tb_col_count_2 tb_3a18678\">\n                <div  data-lazy=\"1\" class=\"module_column sub_column tb_6uej679 first\">\n                    <!-- module text -->\n<div  class=\"module module-text tb_cd03573   \" data-lazy=\"1\">\n        <div  class=\"tb_text_wrap\">\n        <div class=\"panel-pane pane-entity-view pane-node\">\n<h2>\u00a0<\/h2>\n<h2 class=\"pane-title\">Bienvenue \u00e0 la section de B\u00e2le<\/h2>\n<div class=\"pane-content\">\n<article id=\"node-10\" class=\"node node-sektion view-mode-full\">\n<div class=\"field field-name-field-wappen field-type-image field-label-hidden field-wrapper\">\u00a0<\/div>\n<div class=\"body field\">\n<p>\u00a0<\/p>\n<\/div>\n<\/article>\n<\/div>\n<\/div>    <\/div>\n<\/div>\n<!-- \/module text -->        <\/div>\n                    <div  data-lazy=\"1\" class=\"module_column sub_column tb_3ko5679 last\">\n                    <!-- module image -->\n<div  class=\"module module-image tb_ftc9726 image-top   tf_mw\" data-lazy=\"1\">\n        <div class=\"image-wrap tf_rel tf_mw\">\n            <img loading=\"lazy\" decoding=\"async\" src=\"https:\/\/sites.ordredemaltesuisse.org\/shoms\/wp-content\/uploads\/sites\/11\/2021\/07\/Basel_rund.png\" width=\"174\" height=\"178\" title=\"Basel\" alt=\"Basel\">    \n        <\/div>\n    <!-- \/image-wrap -->\n    \n        <\/div>\n<!-- \/module image -->        <\/div>\n                    <\/div>\n                <div  data-lazy=\"1\" class=\"module_subrow themify_builder_sub_row tf_w col_align_top tb_col_count_1 tb_ui6f58\">\n                <div  data-lazy=\"1\" class=\"module_column sub_column col-full tb_fvgn59 first\">\n                    <!-- module text -->\n<div  class=\"module module-text tb_oggo455   \" data-lazy=\"1\">\n        <div  class=\"tb_text_wrap\">\n        <p>La section de B\u00e2le a \u00e9t\u00e9 fond\u00e9e en 1997 et compte 30 membres actifs. Toute personne d\u00e9sireuse de d\u00e9couvrir la section et ses activit\u00e9s est la bienvenue. Prenez contact avec le chef de section.<\/p>\n<p><br \/>Nous nous engageons dans diverses activit\u00e9s dont :<\/p>    <\/div>\n<\/div>\n<!-- \/module text -->        <\/div>\n                    <\/div>\n                <\/div>\n                        <\/div>\n        <\/div>\n                        <div  data-lazy=\"1\" class=\"module_row themify_builder_row tb_pv72661 tf_w\">\n                        <div class=\"row_inner col_align_top tb_col_count_2 tf_box tf_rel\">\n                        <div  data-lazy=\"1\" class=\"module_column tb-column tb_pn81662 first\">\n                    <!-- module accordion -->\n<div  class=\"module module-accordion tb_4dv4741 \" data-behavior=\"toggle\" data-lazy=\"1\">\n    \n    <ul class=\"ui module-accordion   tb_default_color\">\n            <li>\n            <div class=\"accordion-title tf_rel\">\n                <a href=\"#acc-4dv4741-0\" class=\"tb_title_accordion\" aria-controls=\"acc-4dv4741-0-content\" aria-expanded=\"false\">\n                                                            <span class=\"accordion-title-wrap\">Tischlein Deck Dich, Zwinglihaus<\/span>                <\/a>\n            <\/div><!-- .accordion-title -->\n            <div id=\"acc-4dv4741-0-content\" data-id=\"acc-4dv4741-0\" aria-hidden=\"true\" class=\"accordion-content tf_hide tf_clearfix\">\n                                    <div class=\"tb_text_wrap\">\n                        <div class=\"views-field views-field-body\">\n<div class=\"field-content\">\n<p><img loading=\"lazy\" decoding=\"async\" class=\"alignnone size-full wp-image-529\" src=\"https:\/\/sites.ordredemaltesuisse.org\/shoms\/wp-content\/uploads\/sites\/11\/2021\/06\/dsc03828_2.jpg\" alt=\"\" width=\"220\" height=\"147\" \/><\/p>\n<p><u><strong>Einsatztag<\/strong><\/u>: dienstags 8.30h \u2013 11.30h<\/p>\n<p><u><strong>Aufgabe<\/strong><\/u>: Entgegennahme der gut erhaltenen Lebensmittel, die per Camion von Tischlein deck dich Schweiz angeliefert werden und diese in Rollwagen ins Haus bringen. Auf Tische ordnen, stapeln, z\u00e4hlen. Kontrolle der TDD-Bezugskarten der Sozialbez\u00fcger, die eine Bezugsberechtigung haben. Bez\u00fcger durch die Tischreihen f\u00fchren und ausgerechnete Anzahl Lebensmittel pro Familie abgeben. Abgaber\u00e4ume reinigen und aufr\u00e4umen.<\/p>\n<p><u><strong>Malteser-Pr\u00e4senz<\/strong><\/u>: 9 Personen<\/p>\n<\/div>\n<\/div>                    <\/div>\n                            <\/div><!-- .accordion-content -->\n        <\/li>\n        <\/ul>\n\n<\/div><!-- \/module accordion --><!-- module accordion -->\n<div  class=\"module module-accordion tb_as0y807 \" data-behavior=\"toggle\" data-lazy=\"1\">\n    \n    <ul class=\"ui module-accordion   tb_default_color\">\n            <li>\n            <div class=\"accordion-title tf_rel\">\n                <a href=\"#acc-as0y807-0\" class=\"tb_title_accordion\" aria-controls=\"acc-as0y807-0-content\" aria-expanded=\"false\">\n                                                            <span class=\"accordion-title-wrap\">Weihnachtsp\u00e4ckli f\u00fcr Bed\u00fcrftige<\/span>                <\/a>\n            <\/div><!-- .accordion-title -->\n            <div id=\"acc-as0y807-0-content\" data-id=\"acc-as0y807-0\" aria-hidden=\"true\" class=\"accordion-content tf_hide tf_clearfix\">\n                                    <div class=\"tb_text_wrap\">\n                        <div class=\"views-field views-field-body\">\n<div class=\"field-content\">\n<p><img loading=\"lazy\" decoding=\"async\" class=\"alignnone size-full wp-image-552\" src=\"https:\/\/sites.ordredemaltesuisse.org\/shoms\/wp-content\/uploads\/sites\/11\/2021\/06\/weihnachtsgeschenke.jpg\" alt=\"\" width=\"220\" height=\"149\" \/><\/p>\n<p><u><strong>Einsatztag<\/strong><\/u>: im November<\/p>\n<p><u><strong>Aufgabe<\/strong><\/u>: Besorgen, zusammenstellen, verpacken und beschriften von Weihnachtsgeschenken f\u00fcr bed\u00fcrftige Menschen jeden Alters in Osteuropa. Sammlung in Basel und dann Transport zum Lager der Osteuropahilfe, welche diese Pakete zum Zielort liefert und verteilt.<\/p>\n<p><u><strong>Malteser-Pr\u00e4senz<\/strong><\/u>: alle Mitglieder der Sektion<\/p>\n<\/div>\n<\/div>                    <\/div>\n                            <\/div><!-- .accordion-content -->\n        <\/li>\n        <\/ul>\n\n<\/div><!-- \/module accordion -->        <\/div>\n                    <div  data-lazy=\"1\" class=\"module_column tb-column tb_xw2w663 last\">\n                    <!-- module accordion -->\n<div  class=\"module module-accordion tb_rchu513 \" data-behavior=\"toggle\" data-lazy=\"1\">\n    \n    <ul class=\"ui module-accordion   tb_default_color\">\n            <li>\n            <div class=\"accordion-title tf_rel\">\n                <a href=\"#acc-rchu513-0\" class=\"tb_title_accordion\" aria-controls=\"acc-rchu513-0-content\" aria-expanded=\"false\">\n                                                            <span class=\"accordion-title-wrap\">Eucharistiefeiern Sektion Basel<\/span>                <\/a>\n            <\/div><!-- .accordion-title -->\n            <div id=\"acc-rchu513-0-content\" data-id=\"acc-rchu513-0\" aria-hidden=\"true\" class=\"accordion-content tf_hide tf_clearfix\">\n                                    <div class=\"tb_text_wrap\">\n                        <div class=\"views-field views-field-body\">\n<div class=\"field-content\">\n<p><img loading=\"lazy\" decoding=\"async\" class=\"alignnone wp-image-478\" src=\"https:\/\/sites.ordredemaltesuisse.org\/shoms\/wp-content\/uploads\/sites\/11\/2021\/06\/IMG_0563_0-300x225.jpg\" alt=\"\" width=\"229\" height=\"172\" srcset=\"https:\/\/shoms.ch\/wp-content\/uploads\/sites\/11\/2021\/06\/IMG_0563_0-300x225.jpg 300w, https:\/\/shoms.ch\/wp-content\/uploads\/sites\/11\/2021\/06\/IMG_0563_0-1024x768.jpg 1024w, https:\/\/shoms.ch\/wp-content\/uploads\/sites\/11\/2021\/06\/IMG_0563_0-768x576.jpg 768w, https:\/\/shoms.ch\/wp-content\/uploads\/sites\/11\/2021\/06\/IMG_0563_0-1536x1152.jpg 1536w, https:\/\/shoms.ch\/wp-content\/uploads\/sites\/11\/2021\/06\/IMG_0563_0.jpg 2048w\" sizes=\"auto, (max-width: 229px) 100vw, 229px\" \/><\/p>\n<p><strong>Eucharistiefeiern mit unserem SHOMS Aum\u00f4nier<\/strong>: 2 bis 3 mal j\u00e4hrlich in der Pfarrei St. Nikolaus in Reinach um 19 Uhr.\u00a0 Johanniter und Freunde aus allen Sektionen sind herzlich willkommen.<\/p>\n<p><strong>Eucharistiefeier in der Gnadenkapelle im Benediktinerkloster Mariastein<\/strong><br \/>Einmal j\u00e4hrlich im Herbst, 16.30h. mit unseren ehemaligen Lourdes-Pilgern und der Solothurner Sektion. Johanniter und Freunde aus allen Sektionen sind herzlich willkommen.<\/p>\n<\/div>\n<\/div>                    <\/div>\n                            <\/div><!-- .accordion-content -->\n        <\/li>\n        <\/ul>\n\n<\/div><!-- \/module accordion --><!-- module accordion -->\n<div  class=\"module module-accordion tb_wevt925 \" data-behavior=\"toggle\" data-lazy=\"1\">\n    \n    <ul class=\"ui module-accordion   tb_default_color\">\n            <li>\n            <div class=\"accordion-title tf_rel\">\n                <a href=\"#acc-wevt925-0\" class=\"tb_title_accordion\" aria-controls=\"acc-wevt925-0-content\" aria-expanded=\"false\">\n                                                            <span class=\"accordion-title-wrap\">Freiwilligeneinsatz im Claraspital<\/span>                <\/a>\n            <\/div><!-- .accordion-title -->\n            <div id=\"acc-wevt925-0-content\" data-id=\"acc-wevt925-0\" aria-hidden=\"true\" class=\"accordion-content tf_hide tf_clearfix\">\n                                    <div class=\"tb_text_wrap\">\n                        <p><img loading=\"lazy\" decoding=\"async\" class=\"alignnone wp-image-3724 size-medium\" src=\"https:\/\/shoms.ch\/wp-content\/uploads\/sites\/11\/2023\/11\/Mediacorner_Spaltenelement_Hub1-300x168.jpg\" alt=\"\" width=\"300\" height=\"168\" srcset=\"https:\/\/shoms.ch\/wp-content\/uploads\/sites\/11\/2023\/11\/Mediacorner_Spaltenelement_Hub1-300x168.jpg 300w, https:\/\/shoms.ch\/wp-content\/uploads\/sites\/11\/2023\/11\/Mediacorner_Spaltenelement_Hub1.jpg 580w\" sizes=\"auto, (max-width: 300px) 100vw, 300px\" \/><\/p>\n<h4>In Zusammenarbeit mit der Johanniter Hilfsgemeinschaft Basel<\/h4>\n<p><u><strong>Aufgabe<\/strong><\/u>:<\/p>\n<p>\u2022 Begleitdienste f\u00fcr Eintritte ins Spital am Abend und an Wochenenden<\/p>\n<p>\u2022 Begleitdienste von Patienten auf der Palliativstation\u00a0oder der Onkologiestation<\/p>\n<p>\u2022 Allgemeine Begleitdienste, z.B. Spazierg\u00e4nge mit Patienten\u00a0<\/p>\n<p>\u2022 Besuchsdienste von Patienten\u00a0<\/p>\n<p>\u2022 Administration\u00a0<\/p>\n<p>\u2022 Sonderauftr\u00e4ge\u00a0<\/p>\n<p><u><strong>Malteser-Pr\u00e4senz<\/strong><\/u>: 2 bis 3 Eins\u00e4tze pro Monat<\/p>\n<p>\u00a0<\/p>                    <\/div>\n                            <\/div><!-- .accordion-content -->\n        <\/li>\n        <\/ul>\n\n<\/div><!-- \/module accordion -->        <\/div>\n                        <\/div>\n        <\/div>\n                        <div  data-lazy=\"1\" class=\"module_row themify_builder_row tb_ukoe652 tf_w\">\n                        <div class=\"row_inner col_align_top tb_col_count_1 tf_box tf_rel\">\n                        <div  data-lazy=\"1\" class=\"module_column tb-column col-full tb_ru1p655 first\">\n                    <!-- module template_part -->\n<div  class=\"module module-layout-part tb_t8zw970 \">\n    <div class=\"tb_layout_part_wrap tf_w\"><!--themify_builder_content-->\n    <div  class=\"themify_builder_content themify_builder_content-2770 themify_builder not_editable_builder in_the_loop\" data-postid=\"2770\">\n                        <div  data-lazy=\"1\" class=\"module_row themify_builder_row tb_pgfn494 tf_w\">\n                        <div class=\"row_inner col_align_top tb_col_count_1 tf_box tf_rel\">\n                        <div  data-lazy=\"1\" class=\"module_column tb-column col-full tb_n317495 first\">\n                    <!-- module divider -->\n<div  class=\"module tf_mw module-divider tb_qlsi379 solid   \" style=\"border-width: 10px;border-color: rgba(0,0,0, 0);\" data-lazy=\"1\">\n    <\/div>\n<!-- \/module divider -->\n<!-- module text -->\n<div  class=\"module module-text tb_35b1731   \" data-lazy=\"1\">\n    <h3 class=\"module-title\">Agenda:<\/h3>    <div  class=\"tb_text_wrap\">\n            <\/div>\n<\/div>\n<!-- \/module text --><!-- module plain text -->\n<div  class=\"module module-plain-text tb_z8pn437 \" data-lazy=\"1\">\n        <div class=\"tb_text_wrap\">\n    <div class=\"r34ics-ajax-container loading\" id=\"r69d55a6209bb555\" data-view=\"list\" data-view-is-list-style=\"1\" data-view-is-list-long=\"1\" data-args=\"0a872d9560c5d61f8663bda90535bc82547f798c\" data-js-args=\"{&quot;debug&quot;:null}\">&nbsp;<\/div>\n    <\/div>\n<\/div>\n<!-- \/module plain text -->        <\/div>\n                        <\/div>\n        <\/div>\n            <\/div>\n<!--\/themify_builder_content--><\/div>\n<\/div>\n<!-- \/module template_part --><!-- module template_part -->\n<div  class=\"module module-layout-part tb_xg72112 \">\n    <div class=\"tb_layout_part_wrap tf_w\"><!--themify_builder_content-->\n    <div  class=\"themify_builder_content themify_builder_content-1864 themify_builder not_editable_builder in_the_loop\" data-postid=\"1864\">\n                        <div  data-lazy=\"1\" class=\"module_row themify_builder_row tb_fclh832 tf_w\">\n                        <div class=\"row_inner col_align_top tb_col_count_1 tf_box tf_rel\">\n                        <div  data-lazy=\"1\" class=\"module_column tb-column col-full tb_w0u7832 first\">\n                    <!-- module icon -->\n<div  class=\"module module-icon tb_qj4k832    icon_horizontal \" data-lazy=\"1\">\n\t\t\t<div class=\"module-icon-item\">\n\t\t\t\t\t\t\t<a href=\"mailto:basel@shoms.ch\" rel=\"noopener\" target=\"_blank\">\n\t\t\t\t\t\t\t\t\t\t\t\t\t\t\t\t\t<em class=\"tf_box\"\n\t\t\t\t\t\t\t\t\t\t\t\t style=\"background-color:#ffffff;color:#050505\"\t\t\t\t\t><svg  class=\"tf_fa tf-ti-email\" xmlns:xlink=\"http:\/\/www.w3.org\/1999\/xlink\" aria-hidden=\"true\"><use href=\"#tf-ti-email\" xlink:href=\"#tf-ti-email\"><\/use><\/svg><\/em>\n\t\t\t\t\t\t\t\t\t\t\t\t\t\t\t\t\t\t\t<span>Basel: Brigitte Engel \u2013 basel@shoms.ch<\/span>\n\t\t\t\t\t\t\t\t\t\t\t\t\t\t\t\t\t<\/a>\n\t\t\t\t\t<\/div>\n\t<\/div>\n<!-- \/module icon -->\n        <\/div>\n                        <\/div>\n        <\/div>\n            <\/div>\n<!--\/themify_builder_content--><\/div>\n<\/div>\n<!-- \/module template_part -->        <\/div>\n                        <\/div>\n        <\/div>\n        <\/div>\n<!--\/themify_builder_content-->\n\n\n<p><\/p>","protected":false},"excerpt":{"rendered":"","protected":false},"author":16,"featured_media":0,"parent":2013,"menu_order":0,"comment_status":"closed","ping_status":"closed","template":"","meta":{"inline_featured_image":false,"footnotes":""},"class_list":["post-1816","page","type-page","status-publish","hentry","has-post-title","has-post-date","has-post-category","has-post-tag","has-post-comment","has-post-author",""],"yoast_head":"<!-- This site is optimized with the Yoast SEO plugin v27.3 - https:\/\/yoast.com\/product\/yoast-seo-wordpress\/ -->\n<title>Basel - Shoms.ch<\/title>\n<meta name=\"robots\" content=\"index, follow, max-snippet:-1, max-image-preview:large, max-video-preview:-1\" \/>\n<link rel=\"canonical\" href=\"https:\/\/shoms.ch\/fr\/nos-sections\/bale\/\" \/>\n<meta property=\"og:locale\" content=\"fr_FR\" \/>\n<meta property=\"og:type\" content=\"article\" \/>\n<meta property=\"og:title\" content=\"Basel - Shoms.ch\" \/>\n<meta property=\"og:url\" content=\"https:\/\/shoms.ch\/fr\/nos-sections\/bale\/\" \/>\n<meta property=\"og:site_name\" content=\"Shoms.ch\" \/>\n<meta property=\"article:modified_time\" content=\"2023-11-10T21:03:26+00:00\" \/>\n<meta name=\"twitter:card\" content=\"summary_large_image\" \/>\n<script type=\"application\/ld+json\" class=\"yoast-schema-graph\">{\"@context\":\"https:\\\/\\\/schema.org\",\"@graph\":[{\"@type\":\"WebPage\",\"@id\":\"https:\\\/\\\/shoms.ch\\\/fr\\\/nos-sections\\\/bale\\\/\",\"url\":\"https:\\\/\\\/shoms.ch\\\/fr\\\/nos-sections\\\/bale\\\/\",\"name\":\"Basel - Shoms.ch\",\"isPartOf\":{\"@id\":\"https:\\\/\\\/shoms.ch\\\/it\\\/#website\"},\"datePublished\":\"2021-06-29T09:53:58+00:00\",\"dateModified\":\"2023-11-10T21:03:26+00:00\",\"breadcrumb\":{\"@id\":\"https:\\\/\\\/shoms.ch\\\/fr\\\/nos-sections\\\/bale\\\/#breadcrumb\"},\"inLanguage\":\"fr-FR\",\"potentialAction\":[{\"@type\":\"ReadAction\",\"target\":[\"https:\\\/\\\/shoms.ch\\\/fr\\\/nos-sections\\\/bale\\\/\"]}]},{\"@type\":\"BreadcrumbList\",\"@id\":\"https:\\\/\\\/shoms.ch\\\/fr\\\/nos-sections\\\/bale\\\/#breadcrumb\",\"itemListElement\":[{\"@type\":\"ListItem\",\"position\":1,\"name\":\"Startseite\",\"item\":\"https:\\\/\\\/shoms.ch\\\/fr\\\/\"},{\"@type\":\"ListItem\",\"position\":2,\"name\":\"Nos sections\",\"item\":\"https:\\\/\\\/shoms.ch\\\/fr\\\/nos-sections\\\/\"},{\"@type\":\"ListItem\",\"position\":3,\"name\":\"Basel\"}]},{\"@type\":\"WebSite\",\"@id\":\"https:\\\/\\\/shoms.ch\\\/it\\\/#website\",\"url\":\"https:\\\/\\\/shoms.ch\\\/it\\\/\",\"name\":\"Shoms.ch\",\"description\":\"MALTESER HOSPITALDIENST SCHWEIZ (MHDS)\",\"potentialAction\":[{\"@type\":\"SearchAction\",\"target\":{\"@type\":\"EntryPoint\",\"urlTemplate\":\"https:\\\/\\\/shoms.ch\\\/it\\\/?s={search_term_string}\"},\"query-input\":{\"@type\":\"PropertyValueSpecification\",\"valueRequired\":true,\"valueName\":\"search_term_string\"}}],\"inLanguage\":\"fr-FR\"}]}<\/script>\n<!-- \/ Yoast SEO plugin. -->","yoast_head_json":{"title":"Basel - Shoms.ch","robots":{"index":"index","follow":"follow","max-snippet":"max-snippet:-1","max-image-preview":"max-image-preview:large","max-video-preview":"max-video-preview:-1"},"canonical":"https:\/\/shoms.ch\/fr\/nos-sections\/bale\/","og_locale":"fr_FR","og_type":"article","og_title":"Basel - Shoms.ch","og_url":"https:\/\/shoms.ch\/fr\/nos-sections\/bale\/","og_site_name":"Shoms.ch","article_modified_time":"2023-11-10T21:03:26+00:00","twitter_card":"summary_large_image","schema":{"@context":"https:\/\/schema.org","@graph":[{"@type":"WebPage","@id":"https:\/\/shoms.ch\/fr\/nos-sections\/bale\/","url":"https:\/\/shoms.ch\/fr\/nos-sections\/bale\/","name":"Basel - Shoms.ch","isPartOf":{"@id":"https:\/\/shoms.ch\/it\/#website"},"datePublished":"2021-06-29T09:53:58+00:00","dateModified":"2023-11-10T21:03:26+00:00","breadcrumb":{"@id":"https:\/\/shoms.ch\/fr\/nos-sections\/bale\/#breadcrumb"},"inLanguage":"fr-FR","potentialAction":[{"@type":"ReadAction","target":["https:\/\/shoms.ch\/fr\/nos-sections\/bale\/"]}]},{"@type":"BreadcrumbList","@id":"https:\/\/shoms.ch\/fr\/nos-sections\/bale\/#breadcrumb","itemListElement":[{"@type":"ListItem","position":1,"name":"Startseite","item":"https:\/\/shoms.ch\/fr\/"},{"@type":"ListItem","position":2,"name":"Nos sections","item":"https:\/\/shoms.ch\/fr\/nos-sections\/"},{"@type":"ListItem","position":3,"name":"Basel"}]},{"@type":"WebSite","@id":"https:\/\/shoms.ch\/it\/#website","url":"https:\/\/shoms.ch\/it\/","name":"Shoms.ch","description":"MALTESER HOSPITALDIENST SCHWEIZ (MHDS)","potentialAction":[{"@type":"SearchAction","target":{"@type":"EntryPoint","urlTemplate":"https:\/\/shoms.ch\/it\/?s={search_term_string}"},"query-input":{"@type":"PropertyValueSpecification","valueRequired":true,"valueName":"search_term_string"}}],"inLanguage":"fr-FR"}]}},"builder_content":"<h2>\u00a0<\/h2> <h2>Bienvenue \u00e0 la section de B\u00e2le<\/h2>\n<article id=\"node-10\"> \u00a0\n<p>\u00a0<\/p>\n<\/article>\n<img src=\"https:\/\/sites.ordredemaltesuisse.org\/shoms\/wp-content\/uploads\/sites\/11\/2021\/07\/Basel_rund.png\" width=\"174\" height=\"178\" title=\"Basel\" alt=\"Basel\">\n<p>La section de B\u00e2le a \u00e9t\u00e9 fond\u00e9e en 1997 et compte 30 membres actifs. Toute personne d\u00e9sireuse de d\u00e9couvrir la section et ses activit\u00e9s est la bienvenue. Prenez contact avec le chef de section.<\/p> <p><br \/>Nous nous engageons dans diverses activit\u00e9s dont :<\/p>\n<ul><li><h4>Tischlein Deck Dich, Zwinglihaus<\/h4>\n<p><img src=\"https:\/\/sites.ordredemaltesuisse.org\/shoms\/wp-content\/uploads\/sites\/11\/2021\/06\/dsc03828_2.jpg\" alt=\"\" width=\"220\" height=\"147\" \/><\/p> <p><u><strong>Einsatztag<\/strong><\/u>: dienstags 8.30h \u2013 11.30h<\/p> <p><u><strong>Aufgabe<\/strong><\/u>: Entgegennahme der gut erhaltenen Lebensmittel, die per Camion von Tischlein deck dich Schweiz angeliefert werden und diese in Rollwagen ins Haus bringen. Auf Tische ordnen, stapeln, z\u00e4hlen. Kontrolle der TDD-Bezugskarten der Sozialbez\u00fcger, die eine Bezugsberechtigung haben. Bez\u00fcger durch die Tischreihen f\u00fchren und ausgerechnete Anzahl Lebensmittel pro Familie abgeben. Abgaber\u00e4ume reinigen und aufr\u00e4umen.<\/p> <p><u><strong>Malteser-Pr\u00e4senz<\/strong><\/u>: 9 Personen<\/p>\n<\/li><\/ul>\n<ul><li><h4>Weihnachtsp\u00e4ckli f\u00fcr Bed\u00fcrftige<\/h4>\n<p><img src=\"https:\/\/sites.ordredemaltesuisse.org\/shoms\/wp-content\/uploads\/sites\/11\/2021\/06\/weihnachtsgeschenke.jpg\" alt=\"\" width=\"220\" height=\"149\" \/><\/p> <p><u><strong>Einsatztag<\/strong><\/u>: im November<\/p> <p><u><strong>Aufgabe<\/strong><\/u>: Besorgen, zusammenstellen, verpacken und beschriften von Weihnachtsgeschenken f\u00fcr bed\u00fcrftige Menschen jeden Alters in Osteuropa. Sammlung in Basel und dann Transport zum Lager der Osteuropahilfe, welche diese Pakete zum Zielort liefert und verteilt.<\/p> <p><u><strong>Malteser-Pr\u00e4senz<\/strong><\/u>: alle Mitglieder der Sektion<\/p>\n<\/li><\/ul>\n<ul><li><h4>Eucharistiefeiern Sektion Basel<\/h4>\n<p><img src=\"https:\/\/sites.ordredemaltesuisse.org\/shoms\/wp-content\/uploads\/sites\/11\/2021\/06\/IMG_0563_0-300x225.jpg\" alt=\"\" width=\"229\" height=\"172\" \/><\/p> <p><strong>Eucharistiefeiern mit unserem SHOMS Aum\u00f4nier<\/strong>: 2 bis 3 mal j\u00e4hrlich in der Pfarrei St. Nikolaus in Reinach um 19 Uhr.\u00a0 Johanniter und Freunde aus allen Sektionen sind herzlich willkommen.<\/p> <p><strong>Eucharistiefeier in der Gnadenkapelle im Benediktinerkloster Mariastein<\/strong><br \/>Einmal j\u00e4hrlich im Herbst, 16.30h. mit unseren ehemaligen Lourdes-Pilgern und der Solothurner Sektion. Johanniter und Freunde aus allen Sektionen sind herzlich willkommen.<\/p>\n<\/li><\/ul>\n<ul><li><h4>Freiwilligeneinsatz im Claraspital<\/h4><p><img src=\"https:\/\/shoms.ch\/wp-content\/uploads\/sites\/11\/2023\/11\/Mediacorner_Spaltenelement_Hub1-300x168.jpg\" alt=\"\" width=\"300\" height=\"168\" \/><\/p> <h4>In Zusammenarbeit mit der Johanniter Hilfsgemeinschaft Basel<\/h4> <p><u><strong>Aufgabe<\/strong><\/u>:<\/p> <p>\u2022 Begleitdienste f\u00fcr Eintritte ins Spital am Abend und an Wochenenden<\/p> <p>\u2022 Begleitdienste von Patienten auf der Palliativstation\u00a0oder der Onkologiestation<\/p> <p>\u2022 Allgemeine Begleitdienste, z.B. Spazierg\u00e4nge mit Patienten\u00a0<\/p> <p>\u2022 Besuchsdienste von Patienten\u00a0<\/p> <p>\u2022 Administration\u00a0<\/p> <p>\u2022 Sonderauftr\u00e4ge\u00a0<\/p> <p><u><strong>Malteser-Pr\u00e4senz<\/strong><\/u>: 2 bis 3 Eins\u00e4tze pro Monat<\/p> <p>\u00a0<\/p><\/li><\/ul>","_links":{"self":[{"href":"https:\/\/shoms.ch\/fr\/wp-json\/wp\/v2\/pages\/1816","targetHints":{"allow":["GET"]}}],"collection":[{"href":"https:\/\/shoms.ch\/fr\/wp-json\/wp\/v2\/pages"}],"about":[{"href":"https:\/\/shoms.ch\/fr\/wp-json\/wp\/v2\/types\/page"}],"author":[{"embeddable":true,"href":"https:\/\/shoms.ch\/fr\/wp-json\/wp\/v2\/users\/16"}],"replies":[{"embeddable":true,"href":"https:\/\/shoms.ch\/fr\/wp-json\/wp\/v2\/comments?post=1816"}],"version-history":[{"count":20,"href":"https:\/\/shoms.ch\/fr\/wp-json\/wp\/v2\/pages\/1816\/revisions"}],"predecessor-version":[{"id":3727,"href":"https:\/\/shoms.ch\/fr\/wp-json\/wp\/v2\/pages\/1816\/revisions\/3727"}],"up":[{"embeddable":true,"href":"https:\/\/shoms.ch\/fr\/wp-json\/wp\/v2\/pages\/2013"}],"wp:attachment":[{"href":"https:\/\/shoms.ch\/fr\/wp-json\/wp\/v2\/media?parent=1816"}],"curies":[{"name":"wp","href":"https:\/\/api.w.org\/{rel}","templated":true}]}}