{"id":2006,"date":"2021-07-05T09:21:22","date_gmt":"2021-07-05T07:21:22","guid":{"rendered":"https:\/\/sites.ordredemaltesuisse.org\/shoms\/solothurn\/"},"modified":"2022-05-15T23:52:32","modified_gmt":"2022-05-15T21:52:32","slug":"soleure","status":"publish","type":"page","link":"https:\/\/shoms.ch\/fr\/nos-sections\/soleure\/","title":{"rendered":"Soleure"},"content":{"rendered":"<!--themify_builder_content-->\n<div id=\"themify_builder_content-2006\" data-postid=\"2006\" class=\"themify_builder_content themify_builder_content-2006 themify_builder tf_clear\">\n                    <div  data-lazy=\"1\" class=\"module_row themify_builder_row tb_d5nu622 tb_first tf_w\">\n                        <div class=\"row_inner col_align_top tb_col_count_2 tf_box tf_rel\">\n                        <div  data-lazy=\"1\" class=\"module_column tb-column col2-1 tb_ihgy623 first\">\n                    <!-- module text -->\n<div  class=\"module module-text tb_wajo394   \" data-lazy=\"1\">\n        <div  class=\"tb_text_wrap\">\n        <h2>\u00a0<\/h2>\n<h1 class=\"wp-block wp-block-post-title block-editor-block-list__block editor-post-title editor-post-title__input rich-text is-selected\" role=\"textbox\" contenteditable=\"true\" aria-label=\"Add title\" aria-multiline=\"true\">Bienvenue \u00e0 la section de Soleure<\/h1>    <\/div>\n<\/div>\n<!-- \/module text -->        <\/div>\n                    <div  data-lazy=\"1\" class=\"module_column tb-column col2-1 tb_tubj623 last\">\n                    <!-- module image -->\n<div  class=\"module module-image tb_q5vp519 image-top   tf_mw\" data-lazy=\"1\">\n        <div class=\"image-wrap tf_rel tf_mw\">\n            <img loading=\"lazy\" decoding=\"async\" src=\"https:\/\/sites.ordredemaltesuisse.org\/shoms\/wp-content\/uploads\/sites\/11\/2021\/09\/solothurn.jpg\" width=\"196\" height=\"168\" title=\"Soleure\" alt=\"Soleure\">    \n        <\/div>\n    <!-- \/image-wrap -->\n    \n        <\/div>\n<!-- \/module image -->        <\/div>\n                        <\/div>\n        <\/div>\n                        <div  data-lazy=\"1\" class=\"module_row themify_builder_row tb_nrk3151 tf_w\">\n                        <div class=\"row_inner col_align_top tb_col_count_1 tf_box tf_rel\">\n                        <div  data-lazy=\"1\" class=\"module_column tb-column col-full tb_1lvp152 first\">\n                    <!-- module text -->\n<div  class=\"module module-text tb_rdlt291   \" data-lazy=\"1\">\n        <div  class=\"tb_text_wrap\">\n        <p>La section de Soleure a \u00e9t\u00e9 en activit\u00e9 de 1988-1999 et a \u00e9t\u00e9 relanc\u00e9e en janvier 2013.\u00a0<br \/><br \/>Depuis 2013, nos activit\u00e9s ont lieu au\u00a0foyer pour personnes \u00e2g\u00e9es, Bellevue, \u00e0 Oberdorf\u00a0: environ\u00a0une fois par mois, nous participons \u00e0 une activit\u00e9\u00a0avec les r\u00e9sidents du foyer. Nous jouons au loto, organisons des apr\u00e8s-midis de chant et donnons un coup de main pour la grillade. Pendant l&#8217;Avent, il y a\u00a0naturellement le p\u00e8re No\u00ebl qui rend visite au foyer.<br \/><br \/>Toute personne d\u00e9sireuse de d\u00e9couvrir la section et ses activit\u00e9s est la bienvenue. Prenez contact en envoyant un courriel \u00e0\u00a0<a href=\"mailto:solothurn@shoms.ch\" target=\"_blank\" rel=\"noopener\">solothurn@shoms.ch<\/a>\u00a0ou adressez-vous au chef de section par t\u00e9l\u00e9phone au 032 623 10 26 ou au\u00a0079 504 73 83.<\/p>    <\/div>\n<\/div>\n<!-- \/module text -->        <\/div>\n                        <\/div>\n        <\/div>\n                        <div  data-lazy=\"1\" class=\"module_row themify_builder_row tb_lerd404 tf_w\">\n                        <div class=\"row_inner col_align_top tb_col_count_1 tf_box tf_rel\">\n                        <div  data-lazy=\"1\" class=\"module_column tb-column col-full tb_6h2z407 first\">\n                    <!-- module image -->\n<div  class=\"module module-image tb_vgxc818 image-center   tf_mw\" data-lazy=\"1\">\n        <div class=\"image-wrap tf_rel tf_mw\">\n            <img loading=\"lazy\" decoding=\"async\" src=\"https:\/\/sites.ordredemaltesuisse.org\/shoms\/wp-content\/uploads\/sites\/11\/2021\/07\/p1010440.jpg\" width=\"448\" height=\"235\" title=\"Soleure\" alt=\"Soleure\">    \n        <\/div>\n    <!-- \/image-wrap -->\n    \n        <\/div>\n<!-- \/module image -->        <\/div>\n                        <\/div>\n        <\/div>\n                        <div  data-lazy=\"1\" class=\"module_row themify_builder_row tb_jznt844 tf_w\">\n                        <div class=\"row_inner col_align_top tb_col_count_1 tf_box tf_rel\">\n                        <div  data-lazy=\"1\" class=\"module_column tb-column col-full tb_uwro848 first\">\n                    <!-- module template_part -->\n<div  class=\"module module-layout-part tb_x9sy943 \">\n    <div class=\"tb_layout_part_wrap tf_w\"><!--themify_builder_content-->\n    <div  class=\"themify_builder_content themify_builder_content-2826 themify_builder not_editable_builder in_the_loop\" data-postid=\"2826\">\n                        <div  data-lazy=\"1\" class=\"module_row themify_builder_row tb_2wgs141 tf_w\">\n                        <div class=\"row_inner col_align_top tb_col_count_1 tf_box tf_rel\">\n                        <div  data-lazy=\"1\" class=\"module_column tb-column col-full tb_z5gi142 first\">\n                    <!-- module divider -->\n<div  class=\"module tf_mw module-divider tb_ams6142 solid   \" style=\"border-width: 10px;border-color: rgba(0,0,0, 0);\" data-lazy=\"1\">\n    <\/div>\n<!-- \/module divider -->\n<!-- module text -->\n<div  class=\"module module-text tb_mf2e143   \" data-lazy=\"1\">\n    <h3 class=\"module-title\">Agenda:<\/h3>    <div  class=\"tb_text_wrap\">\n            <\/div>\n<\/div>\n<!-- \/module text --><!-- module plain text -->\n<div  class=\"module module-plain-text tb_q7qu143 \" data-lazy=\"1\">\n        <div class=\"tb_text_wrap\">\n    <div class=\"r34ics-ajax-container loading\" id=\"r69d6277b52647bd\" data-view=\"list\" data-view-is-list-style=\"1\" data-view-is-list-long=\"1\" data-args=\"38779137862f4f85edfc56320e47a54e7ae345fe\" data-js-args=\"{&quot;debug&quot;:null}\">&nbsp;<\/div>\n    <\/div>\n<\/div>\n<!-- \/module plain text -->        <\/div>\n                        <\/div>\n        <\/div>\n            <\/div>\n<!--\/themify_builder_content--><\/div>\n<\/div>\n<!-- \/module template_part --><!-- module template_part -->\n<div  class=\"module module-layout-part tb_m48e832 \">\n    <div class=\"tb_layout_part_wrap tf_w\"><!--themify_builder_content-->\n    <div  class=\"themify_builder_content themify_builder_content-1995 themify_builder not_editable_builder in_the_loop\" data-postid=\"1995\">\n                        <div  data-lazy=\"1\" class=\"module_row themify_builder_row tb_ueo417 tf_w\">\n                        <div class=\"row_inner col_align_top tb_col_count_1 tf_box tf_rel\">\n                        <div  data-lazy=\"1\" class=\"module_column tb-column col-full tb_o7j818 first\">\n                    <!-- module icon -->\n<div  class=\"module module-icon tb_ze5c19    icon_horizontal \" data-lazy=\"1\">\n\t\t\t<div class=\"module-icon-item\">\n\t\t\t\t\t\t\t<a href=\"mailto:solothurn@shoms.ch\" rel=\"noopener\" target=\"_blank\">\n\t\t\t\t\t\t\t\t\t\t\t\t\t\t\t\t\t<em class=\"tf_box\"\n\t\t\t\t\t\t\t\t\t\t\t\t style=\"background-color:#ffffff;color:#050505\"\t\t\t\t\t><svg  class=\"tf_fa tf-ti-email\" xmlns:xlink=\"http:\/\/www.w3.org\/1999\/xlink\" aria-hidden=\"true\"><use href=\"#tf-ti-email\" xlink:href=\"#tf-ti-email\"><\/use><\/svg><\/em>\n\t\t\t\t\t\t\t\t\t\t\t\t\t\t\t\t\t\t\t<span>Solothurn: Andreas von Jaross \u2013 solothurn@shoms.ch<\/span>\n\t\t\t\t\t\t\t\t\t\t\t\t\t\t\t\t\t<\/a>\n\t\t\t\t\t<\/div>\n\t<\/div>\n<!-- \/module icon -->\n        <\/div>\n                        <\/div>\n        <\/div>\n            <\/div>\n<!--\/themify_builder_content--><\/div>\n<\/div>\n<!-- \/module template_part -->        <\/div>\n                        <\/div>\n        <\/div>\n        <\/div>\n<!--\/themify_builder_content-->","protected":false},"excerpt":{"rendered":"<p>\u00a0 Bienvenue \u00e0 la section de Soleure<\/p>\n","protected":false},"author":16,"featured_media":0,"parent":2013,"menu_order":0,"comment_status":"closed","ping_status":"closed","template":"","meta":{"inline_featured_image":false,"footnotes":""},"class_list":["post-2006","page","type-page","status-publish","hentry","has-post-title","has-post-date","has-post-category","has-post-tag","has-post-comment","has-post-author",""],"yoast_head":"<!-- This site is optimized with the Yoast SEO plugin v27.3 - https:\/\/yoast.com\/product\/yoast-seo-wordpress\/ -->\n<title>Soleure - Shoms.ch<\/title>\n<meta name=\"robots\" content=\"index, follow, max-snippet:-1, max-image-preview:large, max-video-preview:-1\" \/>\n<link rel=\"canonical\" href=\"https:\/\/shoms.ch\/fr\/nos-sections\/soleure\/\" \/>\n<meta property=\"og:locale\" content=\"fr_FR\" \/>\n<meta property=\"og:type\" content=\"article\" \/>\n<meta property=\"og:title\" content=\"Soleure - Shoms.ch\" \/>\n<meta property=\"og:description\" content=\"\u00a0 Bienvenue \u00e0 la section de Soleure\" \/>\n<meta property=\"og:url\" content=\"https:\/\/shoms.ch\/fr\/nos-sections\/soleure\/\" \/>\n<meta property=\"og:site_name\" content=\"Shoms.ch\" \/>\n<meta property=\"article:modified_time\" content=\"2022-05-15T21:52:32+00:00\" \/>\n<meta name=\"twitter:card\" content=\"summary_large_image\" \/>\n<script type=\"application\/ld+json\" class=\"yoast-schema-graph\">{\"@context\":\"https:\\\/\\\/schema.org\",\"@graph\":[{\"@type\":\"WebPage\",\"@id\":\"https:\\\/\\\/shoms.ch\\\/fr\\\/nos-sections\\\/soleure\\\/\",\"url\":\"https:\\\/\\\/shoms.ch\\\/fr\\\/nos-sections\\\/soleure\\\/\",\"name\":\"Soleure - Shoms.ch\",\"isPartOf\":{\"@id\":\"https:\\\/\\\/shoms.ch\\\/it\\\/#website\"},\"datePublished\":\"2021-07-05T07:21:22+00:00\",\"dateModified\":\"2022-05-15T21:52:32+00:00\",\"breadcrumb\":{\"@id\":\"https:\\\/\\\/shoms.ch\\\/fr\\\/nos-sections\\\/soleure\\\/#breadcrumb\"},\"inLanguage\":\"fr-FR\",\"potentialAction\":[{\"@type\":\"ReadAction\",\"target\":[\"https:\\\/\\\/shoms.ch\\\/fr\\\/nos-sections\\\/soleure\\\/\"]}]},{\"@type\":\"BreadcrumbList\",\"@id\":\"https:\\\/\\\/shoms.ch\\\/fr\\\/nos-sections\\\/soleure\\\/#breadcrumb\",\"itemListElement\":[{\"@type\":\"ListItem\",\"position\":1,\"name\":\"Startseite\",\"item\":\"https:\\\/\\\/shoms.ch\\\/fr\\\/\"},{\"@type\":\"ListItem\",\"position\":2,\"name\":\"Nos sections\",\"item\":\"https:\\\/\\\/shoms.ch\\\/fr\\\/nos-sections\\\/\"},{\"@type\":\"ListItem\",\"position\":3,\"name\":\"Soleure\"}]},{\"@type\":\"WebSite\",\"@id\":\"https:\\\/\\\/shoms.ch\\\/it\\\/#website\",\"url\":\"https:\\\/\\\/shoms.ch\\\/it\\\/\",\"name\":\"Shoms.ch\",\"description\":\"MALTESER HOSPITALDIENST SCHWEIZ (MHDS)\",\"potentialAction\":[{\"@type\":\"SearchAction\",\"target\":{\"@type\":\"EntryPoint\",\"urlTemplate\":\"https:\\\/\\\/shoms.ch\\\/it\\\/?s={search_term_string}\"},\"query-input\":{\"@type\":\"PropertyValueSpecification\",\"valueRequired\":true,\"valueName\":\"search_term_string\"}}],\"inLanguage\":\"fr-FR\"}]}<\/script>\n<!-- \/ Yoast SEO plugin. -->","yoast_head_json":{"title":"Soleure - Shoms.ch","robots":{"index":"index","follow":"follow","max-snippet":"max-snippet:-1","max-image-preview":"max-image-preview:large","max-video-preview":"max-video-preview:-1"},"canonical":"https:\/\/shoms.ch\/fr\/nos-sections\/soleure\/","og_locale":"fr_FR","og_type":"article","og_title":"Soleure - Shoms.ch","og_description":"\u00a0 Bienvenue \u00e0 la section de Soleure","og_url":"https:\/\/shoms.ch\/fr\/nos-sections\/soleure\/","og_site_name":"Shoms.ch","article_modified_time":"2022-05-15T21:52:32+00:00","twitter_card":"summary_large_image","schema":{"@context":"https:\/\/schema.org","@graph":[{"@type":"WebPage","@id":"https:\/\/shoms.ch\/fr\/nos-sections\/soleure\/","url":"https:\/\/shoms.ch\/fr\/nos-sections\/soleure\/","name":"Soleure - Shoms.ch","isPartOf":{"@id":"https:\/\/shoms.ch\/it\/#website"},"datePublished":"2021-07-05T07:21:22+00:00","dateModified":"2022-05-15T21:52:32+00:00","breadcrumb":{"@id":"https:\/\/shoms.ch\/fr\/nos-sections\/soleure\/#breadcrumb"},"inLanguage":"fr-FR","potentialAction":[{"@type":"ReadAction","target":["https:\/\/shoms.ch\/fr\/nos-sections\/soleure\/"]}]},{"@type":"BreadcrumbList","@id":"https:\/\/shoms.ch\/fr\/nos-sections\/soleure\/#breadcrumb","itemListElement":[{"@type":"ListItem","position":1,"name":"Startseite","item":"https:\/\/shoms.ch\/fr\/"},{"@type":"ListItem","position":2,"name":"Nos sections","item":"https:\/\/shoms.ch\/fr\/nos-sections\/"},{"@type":"ListItem","position":3,"name":"Soleure"}]},{"@type":"WebSite","@id":"https:\/\/shoms.ch\/it\/#website","url":"https:\/\/shoms.ch\/it\/","name":"Shoms.ch","description":"MALTESER HOSPITALDIENST SCHWEIZ (MHDS)","potentialAction":[{"@type":"SearchAction","target":{"@type":"EntryPoint","urlTemplate":"https:\/\/shoms.ch\/it\/?s={search_term_string}"},"query-input":{"@type":"PropertyValueSpecification","valueRequired":true,"valueName":"search_term_string"}}],"inLanguage":"fr-FR"}]}},"builder_content":"<h2>\u00a0<\/h2> <h1 role=\"textbox\" contenteditable=\"true\" aria-label=\"Add title\" aria-multiline=\"true\">Bienvenue \u00e0 la section de Soleure<\/h1>\n<img src=\"https:\/\/sites.ordredemaltesuisse.org\/shoms\/wp-content\/uploads\/sites\/11\/2021\/09\/solothurn.jpg\" width=\"196\" height=\"168\" title=\"Soleure\" alt=\"Soleure\">\n<p>La section de Soleure a \u00e9t\u00e9 en activit\u00e9 de 1988-1999 et a \u00e9t\u00e9 relanc\u00e9e en janvier 2013.\u00a0<br \/><br \/>Depuis 2013, nos activit\u00e9s ont lieu au\u00a0foyer pour personnes \u00e2g\u00e9es, Bellevue, \u00e0 Oberdorf\u00a0: environ\u00a0une fois par mois, nous participons \u00e0 une activit\u00e9\u00a0avec les r\u00e9sidents du foyer. Nous jouons au loto, organisons des apr\u00e8s-midis de chant et donnons un coup de main pour la grillade. Pendant l'Avent, il y a\u00a0naturellement le p\u00e8re No\u00ebl qui rend visite au foyer.<br \/><br \/>Toute personne d\u00e9sireuse de d\u00e9couvrir la section et ses activit\u00e9s est la bienvenue. Prenez contact en envoyant un courriel \u00e0\u00a0<a href=\"mailto:solothurn@shoms.ch\" target=\"_blank\" rel=\"noopener\">solothurn@shoms.ch<\/a>\u00a0ou adressez-vous au chef de section par t\u00e9l\u00e9phone au 032 623 10 26 ou au\u00a0079 504 73 83.<\/p>\n<img src=\"https:\/\/sites.ordredemaltesuisse.org\/shoms\/wp-content\/uploads\/sites\/11\/2021\/07\/p1010440.jpg\" width=\"448\" height=\"235\" title=\"Soleure\" alt=\"Soleure\">","_links":{"self":[{"href":"https:\/\/shoms.ch\/fr\/wp-json\/wp\/v2\/pages\/2006","targetHints":{"allow":["GET"]}}],"collection":[{"href":"https:\/\/shoms.ch\/fr\/wp-json\/wp\/v2\/pages"}],"about":[{"href":"https:\/\/shoms.ch\/fr\/wp-json\/wp\/v2\/types\/page"}],"author":[{"embeddable":true,"href":"https:\/\/shoms.ch\/fr\/wp-json\/wp\/v2\/users\/16"}],"replies":[{"embeddable":true,"href":"https:\/\/shoms.ch\/fr\/wp-json\/wp\/v2\/comments?post=2006"}],"version-history":[{"count":7,"href":"https:\/\/shoms.ch\/fr\/wp-json\/wp\/v2\/pages\/2006\/revisions"}],"predecessor-version":[{"id":2849,"href":"https:\/\/shoms.ch\/fr\/wp-json\/wp\/v2\/pages\/2006\/revisions\/2849"}],"up":[{"embeddable":true,"href":"https:\/\/shoms.ch\/fr\/wp-json\/wp\/v2\/pages\/2013"}],"wp:attachment":[{"href":"https:\/\/shoms.ch\/fr\/wp-json\/wp\/v2\/media?parent=2006"}],"curies":[{"name":"wp","href":"https:\/\/api.w.org\/{rel}","templated":true}]}}