{"id":2144,"date":"2021-06-22T10:56:42","date_gmt":"2021-06-22T08:56:42","guid":{"rendered":"https:\/\/sites.ordredemaltesuisse.org\/shoms\/wie-helfen\/"},"modified":"2024-10-28T23:07:00","modified_gmt":"2024-10-28T22:07:00","slug":"comment-aider","status":"publish","type":"page","link":"https:\/\/shoms.ch\/fr\/comment-aider\/","title":{"rendered":"Comment aider?"},"content":{"rendered":"<!--themify_builder_content-->\n<div id=\"themify_builder_content-2144\" data-postid=\"2144\" class=\"themify_builder_content themify_builder_content-2144 themify_builder tf_clear\">\n                    <div  data-lazy=\"1\" class=\"module_row themify_builder_row tb_trcq670 tb_first tf_w\">\n                        <div class=\"row_inner col_align_top tb_col_count_1 tf_box tf_rel\">\n                        <div  data-lazy=\"1\" class=\"module_column tb-column col-full tb_ptww671 first\">\n                    <!-- module image -->\n<div  class=\"module module-image tb_14qc110 image-top   tf_mw\" data-lazy=\"1\">\n        <div class=\"image-wrap tf_rel tf_mw\">\n            <img loading=\"lazy\" decoding=\"async\" src=\"https:\/\/sites.ordredemaltesuisse.org\/shoms\/wp-content\/uploads\/sites\/11\/2021\/06\/spende_1.jpg\" width=\"871\" height=\"298\" title=\"Comment aider?\" alt=\"Comment aider?\">    \n        <\/div>\n    <!-- \/image-wrap -->\n    \n        <\/div>\n<!-- \/module image -->        <\/div>\n                        <\/div>\n        <\/div>\n                        <div  data-lazy=\"1\" class=\"module_row themify_builder_row tb_zk82661 tf_w\">\n                        <div class=\"row_inner col_align_top tb_col_count_1 tf_box tf_rel\">\n                        <div  data-lazy=\"1\" class=\"module_column tb-column col-full tb_u2tr664 first\">\n                    <!-- module text -->\n<div  class=\"module module-text tb_wzxw474   \" data-lazy=\"1\">\n        <div  class=\"tb_text_wrap\">\n        <h6>\u00a0<\/h6>\n<h4><strong>Donnez-nous la force de soutenir les plus faibles<\/strong><\/h4>\n<p>Vous avez diff\u00e9rentes possibilit\u00e9s de vous engager pour le SHOMS.<\/p>\n<p><strong>Voulez-vous donner un coup de main personellement?<\/strong> Dans ce cas, prenez contact avec le <a href=\"https:\/\/www.shoms.ch\/fr\/contact\/\" target=\"_top\"><strong>chef de section<\/strong> <\/a>dans la r\u00e9gion dans laquelle vous aimeriez rendre service.\u00a0<\/p>\n<p><a href=\"https:\/\/aidass.ch\/fr\/\"><strong>Aide &amp; Assistance<\/strong><\/a> a parfois besoin de main d&#8217;oeuvre en semaine et aux horaires de bureaux. Si vous avez la capacit\u00e9 d&#8217;aider en tenant compte de ces contraintes vous pouvez vous inscrire sur le formulaire disponible sous <strong><a href=\"https:\/\/www.shoms.ch\/fr\/inscription-aide-assistance\">ce lien<\/a><\/strong> et serez contact\u00e9s en cas de besoin.<\/p>\n<p>Bien que tous nos services soient rendus par des b\u00e9n\u00e9voles, nos activit\u00e9s au sein des sections et en-dehors ne seraient pas imaginables sans <strong>aide financi\u00e8re<\/strong>. Ainsi, diff\u00e9rentes actions de recherche de fonds ont lieu en faveur de nos \u0153uvres en Suisse et \u00e0 l\u2019\u00e9tranger.<\/p>\n<p>Vous pouvez soutenir nos actions caritatives par des<strong> dons<\/strong> au Service Hospitalier de l&#8217;Ordre de Malte Suisse.<\/p>\n<table style=\"height: 29px\" border=\".1\" width=\"745\" cellspacing=\"0\" cellpadding=\"0\">\n<tbody>\n<tr>\n<td>PC 30-36100-6<\/td>\n<td>Malteser Hospitaldienst Schweiz (MHDS), Bern<\/td>\n<td>Spende<\/td>\n<td>IBAN CH77 0900 0000 3003 6100 6<\/td>\n<\/tr>\n<\/tbody>\n<\/table>\n<p>\u00a0<\/p>\n<p><strong>Chaque don nous permet de soutenir les \u0153uvres du SHOMS, merci de votre g\u00e9n\u00e9rosit\u00e9\u00a0! <\/strong><br \/>Tout don, m\u00eame modeste, est important!<br \/>Nous aimerions pouvoir vous remercier de chaque contribution, mais nous ne pouvons pas le faire pour des raisons de co\u00fbts. En principe, nous envoyons une lettre de remerciement pour les dons de CHF 50.<\/p>\n<p>Nous remercions nos <strong>membres sympathisants<\/strong> qui versent une contribution annuelle. Aimeriez-vous devenir membre sympathisant? Dans ce cas, contactez notre <a href=\"mailto:secretariat@shoms.ch?subject=Membres%20sympathisant\">secr\u00e9tariat.<\/a><\/p>    <\/div>\n<\/div>\n<!-- \/module text -->        <\/div>\n                        <\/div>\n        <\/div>\n        <\/div>\n<!--\/themify_builder_content-->\n\n\n<p><\/p>\n\n\n\n<p><\/p>","protected":false},"excerpt":{"rendered":"","protected":false},"author":16,"featured_media":0,"parent":0,"menu_order":0,"comment_status":"closed","ping_status":"closed","template":"","meta":{"inline_featured_image":false,"footnotes":""},"class_list":["post-2144","page","type-page","status-publish","hentry","has-post-title","has-post-date","has-post-category","has-post-tag","has-post-comment","has-post-author",""],"yoast_head":"<!-- This site is optimized with the Yoast SEO plugin v27.3 - https:\/\/yoast.com\/product\/yoast-seo-wordpress\/ -->\n<title>Comment aider? - Shoms.ch<\/title>\n<meta name=\"robots\" content=\"index, follow, max-snippet:-1, max-image-preview:large, max-video-preview:-1\" \/>\n<link rel=\"canonical\" href=\"https:\/\/shoms.ch\/fr\/comment-aider\/\" \/>\n<meta property=\"og:locale\" content=\"fr_FR\" \/>\n<meta property=\"og:type\" content=\"article\" \/>\n<meta property=\"og:title\" content=\"Comment aider? - Shoms.ch\" \/>\n<meta property=\"og:url\" content=\"https:\/\/shoms.ch\/fr\/comment-aider\/\" \/>\n<meta property=\"og:site_name\" content=\"Shoms.ch\" \/>\n<meta property=\"article:modified_time\" content=\"2024-10-28T22:07:00+00:00\" \/>\n<meta name=\"twitter:card\" content=\"summary_large_image\" \/>\n<script type=\"application\/ld+json\" class=\"yoast-schema-graph\">{\"@context\":\"https:\\\/\\\/schema.org\",\"@graph\":[{\"@type\":\"WebPage\",\"@id\":\"https:\\\/\\\/shoms.ch\\\/fr\\\/comment-aider\\\/\",\"url\":\"https:\\\/\\\/shoms.ch\\\/fr\\\/comment-aider\\\/\",\"name\":\"Comment aider? - Shoms.ch\",\"isPartOf\":{\"@id\":\"https:\\\/\\\/shoms.ch\\\/it\\\/#website\"},\"datePublished\":\"2021-06-22T08:56:42+00:00\",\"dateModified\":\"2024-10-28T22:07:00+00:00\",\"breadcrumb\":{\"@id\":\"https:\\\/\\\/shoms.ch\\\/fr\\\/comment-aider\\\/#breadcrumb\"},\"inLanguage\":\"fr-FR\",\"potentialAction\":[{\"@type\":\"ReadAction\",\"target\":[\"https:\\\/\\\/shoms.ch\\\/fr\\\/comment-aider\\\/\"]}]},{\"@type\":\"BreadcrumbList\",\"@id\":\"https:\\\/\\\/shoms.ch\\\/fr\\\/comment-aider\\\/#breadcrumb\",\"itemListElement\":[{\"@type\":\"ListItem\",\"position\":1,\"name\":\"Startseite\",\"item\":\"https:\\\/\\\/shoms.ch\\\/fr\\\/\"},{\"@type\":\"ListItem\",\"position\":2,\"name\":\"Comment aider?\"}]},{\"@type\":\"WebSite\",\"@id\":\"https:\\\/\\\/shoms.ch\\\/it\\\/#website\",\"url\":\"https:\\\/\\\/shoms.ch\\\/it\\\/\",\"name\":\"Shoms.ch\",\"description\":\"MALTESER HOSPITALDIENST SCHWEIZ (MHDS)\",\"potentialAction\":[{\"@type\":\"SearchAction\",\"target\":{\"@type\":\"EntryPoint\",\"urlTemplate\":\"https:\\\/\\\/shoms.ch\\\/it\\\/?s={search_term_string}\"},\"query-input\":{\"@type\":\"PropertyValueSpecification\",\"valueRequired\":true,\"valueName\":\"search_term_string\"}}],\"inLanguage\":\"fr-FR\"}]}<\/script>\n<!-- \/ Yoast SEO plugin. -->","yoast_head_json":{"title":"Comment aider? - Shoms.ch","robots":{"index":"index","follow":"follow","max-snippet":"max-snippet:-1","max-image-preview":"max-image-preview:large","max-video-preview":"max-video-preview:-1"},"canonical":"https:\/\/shoms.ch\/fr\/comment-aider\/","og_locale":"fr_FR","og_type":"article","og_title":"Comment aider? - Shoms.ch","og_url":"https:\/\/shoms.ch\/fr\/comment-aider\/","og_site_name":"Shoms.ch","article_modified_time":"2024-10-28T22:07:00+00:00","twitter_card":"summary_large_image","schema":{"@context":"https:\/\/schema.org","@graph":[{"@type":"WebPage","@id":"https:\/\/shoms.ch\/fr\/comment-aider\/","url":"https:\/\/shoms.ch\/fr\/comment-aider\/","name":"Comment aider? - Shoms.ch","isPartOf":{"@id":"https:\/\/shoms.ch\/it\/#website"},"datePublished":"2021-06-22T08:56:42+00:00","dateModified":"2024-10-28T22:07:00+00:00","breadcrumb":{"@id":"https:\/\/shoms.ch\/fr\/comment-aider\/#breadcrumb"},"inLanguage":"fr-FR","potentialAction":[{"@type":"ReadAction","target":["https:\/\/shoms.ch\/fr\/comment-aider\/"]}]},{"@type":"BreadcrumbList","@id":"https:\/\/shoms.ch\/fr\/comment-aider\/#breadcrumb","itemListElement":[{"@type":"ListItem","position":1,"name":"Startseite","item":"https:\/\/shoms.ch\/fr\/"},{"@type":"ListItem","position":2,"name":"Comment aider?"}]},{"@type":"WebSite","@id":"https:\/\/shoms.ch\/it\/#website","url":"https:\/\/shoms.ch\/it\/","name":"Shoms.ch","description":"MALTESER HOSPITALDIENST SCHWEIZ (MHDS)","potentialAction":[{"@type":"SearchAction","target":{"@type":"EntryPoint","urlTemplate":"https:\/\/shoms.ch\/it\/?s={search_term_string}"},"query-input":{"@type":"PropertyValueSpecification","valueRequired":true,"valueName":"search_term_string"}}],"inLanguage":"fr-FR"}]}},"builder_content":"<img src=\"https:\/\/sites.ordredemaltesuisse.org\/shoms\/wp-content\/uploads\/sites\/11\/2021\/06\/spende_1.jpg\" width=\"871\" height=\"298\" title=\"Comment aider?\" alt=\"Comment aider?\">\n<h6>\u00a0<\/h6> <h4><strong>Donnez-nous la force de soutenir les plus faibles<\/strong><\/h4> <p>Vous avez diff\u00e9rentes possibilit\u00e9s de vous engager pour le SHOMS.<\/p> <p><strong>Voulez-vous donner un coup de main personellement?<\/strong> Dans ce cas, prenez contact avec le <a href=\"https:\/\/www.shoms.ch\/fr\/contact\/\" target=\"_top\"><strong>chef de section<\/strong> <\/a>dans la r\u00e9gion dans laquelle vous aimeriez rendre service.\u00a0<\/p> <p><a href=\"https:\/\/aidass.ch\/fr\/\"><strong>Aide &amp; Assistance<\/strong><\/a> a parfois besoin de main d'oeuvre en semaine et aux horaires de bureaux. Si vous avez la capacit\u00e9 d'aider en tenant compte de ces contraintes vous pouvez vous inscrire sur le formulaire disponible sous <strong><a href=\"https:\/\/www.shoms.ch\/fr\/inscription-aide-assistance\">ce lien<\/a><\/strong> et serez contact\u00e9s en cas de besoin.<\/p> <p>Bien que tous nos services soient rendus par des b\u00e9n\u00e9voles, nos activit\u00e9s au sein des sections et en-dehors ne seraient pas imaginables sans <strong>aide financi\u00e8re<\/strong>. Ainsi, diff\u00e9rentes actions de recherche de fonds ont lieu en faveur de nos \u0153uvres en Suisse et \u00e0 l\u2019\u00e9tranger.<\/p> <p>Vous pouvez soutenir nos actions caritatives par des<strong> dons<\/strong> au Service Hospitalier de l'Ordre de Malte Suisse.<\/p> <table style=\"height: 29px\" border=\".1\" width=\"745\" cellspacing=\"0\" cellpadding=\"0\"> <tbody> <tr> <td>PC 30-36100-6<\/td> <td>Malteser Hospitaldienst Schweiz (MHDS), Bern<\/td> <td>Spende<\/td> <td>IBAN CH77 0900 0000 3003 6100 6<\/td> <\/tr> <\/tbody> <\/table> <p>\u00a0<\/p> <p><strong>Chaque don nous permet de soutenir les \u0153uvres du SHOMS, merci de votre g\u00e9n\u00e9rosit\u00e9\u00a0! <\/strong><br \/>Tout don, m\u00eame modeste, est important!<br \/>Nous aimerions pouvoir vous remercier de chaque contribution, mais nous ne pouvons pas le faire pour des raisons de co\u00fbts. En principe, nous envoyons une lettre de remerciement pour les dons de CHF 50.<\/p> <p>Nous remercions nos <strong>membres sympathisants<\/strong> qui versent une contribution annuelle. Aimeriez-vous devenir membre sympathisant? Dans ce cas, contactez notre <a href=\"mailto:secretariat@shoms.ch?subject=Membres%20sympathisant\">secr\u00e9tariat.<\/a><\/p>","_links":{"self":[{"href":"https:\/\/shoms.ch\/fr\/wp-json\/wp\/v2\/pages\/2144","targetHints":{"allow":["GET"]}}],"collection":[{"href":"https:\/\/shoms.ch\/fr\/wp-json\/wp\/v2\/pages"}],"about":[{"href":"https:\/\/shoms.ch\/fr\/wp-json\/wp\/v2\/types\/page"}],"author":[{"embeddable":true,"href":"https:\/\/shoms.ch\/fr\/wp-json\/wp\/v2\/users\/16"}],"replies":[{"embeddable":true,"href":"https:\/\/shoms.ch\/fr\/wp-json\/wp\/v2\/comments?post=2144"}],"version-history":[{"count":4,"href":"https:\/\/shoms.ch\/fr\/wp-json\/wp\/v2\/pages\/2144\/revisions"}],"predecessor-version":[{"id":4123,"href":"https:\/\/shoms.ch\/fr\/wp-json\/wp\/v2\/pages\/2144\/revisions\/4123"}],"wp:attachment":[{"href":"https:\/\/shoms.ch\/fr\/wp-json\/wp\/v2\/media?parent=2144"}],"curies":[{"name":"wp","href":"https:\/\/api.w.org\/{rel}","templated":true}]}}