{"id":2154,"date":"2021-06-22T10:58:32","date_gmt":"2021-06-22T08:58:32","guid":{"rendered":"https:\/\/sites.ordredemaltesuisse.org\/shoms\/agenda\/"},"modified":"2022-05-16T00:26:05","modified_gmt":"2022-05-15T22:26:05","slug":"agenda","status":"publish","type":"page","link":"https:\/\/shoms.ch\/fr\/agenda\/","title":{"rendered":"Agenda"},"content":{"rendered":"<!--themify_builder_content-->\n<div id=\"themify_builder_content-2154\" data-postid=\"2154\" class=\"themify_builder_content themify_builder_content-2154 themify_builder tf_clear\">\n                    <div  data-lazy=\"1\" class=\"module_row themify_builder_row tb_3y0v472 tb_first tf_w\">\n                        <div class=\"row_inner col_align_top tb_col_count_1 tf_box tf_rel\">\n                        <div  data-lazy=\"1\" class=\"module_column tb-column col-full tb_kkpx474 first\">\n                    <!-- module text -->\n<div  class=\"module module-text tb_lrai163   \" data-lazy=\"1\">\n        <div  class=\"tb_text_wrap\">\n        <p>Vous \u00eates cordialement invit\u00e9s \u00e0 prendre part \u00e0 nos activit\u00e9s. Prenez contact avec le <a href=\"\/fr\/contact\/\"><strong>chef de section<\/strong><\/a> concern\u00e9.<\/p>    <\/div>\n<\/div>\n<!-- \/module text --><!-- module template_part -->\n<div  class=\"module module-layout-part tb_2t0m860 \">\n    <div class=\"tb_layout_part_wrap tf_w\"><!--themify_builder_content-->\n    <div  class=\"themify_builder_content themify_builder_content-2885 themify_builder not_editable_builder in_the_loop\" data-postid=\"2885\">\n                        <div  data-lazy=\"1\" class=\"module_row themify_builder_row tb_fq3z218 tf_w\">\n                        <div class=\"row_inner col_align_top tb_col_count_1 tf_box tf_rel\">\n                        <div  data-lazy=\"1\" class=\"module_column tb-column col-full tb_hhd8218 first\">\n                    <!-- module divider -->\n<div  class=\"module tf_mw module-divider tb_gaht219 solid   \" style=\"border-width: 10px;border-color: rgba(0,0,0, 0);\" data-lazy=\"1\">\n    <\/div>\n<!-- \/module divider -->\n<!-- module text -->\n<div  class=\"module module-text tb_93xv220   \" data-lazy=\"1\">\n    <h3 class=\"module-title\">Agenda:<\/h3>    <div  class=\"tb_text_wrap\">\n            <\/div>\n<\/div>\n<!-- \/module text --><!-- module plain text -->\n<div  class=\"module module-plain-text tb_8rei220 \" data-lazy=\"1\">\n        <div class=\"tb_text_wrap\">\n    <div class=\"r34ics-ajax-container loading\" id=\"r69e663b9e5f2480\" data-view=\"list\" data-view-is-list-style=\"1\" data-view-is-list-long=\"1\" data-args=\"89ee28b8675095243284f958aa3af4ae41babd8f\" data-js-args=\"{&quot;debug&quot;:null}\">&nbsp;<\/div>\n    <\/div>\n<\/div>\n<!-- \/module plain text -->        <\/div>\n                        <\/div>\n        <\/div>\n            <\/div>\n<!--\/themify_builder_content--><\/div>\n<\/div>\n<!-- \/module template_part -->        <\/div>\n                        <\/div>\n        <\/div>\n        <\/div>\n<!--\/themify_builder_content-->\n\n\n<p><\/p>","protected":false},"excerpt":{"rendered":"","protected":false},"author":16,"featured_media":0,"parent":0,"menu_order":0,"comment_status":"closed","ping_status":"closed","template":"","meta":{"inline_featured_image":false,"footnotes":""},"class_list":["post-2154","page","type-page","status-publish","hentry","has-post-title","has-post-date","has-post-category","has-post-tag","has-post-comment","has-post-author",""],"yoast_head":"<!-- This site is optimized with the Yoast SEO plugin v27.4 - https:\/\/yoast.com\/product\/yoast-seo-wordpress\/ -->\n<title>Agenda - Shoms.ch<\/title>\n<meta name=\"robots\" content=\"index, follow, max-snippet:-1, max-image-preview:large, max-video-preview:-1\" \/>\n<link rel=\"canonical\" href=\"https:\/\/shoms.ch\/fr\/agenda\/\" \/>\n<meta property=\"og:locale\" content=\"fr_FR\" \/>\n<meta property=\"og:type\" content=\"article\" \/>\n<meta property=\"og:title\" content=\"Agenda - Shoms.ch\" \/>\n<meta property=\"og:url\" content=\"https:\/\/shoms.ch\/fr\/agenda\/\" \/>\n<meta property=\"og:site_name\" content=\"Shoms.ch\" \/>\n<meta property=\"article:modified_time\" content=\"2022-05-15T22:26:05+00:00\" \/>\n<meta name=\"twitter:card\" content=\"summary_large_image\" \/>\n<script type=\"application\/ld+json\" class=\"yoast-schema-graph\">{\"@context\":\"https:\\\/\\\/schema.org\",\"@graph\":[{\"@type\":\"WebPage\",\"@id\":\"https:\\\/\\\/shoms.ch\\\/fr\\\/agenda\\\/\",\"url\":\"https:\\\/\\\/shoms.ch\\\/fr\\\/agenda\\\/\",\"name\":\"Agenda - Shoms.ch\",\"isPartOf\":{\"@id\":\"https:\\\/\\\/shoms.ch\\\/it\\\/#website\"},\"datePublished\":\"2021-06-22T08:58:32+00:00\",\"dateModified\":\"2022-05-15T22:26:05+00:00\",\"breadcrumb\":{\"@id\":\"https:\\\/\\\/shoms.ch\\\/fr\\\/agenda\\\/#breadcrumb\"},\"inLanguage\":\"fr-FR\",\"potentialAction\":[{\"@type\":\"ReadAction\",\"target\":[\"https:\\\/\\\/shoms.ch\\\/fr\\\/agenda\\\/\"]}]},{\"@type\":\"BreadcrumbList\",\"@id\":\"https:\\\/\\\/shoms.ch\\\/fr\\\/agenda\\\/#breadcrumb\",\"itemListElement\":[{\"@type\":\"ListItem\",\"position\":1,\"name\":\"Startseite\",\"item\":\"https:\\\/\\\/shoms.ch\\\/fr\\\/\"},{\"@type\":\"ListItem\",\"position\":2,\"name\":\"Agenda\"}]},{\"@type\":\"WebSite\",\"@id\":\"https:\\\/\\\/shoms.ch\\\/it\\\/#website\",\"url\":\"https:\\\/\\\/shoms.ch\\\/it\\\/\",\"name\":\"Shoms.ch\",\"description\":\"MALTESER HOSPITALDIENST SCHWEIZ (MHDS)\",\"potentialAction\":[{\"@type\":\"SearchAction\",\"target\":{\"@type\":\"EntryPoint\",\"urlTemplate\":\"https:\\\/\\\/shoms.ch\\\/it\\\/?s={search_term_string}\"},\"query-input\":{\"@type\":\"PropertyValueSpecification\",\"valueRequired\":true,\"valueName\":\"search_term_string\"}}],\"inLanguage\":\"fr-FR\"}]}<\/script>\n<!-- \/ Yoast SEO plugin. -->","yoast_head_json":{"title":"Agenda - Shoms.ch","robots":{"index":"index","follow":"follow","max-snippet":"max-snippet:-1","max-image-preview":"max-image-preview:large","max-video-preview":"max-video-preview:-1"},"canonical":"https:\/\/shoms.ch\/fr\/agenda\/","og_locale":"fr_FR","og_type":"article","og_title":"Agenda - Shoms.ch","og_url":"https:\/\/shoms.ch\/fr\/agenda\/","og_site_name":"Shoms.ch","article_modified_time":"2022-05-15T22:26:05+00:00","twitter_card":"summary_large_image","schema":{"@context":"https:\/\/schema.org","@graph":[{"@type":"WebPage","@id":"https:\/\/shoms.ch\/fr\/agenda\/","url":"https:\/\/shoms.ch\/fr\/agenda\/","name":"Agenda - Shoms.ch","isPartOf":{"@id":"https:\/\/shoms.ch\/it\/#website"},"datePublished":"2021-06-22T08:58:32+00:00","dateModified":"2022-05-15T22:26:05+00:00","breadcrumb":{"@id":"https:\/\/shoms.ch\/fr\/agenda\/#breadcrumb"},"inLanguage":"fr-FR","potentialAction":[{"@type":"ReadAction","target":["https:\/\/shoms.ch\/fr\/agenda\/"]}]},{"@type":"BreadcrumbList","@id":"https:\/\/shoms.ch\/fr\/agenda\/#breadcrumb","itemListElement":[{"@type":"ListItem","position":1,"name":"Startseite","item":"https:\/\/shoms.ch\/fr\/"},{"@type":"ListItem","position":2,"name":"Agenda"}]},{"@type":"WebSite","@id":"https:\/\/shoms.ch\/it\/#website","url":"https:\/\/shoms.ch\/it\/","name":"Shoms.ch","description":"MALTESER HOSPITALDIENST SCHWEIZ (MHDS)","potentialAction":[{"@type":"SearchAction","target":{"@type":"EntryPoint","urlTemplate":"https:\/\/shoms.ch\/it\/?s={search_term_string}"},"query-input":{"@type":"PropertyValueSpecification","valueRequired":true,"valueName":"search_term_string"}}],"inLanguage":"fr-FR"}]}},"builder_content":"<p>Vous \u00eates cordialement invit\u00e9s \u00e0 prendre part \u00e0 nos activit\u00e9s. Prenez contact avec le <a href=\"\/fr\/contact\/\"><strong>chef de section<\/strong><\/a> concern\u00e9.<\/p>","_links":{"self":[{"href":"https:\/\/shoms.ch\/fr\/wp-json\/wp\/v2\/pages\/2154","targetHints":{"allow":["GET"]}}],"collection":[{"href":"https:\/\/shoms.ch\/fr\/wp-json\/wp\/v2\/pages"}],"about":[{"href":"https:\/\/shoms.ch\/fr\/wp-json\/wp\/v2\/types\/page"}],"author":[{"embeddable":true,"href":"https:\/\/shoms.ch\/fr\/wp-json\/wp\/v2\/users\/16"}],"replies":[{"embeddable":true,"href":"https:\/\/shoms.ch\/fr\/wp-json\/wp\/v2\/comments?post=2154"}],"version-history":[{"count":9,"href":"https:\/\/shoms.ch\/fr\/wp-json\/wp\/v2\/pages\/2154\/revisions"}],"predecessor-version":[{"id":2902,"href":"https:\/\/shoms.ch\/fr\/wp-json\/wp\/v2\/pages\/2154\/revisions\/2902"}],"wp:attachment":[{"href":"https:\/\/shoms.ch\/fr\/wp-json\/wp\/v2\/media?parent=2154"}],"curies":[{"name":"wp","href":"https:\/\/api.w.org\/{rel}","templated":true}]}}