{"id":3756,"date":"2023-12-05T22:27:04","date_gmt":"2023-12-05T21:27:04","guid":{"rendered":"https:\/\/shoms.ch\/shop-pdf\/"},"modified":"2025-12-04T21:39:21","modified_gmt":"2025-12-04T20:39:21","slug":"shop-pdf","status":"publish","type":"page","link":"https:\/\/shoms.ch\/fr\/shop-pdf\/","title":{"rendered":"Shop PDF"},"content":{"rendered":"<!--themify_builder_content-->\n<div id=\"themify_builder_content-3756\" data-postid=\"3756\" class=\"themify_builder_content themify_builder_content-3756 themify_builder tf_clear\">\n                    <div  data-lazy=\"1\" class=\"module_row themify_builder_row tb_f71j718 tb_first tf_w\">\n                        <div class=\"row_inner col_align_top tb_col_count_1 tf_box tf_rel\">\n                        <div  data-lazy=\"1\" class=\"module_column tb-column col-full tb_e8g7718 first\">\n                    <!-- module text -->\n<div  class=\"module module-text tb_yybk725   \" data-lazy=\"1\">\n        <div  class=\"tb_text_wrap\">\n        <p><span lang=\"FR-CH\">C\u2019est la p\u00e9riode de l\u2019Avent\u00a0!<\/span><\/p>\n<p><span lang=\"FR-CH\">Pensez \u00e0 la boutique pour offrir vos cadeaux de No\u00ebl.<\/span><\/p>\n<p><span lang=\"FR-CH\">N\u2019oubliez pas que tous les articles de la boutique sont vendus au profit du p\u00e8lerinage de Lourdes.<\/span><\/p>\n<p><span lang=\"FR-CH\">Nous vous remercions d\u2019avance pour vos commandes et vous souhaitons une excellente p\u00e9riode de No\u00ebl.<\/span><\/p>\n<p><span lang=\"FR-CH\">Avec nos meilleurs voeux, <\/span><\/p>\n<p>\u00a0<\/p>\n<p><span lang=\"FR-CH\">H\u00e9l\u00e8ne, Tamara et le Team de la boutique\u00a0!<\/span><\/p>\n<p><br \/><br \/><br \/><\/p>\n<p><span lang=\"FR-CH\"><strong>ATTENTION<\/strong> : 16 d\u00e9cembre: <\/span><span lang=\"FR-CH\">Date pour la r\u00e9ception de la derni\u00e8re commande <\/span><\/p>    <\/div>\n<\/div>\n<!-- \/module text -->        <\/div>\n                        <\/div>\n        <\/div>\n        <\/div>\n<!--\/themify_builder_content-->\n\n\n<div data-wp-interactive=\"core\/file\" class=\"wp-block-file\"><object data-wp-bind--hidden=\"!state.hasPdfPreview\" hidden class=\"wp-block-file__embed\" data=\"https:\/\/shoms.ch\/wp-content\/uploads\/sites\/11\/2025\/12\/articles-noel-boutique-2025_compressed.pdf\" type=\"application\/pdf\" style=\"width:100%;height:600px\" aria-label=\"Contenu embarqu\u00e9 articles no\u00ebl boutique 2025_compressed.\"><\/object><a id=\"wp-block-file--media-8df71a61-85f5-4bfe-8e24-520b25d3f19f\" href=\"https:\/\/shoms.ch\/wp-content\/uploads\/sites\/11\/2025\/12\/articles-noel-boutique-2025_compressed.pdf\">articles no\u00ebl boutique 2025_compressed<\/a><a href=\"https:\/\/shoms.ch\/wp-content\/uploads\/sites\/11\/2025\/12\/articles-noel-boutique-2025_compressed.pdf\" class=\"wp-block-file__button wp-element-button\" download aria-describedby=\"wp-block-file--media-8df71a61-85f5-4bfe-8e24-520b25d3f19f\">Download<\/a><\/div>","protected":false},"excerpt":{"rendered":"<p>C\u2019est la p\u00e9riode de l\u2019Avent\u00a0! Pensez \u00e0 la boutique pour offrir vos cadeaux de No\u00ebl. N\u2019oubliez pas que tous les articles de la boutique sont vendus au profit du p\u00e8lerinage de Lourdes. Nous vous remercions d\u2019avance pour vos commandes et vous souhaitons une excellente p\u00e9riode de No\u00ebl. Avec nos meilleurs voeux, \u00a0 H\u00e9l\u00e8ne, Tamara et [&hellip;]<\/p>\n","protected":false},"author":1,"featured_media":0,"parent":0,"menu_order":0,"comment_status":"closed","ping_status":"closed","template":"","meta":{"inline_featured_image":false,"footnotes":""},"class_list":["post-3756","page","type-page","status-publish","hentry","has-post-title","has-post-date","has-post-category","has-post-tag","has-post-comment","has-post-author",""],"yoast_head":"<!-- This site is optimized with the Yoast SEO plugin v27.5 - https:\/\/yoast.com\/product\/yoast-seo-wordpress\/ -->\n<title>Shop PDF - Shoms.ch<\/title>\n<meta name=\"robots\" content=\"index, follow, max-snippet:-1, max-image-preview:large, max-video-preview:-1\" \/>\n<link rel=\"canonical\" href=\"https:\/\/shoms.ch\/fr\/shop-pdf\/\" \/>\n<meta property=\"og:locale\" content=\"fr_FR\" \/>\n<meta property=\"og:type\" content=\"article\" \/>\n<meta property=\"og:title\" content=\"Shop PDF - Shoms.ch\" \/>\n<meta property=\"og:description\" content=\"C\u2019est la p\u00e9riode de l\u2019Avent\u00a0! Pensez \u00e0 la boutique pour offrir vos cadeaux de No\u00ebl. N\u2019oubliez pas que tous les articles de la boutique sont vendus au profit du p\u00e8lerinage de Lourdes. Nous vous remercions d\u2019avance pour vos commandes et vous souhaitons une excellente p\u00e9riode de No\u00ebl. Avec nos meilleurs voeux, \u00a0 H\u00e9l\u00e8ne, Tamara et [&hellip;]\" \/>\n<meta property=\"og:url\" content=\"https:\/\/shoms.ch\/fr\/shop-pdf\/\" \/>\n<meta property=\"og:site_name\" content=\"Shoms.ch\" \/>\n<meta property=\"article:modified_time\" content=\"2025-12-04T20:39:21+00:00\" \/>\n<meta name=\"twitter:card\" content=\"summary_large_image\" \/>\n<meta name=\"twitter:label1\" content=\"Dur\u00e9e de lecture estim\u00e9e\" \/>\n\t<meta name=\"twitter:data1\" content=\"1 minute\" \/>\n<script type=\"application\/ld+json\" class=\"yoast-schema-graph\">{\"@context\":\"https:\\\/\\\/schema.org\",\"@graph\":[{\"@type\":\"WebPage\",\"@id\":\"https:\\\/\\\/shoms.ch\\\/fr\\\/shop-pdf\\\/\",\"url\":\"https:\\\/\\\/shoms.ch\\\/fr\\\/shop-pdf\\\/\",\"name\":\"Shop PDF - Shoms.ch\",\"isPartOf\":{\"@id\":\"https:\\\/\\\/shoms.ch\\\/it\\\/#website\"},\"datePublished\":\"2023-12-05T21:27:04+00:00\",\"dateModified\":\"2025-12-04T20:39:21+00:00\",\"breadcrumb\":{\"@id\":\"https:\\\/\\\/shoms.ch\\\/fr\\\/shop-pdf\\\/#breadcrumb\"},\"inLanguage\":\"fr-FR\",\"potentialAction\":[{\"@type\":\"ReadAction\",\"target\":[\"https:\\\/\\\/shoms.ch\\\/fr\\\/shop-pdf\\\/\"]}]},{\"@type\":\"BreadcrumbList\",\"@id\":\"https:\\\/\\\/shoms.ch\\\/fr\\\/shop-pdf\\\/#breadcrumb\",\"itemListElement\":[{\"@type\":\"ListItem\",\"position\":1,\"name\":\"Startseite\",\"item\":\"https:\\\/\\\/shoms.ch\\\/fr\\\/\"},{\"@type\":\"ListItem\",\"position\":2,\"name\":\"Shop PDF\"}]},{\"@type\":\"WebSite\",\"@id\":\"https:\\\/\\\/shoms.ch\\\/it\\\/#website\",\"url\":\"https:\\\/\\\/shoms.ch\\\/it\\\/\",\"name\":\"Shoms.ch\",\"description\":\"MALTESER HOSPITALDIENST SCHWEIZ (MHDS)\",\"potentialAction\":[{\"@type\":\"SearchAction\",\"target\":{\"@type\":\"EntryPoint\",\"urlTemplate\":\"https:\\\/\\\/shoms.ch\\\/it\\\/?s={search_term_string}\"},\"query-input\":{\"@type\":\"PropertyValueSpecification\",\"valueRequired\":true,\"valueName\":\"search_term_string\"}}],\"inLanguage\":\"fr-FR\"}]}<\/script>\n<!-- \/ Yoast SEO plugin. -->","yoast_head_json":{"title":"Shop PDF - Shoms.ch","robots":{"index":"index","follow":"follow","max-snippet":"max-snippet:-1","max-image-preview":"max-image-preview:large","max-video-preview":"max-video-preview:-1"},"canonical":"https:\/\/shoms.ch\/fr\/shop-pdf\/","og_locale":"fr_FR","og_type":"article","og_title":"Shop PDF - Shoms.ch","og_description":"C\u2019est la p\u00e9riode de l\u2019Avent\u00a0! Pensez \u00e0 la boutique pour offrir vos cadeaux de No\u00ebl. N\u2019oubliez pas que tous les articles de la boutique sont vendus au profit du p\u00e8lerinage de Lourdes. Nous vous remercions d\u2019avance pour vos commandes et vous souhaitons une excellente p\u00e9riode de No\u00ebl. Avec nos meilleurs voeux, \u00a0 H\u00e9l\u00e8ne, Tamara et [&hellip;]","og_url":"https:\/\/shoms.ch\/fr\/shop-pdf\/","og_site_name":"Shoms.ch","article_modified_time":"2025-12-04T20:39:21+00:00","twitter_card":"summary_large_image","twitter_misc":{"Dur\u00e9e de lecture estim\u00e9e":"1 minute"},"schema":{"@context":"https:\/\/schema.org","@graph":[{"@type":"WebPage","@id":"https:\/\/shoms.ch\/fr\/shop-pdf\/","url":"https:\/\/shoms.ch\/fr\/shop-pdf\/","name":"Shop PDF - Shoms.ch","isPartOf":{"@id":"https:\/\/shoms.ch\/it\/#website"},"datePublished":"2023-12-05T21:27:04+00:00","dateModified":"2025-12-04T20:39:21+00:00","breadcrumb":{"@id":"https:\/\/shoms.ch\/fr\/shop-pdf\/#breadcrumb"},"inLanguage":"fr-FR","potentialAction":[{"@type":"ReadAction","target":["https:\/\/shoms.ch\/fr\/shop-pdf\/"]}]},{"@type":"BreadcrumbList","@id":"https:\/\/shoms.ch\/fr\/shop-pdf\/#breadcrumb","itemListElement":[{"@type":"ListItem","position":1,"name":"Startseite","item":"https:\/\/shoms.ch\/fr\/"},{"@type":"ListItem","position":2,"name":"Shop PDF"}]},{"@type":"WebSite","@id":"https:\/\/shoms.ch\/it\/#website","url":"https:\/\/shoms.ch\/it\/","name":"Shoms.ch","description":"MALTESER HOSPITALDIENST SCHWEIZ (MHDS)","potentialAction":[{"@type":"SearchAction","target":{"@type":"EntryPoint","urlTemplate":"https:\/\/shoms.ch\/it\/?s={search_term_string}"},"query-input":{"@type":"PropertyValueSpecification","valueRequired":true,"valueName":"search_term_string"}}],"inLanguage":"fr-FR"}]}},"builder_content":"<p>C\u2019est la p\u00e9riode de l\u2019Avent\u00a0!<\/p> <p>Pensez \u00e0 la boutique pour offrir vos cadeaux de No\u00ebl.<\/p> <p>N\u2019oubliez pas que tous les articles de la boutique sont vendus au profit du p\u00e8lerinage de Lourdes.<\/p> <p>Nous vous remercions d\u2019avance pour vos commandes et vous souhaitons une excellente p\u00e9riode de No\u00ebl.<\/p> <p>Avec nos meilleurs voeux, <\/p> <p>\u00a0<\/p> <p>H\u00e9l\u00e8ne, Tamara et le Team de la boutique\u00a0!<\/p> <p><br \/><br \/><br \/><\/p> <p><strong>ATTENTION<\/strong> : 16 d\u00e9cembre: Date pour la r\u00e9ception de la derni\u00e8re commande <\/p>","_links":{"self":[{"href":"https:\/\/shoms.ch\/fr\/wp-json\/wp\/v2\/pages\/3756","targetHints":{"allow":["GET"]}}],"collection":[{"href":"https:\/\/shoms.ch\/fr\/wp-json\/wp\/v2\/pages"}],"about":[{"href":"https:\/\/shoms.ch\/fr\/wp-json\/wp\/v2\/types\/page"}],"author":[{"embeddable":true,"href":"https:\/\/shoms.ch\/fr\/wp-json\/wp\/v2\/users\/1"}],"replies":[{"embeddable":true,"href":"https:\/\/shoms.ch\/fr\/wp-json\/wp\/v2\/comments?post=3756"}],"version-history":[{"count":7,"href":"https:\/\/shoms.ch\/fr\/wp-json\/wp\/v2\/pages\/3756\/revisions"}],"predecessor-version":[{"id":4557,"href":"https:\/\/shoms.ch\/fr\/wp-json\/wp\/v2\/pages\/3756\/revisions\/4557"}],"wp:attachment":[{"href":"https:\/\/shoms.ch\/fr\/wp-json\/wp\/v2\/media?parent=3756"}],"curies":[{"name":"wp","href":"https:\/\/api.w.org\/{rel}","templated":true}]}}