{"id":2007,"date":"2021-07-05T09:21:22","date_gmt":"2021-07-05T07:21:22","guid":{"rendered":"https:\/\/sites.ordredemaltesuisse.org\/shoms\/solothurn\/"},"modified":"2022-05-15T23:51:30","modified_gmt":"2022-05-15T21:51:30","slug":"solothurn","status":"publish","type":"page","link":"https:\/\/shoms.ch\/it\/le-nostre-sezioni\/solothurn\/","title":{"rendered":"Solothurn"},"content":{"rendered":"<!--themify_builder_content-->\n<div id=\"themify_builder_content-2007\" data-postid=\"2007\" class=\"themify_builder_content themify_builder_content-2007 themify_builder tf_clear\">\n                    <div  data-lazy=\"1\" class=\"module_row themify_builder_row tb_d5nu622 tb_first tf_w\">\n                        <div class=\"row_inner col_align_top tb_col_count_2 tf_box tf_rel\">\n                        <div  data-lazy=\"1\" class=\"module_column tb-column col2-1 tb_ihgy623 first\">\n                    <!-- module text -->\n<div  class=\"module module-text tb_wajo394   \" data-lazy=\"1\">\n        <div  class=\"tb_text_wrap\">\n        <h2>\u00a0<\/h2>\n<h2 class=\"pane-title\">Willkommen in der Sektion Solothurn<\/h2>    <\/div>\n<\/div>\n<!-- \/module text -->        <\/div>\n                    <div  data-lazy=\"1\" class=\"module_column tb-column col2-1 tb_tubj623 last\">\n                    <!-- module image -->\n<div  class=\"module module-image tb_q5vp519 image-top   tf_mw\" data-lazy=\"1\">\n        <div class=\"image-wrap tf_rel tf_mw\">\n            <img loading=\"lazy\" decoding=\"async\" src=\"https:\/\/sites.ordredemaltesuisse.org\/shoms\/wp-content\/uploads\/sites\/11\/2021\/09\/solothurn.jpg\" width=\"196\" height=\"168\" title=\"Solothurn\" alt=\"Solothurn\">    \n        <\/div>\n    <!-- \/image-wrap -->\n    \n        <\/div>\n<!-- \/module image -->        <\/div>\n                        <\/div>\n        <\/div>\n                        <div  data-lazy=\"1\" class=\"module_row themify_builder_row tb_nrk3151 tf_w\">\n                        <div class=\"row_inner col_align_top tb_col_count_1 tf_box tf_rel\">\n                        <div  data-lazy=\"1\" class=\"module_column tb-column col-full tb_1lvp152 first\">\n                    <!-- module text -->\n<div  class=\"module module-text tb_rdlt291   \" data-lazy=\"1\">\n        <div  class=\"tb_text_wrap\">\n        <p class=\"rtejustify\">Die Sektion Solothurn Bestand von 1988 &#8211; 1999 und wurde im Januar 2013 neu gegr\u00fcndet.<\/p>\n<p class=\"rtejustify\">Seit 2013 konzentrieren wir unsere Aktivit\u00e4ten auf das Alters- und Pflegeheim Bellevue in Oberdorf. Wir unternehmen regelm\u00e4ssig, etwa einmal im Monat etwas besonderes mit den Bewohnerinnen und Bewohnern. Wir spielen Lotto, unternehmen Ausfl\u00fcge, organisieren Singnachmittage oder helfen beim Grillieren. Im Advent geh\u00f6rt nat\u00fcrlich auch der \u00a0&#8220;Samichlaus&#8221; Besuch zum Programm.<br \/><br \/><strong>Interessentinnen und Interessenten sind jederzeit willkommen bei uns zu schnuppern.<\/strong> Bitte schreibt an <a href=\"mailto:solothurn@shoms.ch\">solothurn@shoms.ch<\/a> oder meldet Euch telefonisch beim Sektionschef (032 623 10 26 oder 079 504 73 83).<\/p>    <\/div>\n<\/div>\n<!-- \/module text -->        <\/div>\n                        <\/div>\n        <\/div>\n                        <div  data-lazy=\"1\" class=\"module_row themify_builder_row tb_lerd404 tf_w\">\n                        <div class=\"row_inner col_align_top tb_col_count_1 tf_box tf_rel\">\n                        <div  data-lazy=\"1\" class=\"module_column tb-column col-full tb_6h2z407 first\">\n                    <!-- module image -->\n<div  class=\"module module-image tb_vgxc818 image-center   tf_mw\" data-lazy=\"1\">\n        <div class=\"image-wrap tf_rel tf_mw\">\n            <img loading=\"lazy\" decoding=\"async\" src=\"https:\/\/sites.ordredemaltesuisse.org\/shoms\/wp-content\/uploads\/sites\/11\/2021\/07\/p1010440.jpg\" width=\"448\" height=\"235\" title=\"Solothurn\" alt=\"Solothurn\">    \n        <\/div>\n    <!-- \/image-wrap -->\n    \n        <\/div>\n<!-- \/module image -->        <\/div>\n                        <\/div>\n        <\/div>\n                        <div  data-lazy=\"1\" class=\"module_row themify_builder_row tb_jznt844 tf_w\">\n                        <div class=\"row_inner col_align_top tb_col_count_1 tf_box tf_rel\">\n                        <div  data-lazy=\"1\" class=\"module_column tb-column col-full tb_uwro848 first\">\n                    <!-- module template_part -->\n<div  class=\"module module-layout-part tb_nanj767 \">\n    <div class=\"tb_layout_part_wrap tf_w\"><!--themify_builder_content-->\n    <div  class=\"themify_builder_content themify_builder_content-2826 themify_builder not_editable_builder in_the_loop\" data-postid=\"2826\">\n                        <div  data-lazy=\"1\" class=\"module_row themify_builder_row tb_2wgs141 tf_w\">\n                        <div class=\"row_inner col_align_top tb_col_count_1 tf_box tf_rel\">\n                        <div  data-lazy=\"1\" class=\"module_column tb-column col-full tb_z5gi142 first\">\n                    <!-- module divider -->\n<div  class=\"module tf_mw module-divider tb_ams6142 solid   \" style=\"border-width: 10px;border-color: rgba(0,0,0, 0);\" data-lazy=\"1\">\n    <\/div>\n<!-- \/module divider -->\n<!-- module text -->\n<div  class=\"module module-text tb_mf2e143   \" data-lazy=\"1\">\n    <h3 class=\"module-title\">Agenda:<\/h3>    <div  class=\"tb_text_wrap\">\n            <\/div>\n<\/div>\n<!-- \/module text --><!-- module plain text -->\n<div  class=\"module module-plain-text tb_q7qu143 \" data-lazy=\"1\">\n        <div class=\"tb_text_wrap\">\n    <div class=\"r34ics-ajax-container loading\" id=\"r69d29a3e41735d0\" data-view=\"list\" data-view-is-list-style=\"1\" data-view-is-list-long=\"1\" data-args=\"d3081a86ea539d6ab202ce84fc475564acc55d6e\" data-js-args=\"{&quot;debug&quot;:null}\">&nbsp;<\/div>\n    <\/div>\n<\/div>\n<!-- \/module plain text -->        <\/div>\n                        <\/div>\n        <\/div>\n            <\/div>\n<!--\/themify_builder_content--><\/div>\n<\/div>\n<!-- \/module template_part --><!-- module template_part -->\n<div  class=\"module module-layout-part tb_m48e832 \">\n    <div class=\"tb_layout_part_wrap tf_w\"><!--themify_builder_content-->\n    <div  class=\"themify_builder_content themify_builder_content-1995 themify_builder not_editable_builder in_the_loop\" data-postid=\"1995\">\n                        <div  data-lazy=\"1\" class=\"module_row themify_builder_row tb_ueo417 tf_w\">\n                        <div class=\"row_inner col_align_top tb_col_count_1 tf_box tf_rel\">\n                        <div  data-lazy=\"1\" class=\"module_column tb-column col-full tb_o7j818 first\">\n                    <!-- module icon -->\n<div  class=\"module module-icon tb_ze5c19    icon_horizontal \" data-lazy=\"1\">\n\t\t\t<div class=\"module-icon-item\">\n\t\t\t\t\t\t\t<a href=\"mailto:solothurn@shoms.ch\" rel=\"noopener\" target=\"_blank\">\n\t\t\t\t\t\t\t\t\t\t\t\t\t\t\t\t\t<em class=\"tf_box\"\n\t\t\t\t\t\t\t\t\t\t\t\t style=\"background-color:#ffffff;color:#050505\"\t\t\t\t\t><svg  class=\"tf_fa tf-ti-email\" xmlns:xlink=\"http:\/\/www.w3.org\/1999\/xlink\" aria-hidden=\"true\"><use href=\"#tf-ti-email\" xlink:href=\"#tf-ti-email\"><\/use><\/svg><\/em>\n\t\t\t\t\t\t\t\t\t\t\t\t\t\t\t\t\t\t\t<span>Solothurn: Andreas von Jaross \u2013 solothurn@shoms.ch<\/span>\n\t\t\t\t\t\t\t\t\t\t\t\t\t\t\t\t\t<\/a>\n\t\t\t\t\t<\/div>\n\t<\/div>\n<!-- \/module icon -->\n        <\/div>\n                        <\/div>\n        <\/div>\n            <\/div>\n<!--\/themify_builder_content--><\/div>\n<\/div>\n<!-- \/module template_part -->        <\/div>\n                        <\/div>\n        <\/div>\n        <\/div>\n<!--\/themify_builder_content-->","protected":false},"excerpt":{"rendered":"<p>\u00a0 Willkommen in der Sektion Solothurn Die Sektion Solothurn Bestand von 1988 &#8211; 1999 und wurde im Januar 2013 neu gegr\u00fcndet. Seit 2013 konzentrieren wir unsere Aktivit\u00e4ten auf das Alters- und Pflegeheim Bellevue in Oberdorf. Wir unternehmen regelm\u00e4ssig, etwa einmal im Monat etwas besonderes mit den Bewohnerinnen und Bewohnern. Wir spielen Lotto, unternehmen Ausfl\u00fcge, organisieren [&hellip;]<\/p>\n","protected":false},"author":16,"featured_media":0,"parent":2014,"menu_order":0,"comment_status":"closed","ping_status":"closed","template":"","meta":{"inline_featured_image":false,"footnotes":""},"class_list":["post-2007","page","type-page","status-publish","hentry","has-post-title","has-post-date","has-post-category","has-post-tag","has-post-comment","has-post-author",""],"yoast_head":"<!-- This site is optimized with the Yoast SEO plugin v27.3 - https:\/\/yoast.com\/product\/yoast-seo-wordpress\/ -->\n<title>Solothurn - Shoms.ch<\/title>\n<meta name=\"robots\" content=\"index, follow, max-snippet:-1, max-image-preview:large, max-video-preview:-1\" \/>\n<link rel=\"canonical\" href=\"https:\/\/shoms.ch\/it\/le-nostre-sezioni\/solothurn\/\" \/>\n<meta property=\"og:locale\" content=\"it_IT\" \/>\n<meta property=\"og:type\" content=\"article\" \/>\n<meta property=\"og:title\" content=\"Solothurn - Shoms.ch\" \/>\n<meta property=\"og:description\" content=\"\u00a0 Willkommen in der Sektion Solothurn Die Sektion Solothurn Bestand von 1988 &#8211; 1999 und wurde im Januar 2013 neu gegr\u00fcndet. Seit 2013 konzentrieren wir unsere Aktivit\u00e4ten auf das Alters- und Pflegeheim Bellevue in Oberdorf. Wir unternehmen regelm\u00e4ssig, etwa einmal im Monat etwas besonderes mit den Bewohnerinnen und Bewohnern. Wir spielen Lotto, unternehmen Ausfl\u00fcge, organisieren [&hellip;]\" \/>\n<meta property=\"og:url\" content=\"https:\/\/shoms.ch\/it\/le-nostre-sezioni\/solothurn\/\" \/>\n<meta property=\"og:site_name\" content=\"Shoms.ch\" \/>\n<meta property=\"article:modified_time\" content=\"2022-05-15T21:51:30+00:00\" \/>\n<meta property=\"og:image\" content=\"https:\/\/shoms.ch\/wp-content\/uploads\/sites\/11\/2021\/09\/solothurn.jpg\" \/>\n<meta name=\"twitter:card\" content=\"summary_large_image\" \/>\n<script type=\"application\/ld+json\" class=\"yoast-schema-graph\">{\"@context\":\"https:\\\/\\\/schema.org\",\"@graph\":[{\"@type\":\"WebPage\",\"@id\":\"https:\\\/\\\/shoms.ch\\\/it\\\/le-nostre-sezioni\\\/solothurn\\\/\",\"url\":\"https:\\\/\\\/shoms.ch\\\/it\\\/le-nostre-sezioni\\\/solothurn\\\/\",\"name\":\"Solothurn - Shoms.ch\",\"isPartOf\":{\"@id\":\"https:\\\/\\\/shoms.ch\\\/it\\\/#website\"},\"primaryImageOfPage\":{\"@id\":\"https:\\\/\\\/shoms.ch\\\/it\\\/le-nostre-sezioni\\\/solothurn\\\/#primaryimage\"},\"image\":{\"@id\":\"https:\\\/\\\/shoms.ch\\\/it\\\/le-nostre-sezioni\\\/solothurn\\\/#primaryimage\"},\"thumbnailUrl\":\"https:\\\/\\\/shoms.ch\\\/wp-content\\\/uploads\\\/sites\\\/11\\\/2021\\\/09\\\/solothurn.jpg\",\"datePublished\":\"2021-07-05T07:21:22+00:00\",\"dateModified\":\"2022-05-15T21:51:30+00:00\",\"breadcrumb\":{\"@id\":\"https:\\\/\\\/shoms.ch\\\/it\\\/le-nostre-sezioni\\\/solothurn\\\/#breadcrumb\"},\"inLanguage\":\"it-IT\",\"potentialAction\":[{\"@type\":\"ReadAction\",\"target\":[\"https:\\\/\\\/shoms.ch\\\/it\\\/le-nostre-sezioni\\\/solothurn\\\/\"]}]},{\"@type\":\"ImageObject\",\"inLanguage\":\"it-IT\",\"@id\":\"https:\\\/\\\/shoms.ch\\\/it\\\/le-nostre-sezioni\\\/solothurn\\\/#primaryimage\",\"url\":\"https:\\\/\\\/shoms.ch\\\/wp-content\\\/uploads\\\/sites\\\/11\\\/2021\\\/09\\\/solothurn.jpg\",\"contentUrl\":\"https:\\\/\\\/shoms.ch\\\/wp-content\\\/uploads\\\/sites\\\/11\\\/2021\\\/09\\\/solothurn.jpg\"},{\"@type\":\"BreadcrumbList\",\"@id\":\"https:\\\/\\\/shoms.ch\\\/it\\\/le-nostre-sezioni\\\/solothurn\\\/#breadcrumb\",\"itemListElement\":[{\"@type\":\"ListItem\",\"position\":1,\"name\":\"Startseite\",\"item\":\"https:\\\/\\\/shoms.ch\\\/it\\\/\"},{\"@type\":\"ListItem\",\"position\":2,\"name\":\"Le nostre sezioni\",\"item\":\"https:\\\/\\\/shoms.ch\\\/it\\\/le-nostre-sezioni\\\/\"},{\"@type\":\"ListItem\",\"position\":3,\"name\":\"Solothurn\"}]},{\"@type\":\"WebSite\",\"@id\":\"https:\\\/\\\/shoms.ch\\\/it\\\/#website\",\"url\":\"https:\\\/\\\/shoms.ch\\\/it\\\/\",\"name\":\"Shoms.ch\",\"description\":\"MALTESER HOSPITALDIENST SCHWEIZ (MHDS)\",\"potentialAction\":[{\"@type\":\"SearchAction\",\"target\":{\"@type\":\"EntryPoint\",\"urlTemplate\":\"https:\\\/\\\/shoms.ch\\\/it\\\/?s={search_term_string}\"},\"query-input\":{\"@type\":\"PropertyValueSpecification\",\"valueRequired\":true,\"valueName\":\"search_term_string\"}}],\"inLanguage\":\"it-IT\"}]}<\/script>\n<!-- \/ Yoast SEO plugin. -->","yoast_head_json":{"title":"Solothurn - Shoms.ch","robots":{"index":"index","follow":"follow","max-snippet":"max-snippet:-1","max-image-preview":"max-image-preview:large","max-video-preview":"max-video-preview:-1"},"canonical":"https:\/\/shoms.ch\/it\/le-nostre-sezioni\/solothurn\/","og_locale":"it_IT","og_type":"article","og_title":"Solothurn - Shoms.ch","og_description":"\u00a0 Willkommen in der Sektion Solothurn Die Sektion Solothurn Bestand von 1988 &#8211; 1999 und wurde im Januar 2013 neu gegr\u00fcndet. Seit 2013 konzentrieren wir unsere Aktivit\u00e4ten auf das Alters- und Pflegeheim Bellevue in Oberdorf. Wir unternehmen regelm\u00e4ssig, etwa einmal im Monat etwas besonderes mit den Bewohnerinnen und Bewohnern. Wir spielen Lotto, unternehmen Ausfl\u00fcge, organisieren [&hellip;]","og_url":"https:\/\/shoms.ch\/it\/le-nostre-sezioni\/solothurn\/","og_site_name":"Shoms.ch","article_modified_time":"2022-05-15T21:51:30+00:00","og_image":[{"url":"https:\/\/shoms.ch\/wp-content\/uploads\/sites\/11\/2021\/09\/solothurn.jpg","type":"","width":"","height":""}],"twitter_card":"summary_large_image","schema":{"@context":"https:\/\/schema.org","@graph":[{"@type":"WebPage","@id":"https:\/\/shoms.ch\/it\/le-nostre-sezioni\/solothurn\/","url":"https:\/\/shoms.ch\/it\/le-nostre-sezioni\/solothurn\/","name":"Solothurn - Shoms.ch","isPartOf":{"@id":"https:\/\/shoms.ch\/it\/#website"},"primaryImageOfPage":{"@id":"https:\/\/shoms.ch\/it\/le-nostre-sezioni\/solothurn\/#primaryimage"},"image":{"@id":"https:\/\/shoms.ch\/it\/le-nostre-sezioni\/solothurn\/#primaryimage"},"thumbnailUrl":"https:\/\/shoms.ch\/wp-content\/uploads\/sites\/11\/2021\/09\/solothurn.jpg","datePublished":"2021-07-05T07:21:22+00:00","dateModified":"2022-05-15T21:51:30+00:00","breadcrumb":{"@id":"https:\/\/shoms.ch\/it\/le-nostre-sezioni\/solothurn\/#breadcrumb"},"inLanguage":"it-IT","potentialAction":[{"@type":"ReadAction","target":["https:\/\/shoms.ch\/it\/le-nostre-sezioni\/solothurn\/"]}]},{"@type":"ImageObject","inLanguage":"it-IT","@id":"https:\/\/shoms.ch\/it\/le-nostre-sezioni\/solothurn\/#primaryimage","url":"https:\/\/shoms.ch\/wp-content\/uploads\/sites\/11\/2021\/09\/solothurn.jpg","contentUrl":"https:\/\/shoms.ch\/wp-content\/uploads\/sites\/11\/2021\/09\/solothurn.jpg"},{"@type":"BreadcrumbList","@id":"https:\/\/shoms.ch\/it\/le-nostre-sezioni\/solothurn\/#breadcrumb","itemListElement":[{"@type":"ListItem","position":1,"name":"Startseite","item":"https:\/\/shoms.ch\/it\/"},{"@type":"ListItem","position":2,"name":"Le nostre sezioni","item":"https:\/\/shoms.ch\/it\/le-nostre-sezioni\/"},{"@type":"ListItem","position":3,"name":"Solothurn"}]},{"@type":"WebSite","@id":"https:\/\/shoms.ch\/it\/#website","url":"https:\/\/shoms.ch\/it\/","name":"Shoms.ch","description":"MALTESER HOSPITALDIENST SCHWEIZ (MHDS)","potentialAction":[{"@type":"SearchAction","target":{"@type":"EntryPoint","urlTemplate":"https:\/\/shoms.ch\/it\/?s={search_term_string}"},"query-input":{"@type":"PropertyValueSpecification","valueRequired":true,"valueName":"search_term_string"}}],"inLanguage":"it-IT"}]}},"builder_content":"<h2>\u00a0<\/h2> <h2>Willkommen in der Sektion Solothurn<\/h2>\n<img src=\"https:\/\/sites.ordredemaltesuisse.org\/shoms\/wp-content\/uploads\/sites\/11\/2021\/09\/solothurn.jpg\" width=\"196\" height=\"168\" title=\"Solothurn\" alt=\"Solothurn\">\n<p>Die Sektion Solothurn Bestand von 1988 - 1999 und wurde im Januar 2013 neu gegr\u00fcndet.<\/p> <p>Seit 2013 konzentrieren wir unsere Aktivit\u00e4ten auf das Alters- und Pflegeheim Bellevue in Oberdorf. Wir unternehmen regelm\u00e4ssig, etwa einmal im Monat etwas besonderes mit den Bewohnerinnen und Bewohnern. Wir spielen Lotto, unternehmen Ausfl\u00fcge, organisieren Singnachmittage oder helfen beim Grillieren. Im Advent geh\u00f6rt nat\u00fcrlich auch der \u00a0\"Samichlaus\" Besuch zum Programm.<br \/><br \/><strong>Interessentinnen und Interessenten sind jederzeit willkommen bei uns zu schnuppern.<\/strong> Bitte schreibt an <a href=\"mailto:solothurn@shoms.ch\">solothurn@shoms.ch<\/a> oder meldet Euch telefonisch beim Sektionschef (032 623 10 26 oder 079 504 73 83).<\/p>\n<img src=\"https:\/\/sites.ordredemaltesuisse.org\/shoms\/wp-content\/uploads\/sites\/11\/2021\/07\/p1010440.jpg\" width=\"448\" height=\"235\" title=\"Solothurn\" alt=\"Solothurn\">","_links":{"self":[{"href":"https:\/\/shoms.ch\/it\/wp-json\/wp\/v2\/pages\/2007","targetHints":{"allow":["GET"]}}],"collection":[{"href":"https:\/\/shoms.ch\/it\/wp-json\/wp\/v2\/pages"}],"about":[{"href":"https:\/\/shoms.ch\/it\/wp-json\/wp\/v2\/types\/page"}],"author":[{"embeddable":true,"href":"https:\/\/shoms.ch\/it\/wp-json\/wp\/v2\/users\/16"}],"replies":[{"embeddable":true,"href":"https:\/\/shoms.ch\/it\/wp-json\/wp\/v2\/comments?post=2007"}],"version-history":[{"count":4,"href":"https:\/\/shoms.ch\/it\/wp-json\/wp\/v2\/pages\/2007\/revisions"}],"predecessor-version":[{"id":2848,"href":"https:\/\/shoms.ch\/it\/wp-json\/wp\/v2\/pages\/2007\/revisions\/2848"}],"up":[{"embeddable":true,"href":"https:\/\/shoms.ch\/it\/wp-json\/wp\/v2\/pages\/2014"}],"wp:attachment":[{"href":"https:\/\/shoms.ch\/it\/wp-json\/wp\/v2\/media?parent=2007"}],"curies":[{"name":"wp","href":"https:\/\/api.w.org\/{rel}","templated":true}]}}