{"id":2030,"date":"2021-07-05T09:32:16","date_gmt":"2021-07-05T07:32:16","guid":{"rendered":"https:\/\/sites.ordredemaltesuisse.org\/shoms\/le-nostre-sezioni\/valais\/"},"modified":"2022-05-16T00:01:24","modified_gmt":"2022-05-15T22:01:24","slug":"valais","status":"publish","type":"page","link":"https:\/\/shoms.ch\/it\/le-nostre-sezioni\/valais\/","title":{"rendered":"Valais"},"content":{"rendered":"<!--themify_builder_content-->\n<div id=\"themify_builder_content-2030\" data-postid=\"2030\" class=\"themify_builder_content themify_builder_content-2030 themify_builder tf_clear\">\n                    <div  data-lazy=\"1\" class=\"module_row themify_builder_row tb_urql801 tb_first tf_w\">\n                        <div class=\"row_inner col_align_top tb_col_count_2 tf_box tf_rel\">\n                        <div  data-lazy=\"1\" class=\"module_column tb-column col2-1 tb_57zf802 first\">\n                    <!-- module text -->\n<div  class=\"module module-text tb_empv745   \" data-lazy=\"1\">\n        <div  class=\"tb_text_wrap\">\n        <div class=\"panel-pane pane-entity-view pane-node\">\n<h2>\u00a0<\/h2>\n<h2 class=\"pane-title\">Benvenuti nella sezione del Valais<\/h2>\n<div class=\"pane-content\">\n<article id=\"node-160\" class=\"node node-sektion view-mode-full\">\n<div class=\"body field\">\u00a0<\/div>\n<\/article>\n<\/div>\n<\/div>    <\/div>\n<\/div>\n<!-- \/module text -->        <\/div>\n                    <div  data-lazy=\"1\" class=\"module_column tb-column col2-1 tb_1o7z802 last\">\n                    <!-- module image -->\n<div  class=\"module module-image tb_x69v930 image-top   tf_mw\" data-lazy=\"1\">\n        <div class=\"image-wrap tf_rel tf_mw\">\n            <img loading=\"lazy\" decoding=\"async\" src=\"https:\/\/sites.ordredemaltesuisse.org\/shoms\/wp-content\/uploads\/sites\/11\/2021\/09\/Valais.jpg\" width=\"172\" height=\"182\" title=\"Valais\" alt=\"Valais\">    \n        <\/div>\n    <!-- \/image-wrap -->\n    \n        <\/div>\n<!-- \/module image -->        <\/div>\n                        <\/div>\n        <\/div>\n                        <div  data-lazy=\"1\" class=\"module_row themify_builder_row tb_ftjk257 tf_w\">\n                        <div class=\"row_inner col_align_top tb_col_count_1 tf_box tf_rel\">\n                        <div  data-lazy=\"1\" class=\"module_column tb-column col-full tb_mgis258 first\">\n                    <!-- module text -->\n<div  class=\"module module-text tb_o085172   \" data-lazy=\"1\">\n        <div  class=\"tb_text_wrap\">\n        <p>La sezione del Valais \u00e8 stata fondata nel 1992.<\/p>\n<p>Le nostre attivit\u00e0 sono:<\/p>    <\/div>\n<\/div>\n<!-- \/module text -->        <\/div>\n                        <\/div>\n        <\/div>\n                        <div  data-lazy=\"1\" class=\"module_row themify_builder_row tb_fwh1125 tf_w\">\n                        <div class=\"row_inner col_align_top tb_col_count_2 tf_box tf_rel\">\n                        <div  data-lazy=\"1\" class=\"module_column tb-column col2-1 tb_pzdq128 first\">\n                    <!-- module accordion -->\n<div  class=\"module module-accordion tb_m8x0746 \" data-behavior=\"toggle\" data-lazy=\"1\">\n    \n    <ul class=\"ui module-accordion   tb_default_color\">\n            <li>\n            <div class=\"accordion-title tf_rel\">\n                <a href=\"#acc-m8x0746-0\" class=\"tb_title_accordion\" aria-controls=\"acc-m8x0746-0-content\" aria-expanded=\"false\">\n                                                            <span class=\"accordion-title-wrap\">Inst. de Valais de Coeur Sion et Sierre<\/span>                <\/a>\n            <\/div><!-- .accordion-title -->\n            <div id=\"acc-m8x0746-0-content\" data-id=\"acc-m8x0746-0\" aria-hidden=\"true\" class=\"accordion-content tf_hide tf_clearfix\">\n                                    <div class=\"tb_text_wrap\">\n                        <div>home pour personnes handicap\u00e9es<\/div>\n<p><u><strong>Jour de service<\/strong><\/u> le 3<sup>e<\/sup> mercredi du mois ou le 1<sup>er<\/sup> jeudi du mois sauf changement<\/p>\n<p><strong><u>Service<\/u><\/strong> Accompagnement, sorties, cin\u00e9ma, loto, etc.<\/p>                    <\/div>\n                            <\/div><!-- .accordion-content -->\n        <\/li>\n        <\/ul>\n\n<\/div><!-- \/module accordion --><!-- module accordion -->\n<div  class=\"module module-accordion tb_feyt581 \" data-behavior=\"toggle\" data-lazy=\"1\">\n    \n    <ul class=\"ui module-accordion   tb_default_color\">\n            <li>\n            <div class=\"accordion-title tf_rel\">\n                <a href=\"#acc-feyt581-0\" class=\"tb_title_accordion\" aria-controls=\"acc-feyt581-0-content\" aria-expanded=\"false\">\n                                                            <span class=\"accordion-title-wrap\">Vendita d'Edelweiss<\/span>                <\/a>\n            <\/div><!-- .accordion-title -->\n            <div id=\"acc-feyt581-0-content\" data-id=\"acc-feyt581-0\" aria-hidden=\"true\" class=\"accordion-content tf_hide tf_clearfix\">\n                                    <div class=\"tb_text_wrap\">\n                        <div class=\"views-field views-field-field-bild\">\n<div class=\"field-content\"><a class=\"colorbox init-colorbox-processed cboxElement\" title=\"Verkauf von Edelweiss\" href=\"https:\/\/www.shoms.ch\/sites\/www.shoms.ch\/files\/13.4.stp83404web.jpg\" data-colorbox-gallery=\"gallery-node-270-IAvrefZ6vCg\" data-cbox-img-attrs=\"{&quot;title&quot;: &quot;&quot;, &quot;alt&quot;: &quot;&quot;}\"><img loading=\"lazy\" decoding=\"async\" title=\"\" src=\"https:\/\/www.shoms.ch\/sites\/www.shoms.ch\/files\/styles\/medium\/public\/13.4.stp83404web.jpg?itok=DpSyJaBO\" alt=\"\" width=\"220\" height=\"165\" \/><\/a><\/div>\n<\/div>\n<div class=\"views-field views-field-body\">\n<div class=\"field-content\">\n<p>En juin nous organison notre traditionnelle vente d\u2019Edelweiss au March\u00e9 de Sion en faveur de la section.<\/p>\n<\/div>\n<\/div>                    <\/div>\n                            <\/div><!-- .accordion-content -->\n        <\/li>\n        <\/ul>\n\n<\/div><!-- \/module accordion -->        <\/div>\n                    <div  data-lazy=\"1\" class=\"module_column tb-column col2-1 tb_zwy0131 last\">\n                    <!-- module accordion -->\n<div  class=\"module module-accordion tb_k75p645 \" data-behavior=\"toggle\" data-lazy=\"1\">\n    \n    <ul class=\"ui module-accordion   tb_default_color\">\n            <li>\n            <div class=\"accordion-title tf_rel\">\n                <a href=\"#acc-k75p645-0\" class=\"tb_title_accordion\" aria-controls=\"acc-k75p645-0-content\" aria-expanded=\"false\">\n                                                            <span class=\"accordion-title-wrap\">EMS les Glarierls \u00e0 Sion<\/span>                <\/a>\n            <\/div><!-- .accordion-title -->\n            <div id=\"acc-k75p645-0-content\" data-id=\"acc-k75p645-0\" aria-hidden=\"true\" class=\"accordion-content tf_hide tf_clearfix\">\n                                    <div class=\"tb_text_wrap\">\n                        <h6 class=\"views-field views-field-title\"><span class=\"field-content\">Etablissement m\u00e9dico-social (EMS) les Glariers \u00e0 Sion <\/span><\/h6>\n<div class=\"views-field views-field-body\">\n<div class=\"field-content\">\n<p><u><strong>Jour de service<\/strong><\/u>: le 3e vendredi du mois, 10.00 h<\/p>\n<p><u><strong>Service:<\/strong><\/u> promenade au march\u00e9 de Sion ou conversations ou jeu de ca<\/p>\n<\/div>\n<\/div>                    <\/div>\n                            <\/div><!-- .accordion-content -->\n        <\/li>\n        <\/ul>\n\n<\/div><!-- \/module accordion --><!-- module accordion -->\n<div  class=\"module module-accordion tb_7gjy655 \" data-behavior=\"toggle\" data-lazy=\"1\">\n    \n    <ul class=\"ui module-accordion   tb_default_color\">\n            <li>\n            <div class=\"accordion-title tf_rel\">\n                <a href=\"#acc-7gjy655-0\" class=\"tb_title_accordion\" aria-controls=\"acc-7gjy655-0-content\" aria-expanded=\"false\">\n                                                            <span class=\"accordion-title-wrap\">S. Messe della sezione con AHOM<\/span>                <\/a>\n            <\/div><!-- .accordion-title -->\n            <div id=\"acc-7gjy655-0-content\" data-id=\"acc-7gjy655-0\" aria-hidden=\"true\" class=\"accordion-content tf_hide tf_clearfix\">\n                                    <div class=\"tb_text_wrap\">\n                        <div class=\"views-field views-field-body\">\n<div class=\"field-content\">\n<p>Deux messes pour les membres du Shoms Valais et de l\u2019OM Valais ont lieu dans l\u2019ann\u00e9e, en juin et en octobre, offici\u00e9es l\u2019Abb\u00e9 L\u00e9onard Bertelletto.<\/p>\n<\/div>\n<\/div>                    <\/div>\n                            <\/div><!-- .accordion-content -->\n        <\/li>\n        <\/ul>\n\n<\/div><!-- \/module accordion -->        <\/div>\n                        <\/div>\n        <\/div>\n                        <div  data-lazy=\"1\" class=\"module_row themify_builder_row tb_h5j3459 tf_w\">\n                        <div class=\"row_inner col_align_top tb_col_count_1 tf_box tf_rel\">\n                        <div  data-lazy=\"1\" class=\"module_column tb-column col-full tb_vr61462 first\">\n                    <!-- module image -->\n<div  class=\"module module-image tb_n00v178 image-top   tf_mw\" data-lazy=\"1\">\n        <div class=\"image-wrap tf_rel tf_mw\">\n            <img loading=\"lazy\" decoding=\"async\" src=\"https:\/\/sites.ordredemaltesuisse.org\/shoms\/wp-content\/uploads\/sites\/11\/2021\/07\/depart-pour-Lourdesx-720x226-1.jpg\" width=\"720\" height=\"226\" title=\"Valais\" alt=\"Valais\">    \n        <\/div>\n    <!-- \/image-wrap -->\n    \n        <\/div>\n<!-- \/module image -->        <\/div>\n                        <\/div>\n        <\/div>\n                        <div  data-lazy=\"1\" class=\"module_row themify_builder_row tb_3mnw633 tf_w\">\n                        <div class=\"row_inner col_align_top tb_col_count_1 tf_box tf_rel\">\n                        <div  data-lazy=\"1\" class=\"module_column tb-column col-full tb_roih636 first\">\n                    <!-- module template_part -->\n<div  class=\"module module-layout-part tb_j115511 \">\n    <div class=\"tb_layout_part_wrap tf_w\"><!--themify_builder_content-->\n    <div  class=\"themify_builder_content themify_builder_content-2839 themify_builder not_editable_builder in_the_loop\" data-postid=\"2839\">\n                        <div  data-lazy=\"1\" class=\"module_row themify_builder_row tb_f1dd114 tf_w\">\n                        <div class=\"row_inner col_align_top tb_col_count_1 tf_box tf_rel\">\n                        <div  data-lazy=\"1\" class=\"module_column tb-column col-full tb_0m7e114 first\">\n                    <!-- module divider -->\n<div  class=\"module tf_mw module-divider tb_1lc8114 solid   \" style=\"border-width: 10px;border-color: rgba(0,0,0, 0);\" data-lazy=\"1\">\n    <\/div>\n<!-- \/module divider -->\n<!-- module text -->\n<div  class=\"module module-text tb_c6m5116   \" data-lazy=\"1\">\n    <h3 class=\"module-title\">Agenda:<\/h3>    <div  class=\"tb_text_wrap\">\n            <\/div>\n<\/div>\n<!-- \/module text --><!-- module plain text -->\n<div  class=\"module module-plain-text tb_qz2s117 \" data-lazy=\"1\">\n        <div class=\"tb_text_wrap\">\n    <div class=\"r34ics-ajax-container loading\" id=\"r69e21b5cb090cf8\" data-view=\"list\" data-view-is-list-style=\"1\" data-view-is-list-long=\"1\" data-args=\"1fa080aab4128a8d197ead754301dff69192687c\" data-js-args=\"{&quot;debug&quot;:null}\">&nbsp;<\/div>\n    <\/div>\n<\/div>\n<!-- \/module plain text -->        <\/div>\n                        <\/div>\n        <\/div>\n            <\/div>\n<!--\/themify_builder_content--><\/div>\n<\/div>\n<!-- \/module template_part --><!-- module template_part -->\n<div  class=\"module module-layout-part tb_fxj6220 \">\n    <div class=\"tb_layout_part_wrap tf_w\"><!--themify_builder_content-->\n    <div  class=\"themify_builder_content themify_builder_content-2023 themify_builder not_editable_builder in_the_loop\" data-postid=\"2023\">\n                        <div  data-lazy=\"1\" class=\"module_row themify_builder_row tb_yhlt491 tf_w\">\n                        <div class=\"row_inner col_align_top tb_col_count_1 tf_box tf_rel\">\n                        <div  data-lazy=\"1\" class=\"module_column tb-column col-full tb_0zt6491 first\">\n                    <!-- module icon -->\n<div  class=\"module module-icon tb_xbe1493  normal circle icon_horizontal \" data-lazy=\"1\">\n\t\t\t<div class=\"module-icon-item\">\n\t\t\t\t\t\t\t<a href=\"mailto:valais@shoms.ch\" rel=\"noopener\" target=\"_blank\">\n\t\t\t\t\t\t\t\t\t\t\t\t\t\t\t\t\t<em class=\"tf_box\"\n\t\t\t\t\t\t\t\t\t\t\t\t style=\"background-color:#ffffff;color:#050505\"\t\t\t\t\t><svg  class=\"tf_fa tf-ti-email\" xmlns:xlink=\"http:\/\/www.w3.org\/1999\/xlink\" aria-hidden=\"true\"><use href=\"#tf-ti-email\" xlink:href=\"#tf-ti-email\"><\/use><\/svg><\/em>\n\t\t\t\t\t\t\t\t\t\t\t\t\t\t\t\t\t\t\t<span>Valais: Virginie de Kalbermatten \u2013 valais@shoms.ch<\/span>\n\t\t\t\t\t\t\t\t\t\t\t\t\t\t\t\t\t<\/a>\n\t\t\t\t\t<\/div>\n\t<\/div>\n<!-- \/module icon -->\n        <\/div>\n                        <\/div>\n        <\/div>\n            <\/div>\n<!--\/themify_builder_content--><\/div>\n<\/div>\n<!-- \/module template_part -->        <\/div>\n                        <\/div>\n        <\/div>\n        <\/div>\n<!--\/themify_builder_content-->","protected":false},"excerpt":{"rendered":"<p>\u00a0 Benvenuti nella sezione del Valais \u00a0 La sezione del Valais \u00e8 stata fondata nel 1992. Le nostre attivit\u00e0 sono: Inst. de Valais de Coeur Sion et Sierre home pour personnes handicap\u00e9es Jour de service le 3e mercredi du mois ou le 1er jeudi du mois sauf changement Service Accompagnement, sorties, cin\u00e9ma, loto, etc. Vendita [&hellip;]<\/p>\n","protected":false},"author":16,"featured_media":0,"parent":2014,"menu_order":0,"comment_status":"closed","ping_status":"closed","template":"","meta":{"inline_featured_image":false,"footnotes":""},"class_list":["post-2030","page","type-page","status-publish","hentry","has-post-title","has-post-date","has-post-category","has-post-tag","has-post-comment","has-post-author",""],"yoast_head":"<!-- This site is optimized with the Yoast SEO plugin v27.4 - https:\/\/yoast.com\/product\/yoast-seo-wordpress\/ -->\n<title>Valais - Shoms.ch<\/title>\n<meta name=\"robots\" content=\"index, follow, max-snippet:-1, max-image-preview:large, max-video-preview:-1\" \/>\n<link rel=\"canonical\" href=\"https:\/\/shoms.ch\/it\/le-nostre-sezioni\/valais\/\" \/>\n<meta property=\"og:locale\" content=\"it_IT\" \/>\n<meta property=\"og:type\" content=\"article\" \/>\n<meta property=\"og:title\" content=\"Valais - Shoms.ch\" \/>\n<meta property=\"og:description\" content=\"\u00a0 Benvenuti nella sezione del Valais \u00a0 La sezione del Valais \u00e8 stata fondata nel 1992. Le nostre attivit\u00e0 sono: Inst. de Valais de Coeur Sion et Sierre home pour personnes handicap\u00e9es Jour de service le 3e mercredi du mois ou le 1er jeudi du mois sauf changement Service Accompagnement, sorties, cin\u00e9ma, loto, etc. Vendita [&hellip;]\" \/>\n<meta property=\"og:url\" content=\"https:\/\/shoms.ch\/it\/le-nostre-sezioni\/valais\/\" \/>\n<meta property=\"og:site_name\" content=\"Shoms.ch\" \/>\n<meta property=\"article:modified_time\" content=\"2022-05-15T22:01:24+00:00\" \/>\n<meta property=\"og:image\" content=\"https:\/\/shoms.ch\/wp-content\/uploads\/sites\/11\/2021\/09\/Valais.jpg\" \/>\n<meta name=\"twitter:card\" content=\"summary_large_image\" \/>\n<script type=\"application\/ld+json\" class=\"yoast-schema-graph\">{\"@context\":\"https:\\\/\\\/schema.org\",\"@graph\":[{\"@type\":\"WebPage\",\"@id\":\"https:\\\/\\\/shoms.ch\\\/it\\\/le-nostre-sezioni\\\/valais\\\/\",\"url\":\"https:\\\/\\\/shoms.ch\\\/it\\\/le-nostre-sezioni\\\/valais\\\/\",\"name\":\"Valais - Shoms.ch\",\"isPartOf\":{\"@id\":\"https:\\\/\\\/shoms.ch\\\/it\\\/#website\"},\"primaryImageOfPage\":{\"@id\":\"https:\\\/\\\/shoms.ch\\\/it\\\/le-nostre-sezioni\\\/valais\\\/#primaryimage\"},\"image\":{\"@id\":\"https:\\\/\\\/shoms.ch\\\/it\\\/le-nostre-sezioni\\\/valais\\\/#primaryimage\"},\"thumbnailUrl\":\"https:\\\/\\\/shoms.ch\\\/wp-content\\\/uploads\\\/sites\\\/11\\\/2021\\\/09\\\/Valais.jpg\",\"datePublished\":\"2021-07-05T07:32:16+00:00\",\"dateModified\":\"2022-05-15T22:01:24+00:00\",\"breadcrumb\":{\"@id\":\"https:\\\/\\\/shoms.ch\\\/it\\\/le-nostre-sezioni\\\/valais\\\/#breadcrumb\"},\"inLanguage\":\"it-IT\",\"potentialAction\":[{\"@type\":\"ReadAction\",\"target\":[\"https:\\\/\\\/shoms.ch\\\/it\\\/le-nostre-sezioni\\\/valais\\\/\"]}]},{\"@type\":\"ImageObject\",\"inLanguage\":\"it-IT\",\"@id\":\"https:\\\/\\\/shoms.ch\\\/it\\\/le-nostre-sezioni\\\/valais\\\/#primaryimage\",\"url\":\"https:\\\/\\\/shoms.ch\\\/wp-content\\\/uploads\\\/sites\\\/11\\\/2021\\\/09\\\/Valais.jpg\",\"contentUrl\":\"https:\\\/\\\/shoms.ch\\\/wp-content\\\/uploads\\\/sites\\\/11\\\/2021\\\/09\\\/Valais.jpg\"},{\"@type\":\"BreadcrumbList\",\"@id\":\"https:\\\/\\\/shoms.ch\\\/it\\\/le-nostre-sezioni\\\/valais\\\/#breadcrumb\",\"itemListElement\":[{\"@type\":\"ListItem\",\"position\":1,\"name\":\"Startseite\",\"item\":\"https:\\\/\\\/shoms.ch\\\/it\\\/\"},{\"@type\":\"ListItem\",\"position\":2,\"name\":\"Le nostre sezioni\",\"item\":\"https:\\\/\\\/shoms.ch\\\/it\\\/le-nostre-sezioni\\\/\"},{\"@type\":\"ListItem\",\"position\":3,\"name\":\"Valais\"}]},{\"@type\":\"WebSite\",\"@id\":\"https:\\\/\\\/shoms.ch\\\/it\\\/#website\",\"url\":\"https:\\\/\\\/shoms.ch\\\/it\\\/\",\"name\":\"Shoms.ch\",\"description\":\"MALTESER HOSPITALDIENST SCHWEIZ (MHDS)\",\"potentialAction\":[{\"@type\":\"SearchAction\",\"target\":{\"@type\":\"EntryPoint\",\"urlTemplate\":\"https:\\\/\\\/shoms.ch\\\/it\\\/?s={search_term_string}\"},\"query-input\":{\"@type\":\"PropertyValueSpecification\",\"valueRequired\":true,\"valueName\":\"search_term_string\"}}],\"inLanguage\":\"it-IT\"}]}<\/script>\n<!-- \/ Yoast SEO plugin. -->","yoast_head_json":{"title":"Valais - Shoms.ch","robots":{"index":"index","follow":"follow","max-snippet":"max-snippet:-1","max-image-preview":"max-image-preview:large","max-video-preview":"max-video-preview:-1"},"canonical":"https:\/\/shoms.ch\/it\/le-nostre-sezioni\/valais\/","og_locale":"it_IT","og_type":"article","og_title":"Valais - Shoms.ch","og_description":"\u00a0 Benvenuti nella sezione del Valais \u00a0 La sezione del Valais \u00e8 stata fondata nel 1992. Le nostre attivit\u00e0 sono: Inst. de Valais de Coeur Sion et Sierre home pour personnes handicap\u00e9es Jour de service le 3e mercredi du mois ou le 1er jeudi du mois sauf changement Service Accompagnement, sorties, cin\u00e9ma, loto, etc. Vendita [&hellip;]","og_url":"https:\/\/shoms.ch\/it\/le-nostre-sezioni\/valais\/","og_site_name":"Shoms.ch","article_modified_time":"2022-05-15T22:01:24+00:00","og_image":[{"url":"https:\/\/shoms.ch\/wp-content\/uploads\/sites\/11\/2021\/09\/Valais.jpg","type":"","width":"","height":""}],"twitter_card":"summary_large_image","schema":{"@context":"https:\/\/schema.org","@graph":[{"@type":"WebPage","@id":"https:\/\/shoms.ch\/it\/le-nostre-sezioni\/valais\/","url":"https:\/\/shoms.ch\/it\/le-nostre-sezioni\/valais\/","name":"Valais - Shoms.ch","isPartOf":{"@id":"https:\/\/shoms.ch\/it\/#website"},"primaryImageOfPage":{"@id":"https:\/\/shoms.ch\/it\/le-nostre-sezioni\/valais\/#primaryimage"},"image":{"@id":"https:\/\/shoms.ch\/it\/le-nostre-sezioni\/valais\/#primaryimage"},"thumbnailUrl":"https:\/\/shoms.ch\/wp-content\/uploads\/sites\/11\/2021\/09\/Valais.jpg","datePublished":"2021-07-05T07:32:16+00:00","dateModified":"2022-05-15T22:01:24+00:00","breadcrumb":{"@id":"https:\/\/shoms.ch\/it\/le-nostre-sezioni\/valais\/#breadcrumb"},"inLanguage":"it-IT","potentialAction":[{"@type":"ReadAction","target":["https:\/\/shoms.ch\/it\/le-nostre-sezioni\/valais\/"]}]},{"@type":"ImageObject","inLanguage":"it-IT","@id":"https:\/\/shoms.ch\/it\/le-nostre-sezioni\/valais\/#primaryimage","url":"https:\/\/shoms.ch\/wp-content\/uploads\/sites\/11\/2021\/09\/Valais.jpg","contentUrl":"https:\/\/shoms.ch\/wp-content\/uploads\/sites\/11\/2021\/09\/Valais.jpg"},{"@type":"BreadcrumbList","@id":"https:\/\/shoms.ch\/it\/le-nostre-sezioni\/valais\/#breadcrumb","itemListElement":[{"@type":"ListItem","position":1,"name":"Startseite","item":"https:\/\/shoms.ch\/it\/"},{"@type":"ListItem","position":2,"name":"Le nostre sezioni","item":"https:\/\/shoms.ch\/it\/le-nostre-sezioni\/"},{"@type":"ListItem","position":3,"name":"Valais"}]},{"@type":"WebSite","@id":"https:\/\/shoms.ch\/it\/#website","url":"https:\/\/shoms.ch\/it\/","name":"Shoms.ch","description":"MALTESER HOSPITALDIENST SCHWEIZ (MHDS)","potentialAction":[{"@type":"SearchAction","target":{"@type":"EntryPoint","urlTemplate":"https:\/\/shoms.ch\/it\/?s={search_term_string}"},"query-input":{"@type":"PropertyValueSpecification","valueRequired":true,"valueName":"search_term_string"}}],"inLanguage":"it-IT"}]}},"builder_content":"<h2>\u00a0<\/h2> <h2>Benvenuti nella sezione del Valais<\/h2>\n<article id=\"node-160\"> \u00a0 <\/article>\n<img src=\"https:\/\/sites.ordredemaltesuisse.org\/shoms\/wp-content\/uploads\/sites\/11\/2021\/09\/Valais.jpg\" width=\"172\" height=\"182\" title=\"Valais\" alt=\"Valais\">\n<p>La sezione del Valais \u00e8 stata fondata nel 1992.<\/p> <p>Le nostre attivit\u00e0 sono:<\/p>\n<ul><li><h4>Inst. de Valais de Coeur Sion et Sierre<\/h4>home pour personnes handicap\u00e9es <p><u><strong>Jour de service<\/strong><\/u> le 3<sup>e<\/sup> mercredi du mois ou le 1<sup>er<\/sup> jeudi du mois sauf changement<\/p> <p><strong><u>Service<\/u><\/strong> Accompagnement, sorties, cin\u00e9ma, loto, etc.<\/p><\/li><\/ul>\n<ul><li><h4>Vendita d'Edelweiss<\/h4> <a title=\"Verkauf von Edelweiss\" href=\"https:\/\/www.shoms.ch\/sites\/www.shoms.ch\/files\/13.4.stp83404web.jpg\" data-colorbox-gallery=\"gallery-node-270-IAvrefZ6vCg\" data-cbox-img-attrs=\"{&quot;title&quot;: &quot;&quot;, &quot;alt&quot;: &quot;&quot;}\"><img title=\"\" src=\"https:\/\/www.shoms.ch\/sites\/www.shoms.ch\/files\/styles\/medium\/public\/13.4.stp83404web.jpg?itok=DpSyJaBO\" alt=\"\" width=\"220\" height=\"165\" \/><\/a>\n<p>En juin nous organison notre traditionnelle vente d\u2019Edelweiss au March\u00e9 de Sion en faveur de la section.<\/p>\n<\/li><\/ul>\n<ul><li><h4>EMS les Glarierls \u00e0 Sion<\/h4><h6>Etablissement m\u00e9dico-social (EMS) les Glariers \u00e0 Sion <\/h6>\n<p><u><strong>Jour de service<\/strong><\/u>: le 3e vendredi du mois, 10.00 h<\/p> <p><u><strong>Service:<\/strong><\/u> promenade au march\u00e9 de Sion ou conversations ou jeu de ca<\/p>\n<\/li><\/ul>\n<ul><li><h4>S. Messe della sezione con AHOM<\/h4>\n<p>Deux messes pour les membres du Shoms Valais et de l\u2019OM Valais ont lieu dans l\u2019ann\u00e9e, en juin et en octobre, offici\u00e9es l\u2019Abb\u00e9 L\u00e9onard Bertelletto.<\/p>\n<\/li><\/ul>\n<img src=\"https:\/\/sites.ordredemaltesuisse.org\/shoms\/wp-content\/uploads\/sites\/11\/2021\/07\/depart-pour-Lourdesx-720x226-1.jpg\" width=\"720\" height=\"226\" title=\"Valais\" alt=\"Valais\">","_links":{"self":[{"href":"https:\/\/shoms.ch\/it\/wp-json\/wp\/v2\/pages\/2030","targetHints":{"allow":["GET"]}}],"collection":[{"href":"https:\/\/shoms.ch\/it\/wp-json\/wp\/v2\/pages"}],"about":[{"href":"https:\/\/shoms.ch\/it\/wp-json\/wp\/v2\/types\/page"}],"author":[{"embeddable":true,"href":"https:\/\/shoms.ch\/it\/wp-json\/wp\/v2\/users\/16"}],"replies":[{"embeddable":true,"href":"https:\/\/shoms.ch\/it\/wp-json\/wp\/v2\/comments?post=2030"}],"version-history":[{"count":3,"href":"https:\/\/shoms.ch\/it\/wp-json\/wp\/v2\/pages\/2030\/revisions"}],"predecessor-version":[{"id":2863,"href":"https:\/\/shoms.ch\/it\/wp-json\/wp\/v2\/pages\/2030\/revisions\/2863"}],"up":[{"embeddable":true,"href":"https:\/\/shoms.ch\/it\/wp-json\/wp\/v2\/pages\/2014"}],"wp:attachment":[{"href":"https:\/\/shoms.ch\/it\/wp-json\/wp\/v2\/media?parent=2030"}],"curies":[{"name":"wp","href":"https:\/\/api.w.org\/{rel}","templated":true}]}}