{"id":2063,"date":"2021-07-05T09:39:33","date_gmt":"2021-07-05T07:39:33","guid":{"rendered":"https:\/\/sites.ordredemaltesuisse.org\/shoms\/le-nostre-sezioni\/zentralschweiz\/"},"modified":"2022-09-12T22:35:13","modified_gmt":"2022-09-12T20:35:13","slug":"svizzera-centrale","status":"publish","type":"page","link":"https:\/\/shoms.ch\/it\/le-nostre-sezioni\/svizzera-centrale\/","title":{"rendered":"Svizzera centrale"},"content":{"rendered":"<!--themify_builder_content-->\n<div id=\"themify_builder_content-2063\" data-postid=\"2063\" class=\"themify_builder_content themify_builder_content-2063 themify_builder tf_clear\">\n                    <div  data-lazy=\"1\" class=\"module_row themify_builder_row tb_3n6l529 tb_first tf_w\">\n                        <div class=\"row_inner col_align_top tb_col_count_2 tf_box tf_rel\">\n                        <div  data-lazy=\"1\" class=\"module_column tb-column col2-1 tb_7sfm530 first\">\n                    <!-- module text -->\n<div  class=\"module module-text tb_duzp191   \" data-lazy=\"1\">\n        <div  class=\"tb_text_wrap\">\n        <h2>\u00a0<\/h2>\n<h2 class=\"pane-title\">Benvenuti nella sezione Svizzera centrale<\/h2>\n<div class=\"pane-content\">\n<article id=\"node-161\" class=\"node node-sektion view-mode-full\">\n<div class=\"body field\">\n<p>\u00a0<\/p>\n<\/div>\n<\/article>\n<\/div>    <\/div>\n<\/div>\n<!-- \/module text -->        <\/div>\n                    <div  data-lazy=\"1\" class=\"module_column tb-column col2-1 tb_cwkh530 last\">\n                    <!-- module image -->\n<div  class=\"module module-image tb_4kqk259 image-top   tf_mw\" data-lazy=\"1\">\n        <div class=\"image-wrap tf_rel tf_mw\">\n            <img loading=\"lazy\" decoding=\"async\" src=\"https:\/\/sites.ordredemaltesuisse.org\/shoms\/wp-content\/uploads\/sites\/11\/2021\/09\/Zentralschweiz.jpg\" width=\"192\" height=\"182\" title=\"Svizzera centrale\" alt=\"Svizzera centrale\">    \n        <\/div>\n    <!-- \/image-wrap -->\n    \n        <\/div>\n<!-- \/module image -->        <\/div>\n                        <\/div>\n        <\/div>\n                        <div  data-lazy=\"1\" class=\"module_row themify_builder_row tb_f1pj319 tf_w\">\n                        <div class=\"row_inner col_align_top tb_col_count_1 tf_box tf_rel\">\n                        <div  data-lazy=\"1\" class=\"module_column tb-column col-full tb_485d320 first\">\n                    <!-- module text -->\n<div  class=\"module module-text tb_lupz858   \" data-lazy=\"1\">\n        <div  class=\"tb_text_wrap\">\n        <p>La sezione della Svizzera centrale \u00e8 stata fondata nel 1985.<\/p>\n<p>La sezione \u00e8 composta da ca. 25 membri attivi.<\/p>    <\/div>\n<\/div>\n<!-- \/module text --><!-- module template_part -->\n<div  class=\"module module-layout-part tb_9b52186 \">\n    <div class=\"tb_layout_part_wrap tf_w\"><!--themify_builder_content-->\n    <div  class=\"themify_builder_content themify_builder_content-3168 themify_builder not_editable_builder in_the_loop\" data-postid=\"3168\">\n                        <div  data-lazy=\"1\" class=\"module_row themify_builder_row tb_qotm155 tf_w\">\n                        <div class=\"row_inner col_align_top tb_col_count_2 tf_box tf_rel\">\n                        <div  data-lazy=\"1\" class=\"module_column tb-column col2-1 tb_5e4n157 first\">\n                    <!-- module accordion -->\n<div  class=\"module module-accordion tb_p0zl158 \" data-behavior=\"toggle\" data-lazy=\"1\">\n    \n    <ul class=\"ui module-accordion   tb_default_color\">\n            <li>\n            <div class=\"accordion-title tf_rel\">\n                <a href=\"#acc-p0zl158-0\" class=\"tb_title_accordion\" aria-controls=\"acc-p0zl158-0-content\" aria-expanded=\"false\">\n                                                            <span class=\"accordion-title-wrap\">Begleitende Besuche an den Gottesdienst<\/span>                <\/a>\n            <\/div><!-- .accordion-title -->\n            <div id=\"acc-p0zl158-0-content\" data-id=\"acc-p0zl158-0\" aria-hidden=\"true\" class=\"accordion-content tf_hide tf_clearfix\">\n                                    <div class=\"tb_text_wrap\">\n                        <div class=\"views-field views-field-body\">\n<div class=\"field-content\">\n<h6><span class=\"field-content\">Begleitende Besuche von geistig behinderten Personen an den Sonntagsgottesdienst<\/span><\/h6>\n<p>Ein Angebot der Sektion ist die Begleitung geistig behinderte Personen an Sonntagsgottesdiens. Die Erf\u00fcllung des Bed\u00fcrfnisses eines Gottesdienstbesuches am Sonntag ist f\u00fcr die Leitung von Wohnheimen oft nur bedingt m\u00f6glich, da es sich um ein sehr individuelles Bed\u00fcrfnis handelt und die Betreuungskapazit\u00e4t der Wohnheime an Sonntagen stets ziemlich eingeschr\u00e4nkt sind.<\/p>\n<\/div>\n<\/div>                    <\/div>\n                            <\/div><!-- .accordion-content -->\n        <\/li>\n        <\/ul>\n\n<\/div><!-- \/module accordion --><!-- module accordion -->\n<div  class=\"module module-accordion tb_vhrg229 \" data-behavior=\"toggle\" data-lazy=\"1\">\n    \n    <ul class=\"ui module-accordion   tb_default_color\">\n            <li>\n            <div class=\"accordion-title tf_rel\">\n                <a href=\"#acc-vhrg229-0\" class=\"tb_title_accordion\" aria-controls=\"acc-vhrg229-0-content\" aria-expanded=\"false\">\n                                                            <span class=\"accordion-title-wrap\">Wallfahrt zum Einsiedler Krankentag<\/span>                <\/a>\n            <\/div><!-- .accordion-title -->\n            <div id=\"acc-vhrg229-0-content\" data-id=\"acc-vhrg229-0\" aria-hidden=\"true\" class=\"accordion-content tf_hide tf_clearfix\">\n                                    <div class=\"tb_text_wrap\">\n                        <div class=\"views-field views-field-body\"><div class=\"field-content\"><p>Am j\u00e4hrlichen Einsiedler Krankentag laden wir die Bewohner des Alters- und Betagtenzentrums Viva Luzern zur gemeinsamen Wallfahrt nach Einsiedeln ein. Nach einer Busfahrt durch die idyllische Zentralschweiz, einem gemeinsamen Mittagessen mit angeregten Gespr\u00e4chen, finden wir uns in der wundersch\u00f6nen Klosterkirche zur gemeinsamen Messe und der Spende des Sakraments der Krankensalbung ein.<\/p><\/div><\/div>                    <\/div>\n                            <\/div><!-- .accordion-content -->\n        <\/li>\n        <\/ul>\n\n<\/div><!-- \/module accordion -->        <\/div>\n                    <div  data-lazy=\"1\" class=\"module_column tb-column col2-1 tb_toes160 last\">\n                    <!-- module accordion -->\n<div  class=\"module module-accordion tb_jelu161 \" data-behavior=\"toggle\" data-lazy=\"1\">\n    \n    <ul class=\"ui module-accordion   tb_default_color\">\n            <li>\n            <div class=\"accordion-title tf_rel\">\n                <a href=\"#acc-jelu161-0\" class=\"tb_title_accordion\" aria-controls=\"acc-jelu161-0-content\" aria-expanded=\"false\">\n                                                            <span class=\"accordion-title-wrap\">Hilfe &amp; Beistand<\/span>                <\/a>\n            <\/div><!-- .accordion-title -->\n            <div id=\"acc-jelu161-0-content\" data-id=\"acc-jelu161-0\" aria-hidden=\"true\" class=\"accordion-content tf_hide tf_clearfix\">\n                                    <div class=\"tb_text_wrap\">\n                        <div class=\"views-field views-field-body\"><div class=\"field-content\"><p>Die Sektion steht in st\u00e4ndigem Kontakt mit den Verantwortlichen von Hilfe &amp; Beistand und mobilisiert nach Bedarf Mitglieder zur Unterst\u00fctzung zur Beladung der Camions.<\/p><\/div><\/div>                    <\/div>\n                            <\/div><!-- .accordion-content -->\n        <\/li>\n        <\/ul>\n\n<\/div><!-- \/module accordion --><!-- module accordion -->\n<div  class=\"module module-accordion tb_k1cg998 \" data-behavior=\"toggle\" data-lazy=\"1\">\n    \n    <ul class=\"ui module-accordion   tb_default_color\">\n            <li>\n            <div class=\"accordion-title tf_rel\">\n                <a href=\"#acc-k1cg998-0\" class=\"tb_title_accordion\" aria-controls=\"acc-k1cg998-0-content\" aria-expanded=\"false\">\n                                                            <span class=\"accordion-title-wrap\">Kommunionspendedienst SSBL Rathausen<\/span>                <\/a>\n            <\/div><!-- .accordion-title -->\n            <div id=\"acc-k1cg998-0-content\" data-id=\"acc-k1cg998-0\" aria-hidden=\"true\" class=\"accordion-content tf_hide tf_clearfix\">\n                                    <div class=\"tb_text_wrap\">\n                        <div class=\"views-field views-field-body\"><div class=\"field-content\"><p>Eine Gruppe von Mitgliedern der Sektion Zentralschweiz hat sich zu Kommunionsspendern ausbilden lassen und sich zur Aufgabe gemacht regelm\u00e4ssig mit den Bewohnern der SSBL Rathausen die Heilige Kommunion zu teilen. Ob in einer kleinen, gemeinsamen Feier oder individuell und ganz pers\u00f6nlich, der Dienst wird von den Bewohnern ausserordentlich gesch\u00e4tzt.<\/p><\/div><\/div>                    <\/div>\n                            <\/div><!-- .accordion-content -->\n        <\/li>\n        <\/ul>\n\n<\/div><!-- \/module accordion -->        <\/div>\n                        <\/div>\n        <\/div>\n            <\/div>\n<!--\/themify_builder_content--><\/div>\n<\/div>\n<!-- \/module template_part -->        <\/div>\n                        <\/div>\n        <\/div>\n                        <div  data-lazy=\"1\" class=\"module_row themify_builder_row tb_9q2s811 tf_w\">\n                        <div class=\"row_inner col_align_top tb_col_count_1 tf_box tf_rel\">\n                        <div  data-lazy=\"1\" class=\"module_column tb-column col-full tb_oloc812 first\">\n                    <!-- module image -->\n<div  class=\"module module-image tb_122z158 image-top   tf_mw\" data-lazy=\"1\">\n        <div class=\"image-wrap tf_rel tf_mw\">\n            <img loading=\"lazy\" decoding=\"async\" src=\"https:\/\/sites.ordredemaltesuisse.org\/shoms\/wp-content\/uploads\/sites\/11\/2021\/07\/SEktionsfotoLuzern-Lourdes-2013-720x456-1.jpg\" width=\"720\" height=\"304\" title=\"Svizzera centrale\" alt=\"Svizzera centrale\">    \n        <\/div>\n    <!-- \/image-wrap -->\n    \n        <\/div>\n<!-- \/module image -->        <\/div>\n                        <\/div>\n        <\/div>\n                        <div  data-lazy=\"1\" class=\"module_row themify_builder_row tb_kelx904 tf_w\">\n                        <div class=\"row_inner col_align_top tb_col_count_1 tf_box tf_rel\">\n                        <div  data-lazy=\"1\" class=\"module_column tb-column col-full tb_56sb905 first\">\n                    <!-- module template_part -->\n<div  class=\"module module-layout-part tb_qwgo109 \">\n    <div class=\"tb_layout_part_wrap tf_w\"><!--themify_builder_content-->\n    <div  class=\"themify_builder_content themify_builder_content-2841 themify_builder not_editable_builder in_the_loop\" data-postid=\"2841\">\n                        <div  data-lazy=\"1\" class=\"module_row themify_builder_row tb_rlgp885 tf_w\">\n                        <div class=\"row_inner col_align_top tb_col_count_1 tf_box tf_rel\">\n                        <div  data-lazy=\"1\" class=\"module_column tb-column col-full tb_emdj887 first\">\n                    <!-- module divider -->\n<div  class=\"module tf_mw module-divider tb_fwdp887 solid   \" style=\"border-width: 10px;border-color: rgba(0,0,0, 0);\" data-lazy=\"1\">\n    <\/div>\n<!-- \/module divider -->\n<!-- module text -->\n<div  class=\"module module-text tb_ut01888   \" data-lazy=\"1\">\n    <h3 class=\"module-title\">Agenda:<\/h3>    <div  class=\"tb_text_wrap\">\n            <\/div>\n<\/div>\n<!-- \/module text --><!-- module plain text -->\n<div  class=\"module module-plain-text tb_yhom889 \" data-lazy=\"1\">\n        <div class=\"tb_text_wrap\">\n    <div class=\"r34ics-ajax-container loading\" id=\"r69e4b9c6720b02a\" data-view=\"list\" data-view-is-list-style=\"1\" data-view-is-list-long=\"1\" data-args=\"3d408ee294c7dbbf2fc2b627842b09ca4c98b037\" data-js-args=\"{&quot;debug&quot;:null}\">&nbsp;<\/div>\n    <\/div>\n<\/div>\n<!-- \/module plain text -->        <\/div>\n                        <\/div>\n        <\/div>\n            <\/div>\n<!--\/themify_builder_content--><\/div>\n<\/div>\n<!-- \/module template_part --><!-- module template_part -->\n<div  class=\"module module-layout-part tb_rbwy998 \">\n    <div class=\"tb_layout_part_wrap tf_w\"><!--themify_builder_content-->\n    <div  class=\"themify_builder_content themify_builder_content-2055 themify_builder not_editable_builder in_the_loop\" data-postid=\"2055\">\n                        <div  data-lazy=\"1\" class=\"module_row themify_builder_row tb_n2x6668 tf_w\">\n                        <div class=\"row_inner col_align_top tb_col_count_1 tf_box tf_rel\">\n                        <div  data-lazy=\"1\" class=\"module_column tb-column col-full tb_k8ja670 first\">\n                    <!-- module icon -->\n<div  class=\"module module-icon tb_zbor672    icon_horizontal \" data-lazy=\"1\">\n\t\t\t<div class=\"module-icon-item\">\n\t\t\t\t\t\t\t<a href=\"mailto:zentralschweiz@shoms.ch\" rel=\"noopener\" target=\"_blank\">\n\t\t\t\t\t\t\t\t\t\t\t\t\t\t\t\t\t<em class=\"tf_box\"\n\t\t\t\t\t\t\t\t\t\t\t\t style=\"background-color:#ffffff;color:#050505\"\t\t\t\t\t><svg  class=\"tf_fa tf-ti-email\" xmlns:xlink=\"http:\/\/www.w3.org\/1999\/xlink\" aria-hidden=\"true\"><use href=\"#tf-ti-email\" xlink:href=\"#tf-ti-email\"><\/use><\/svg><\/em>\n\t\t\t\t\t\t\t\t\t\t\t\t\t\t\t\t\t\t\t<span>Zentralschweiz: Gunthard Orglmeister und Branco von Hoensbroech \u2013 zentralschweiz@shoms.ch<\/span>\n\t\t\t\t\t\t\t\t\t\t\t\t\t\t\t\t\t<\/a>\n\t\t\t\t\t<\/div>\n\t<\/div>\n<!-- \/module icon -->\n        <\/div>\n                        <\/div>\n        <\/div>\n            <\/div>\n<!--\/themify_builder_content--><\/div>\n<\/div>\n<!-- \/module template_part -->        <\/div>\n                        <\/div>\n        <\/div>\n        <\/div>\n<!--\/themify_builder_content-->","protected":false},"excerpt":{"rendered":"<p>\u00a0 Benvenuti nella sezione Svizzera centrale \u00a0 La sezione della Svizzera centrale \u00e8 stata fondata nel 1985. La sezione \u00e8 composta da ca. 25 membri attivi. Begleitende Besuche an den Gottesdienst Begleitende Besuche von geistig behinderten Personen an den Sonntagsgottesdienst Ein Angebot der Sektion ist die Begleitung geistig behinderte Personen an Sonntagsgottesdiens. Die Erf\u00fcllung des [&hellip;]<\/p>\n","protected":false},"author":16,"featured_media":0,"parent":2014,"menu_order":0,"comment_status":"closed","ping_status":"closed","template":"","meta":{"inline_featured_image":false,"footnotes":""},"class_list":["post-2063","page","type-page","status-publish","hentry","has-post-title","has-post-date","has-post-category","has-post-tag","has-post-comment","has-post-author",""],"yoast_head":"<!-- This site is optimized with the Yoast SEO plugin v27.4 - https:\/\/yoast.com\/product\/yoast-seo-wordpress\/ -->\n<title>Svizzera centrale - Shoms.ch<\/title>\n<meta name=\"robots\" content=\"index, follow, max-snippet:-1, max-image-preview:large, max-video-preview:-1\" \/>\n<link rel=\"canonical\" href=\"https:\/\/shoms.ch\/it\/le-nostre-sezioni\/svizzera-centrale\/\" \/>\n<meta property=\"og:locale\" content=\"it_IT\" \/>\n<meta property=\"og:type\" content=\"article\" \/>\n<meta property=\"og:title\" content=\"Svizzera centrale - Shoms.ch\" \/>\n<meta property=\"og:description\" content=\"\u00a0 Benvenuti nella sezione Svizzera centrale \u00a0 La sezione della Svizzera centrale \u00e8 stata fondata nel 1985. La sezione \u00e8 composta da ca. 25 membri attivi. Begleitende Besuche an den Gottesdienst Begleitende Besuche von geistig behinderten Personen an den Sonntagsgottesdienst Ein Angebot der Sektion ist die Begleitung geistig behinderte Personen an Sonntagsgottesdiens. Die Erf\u00fcllung des [&hellip;]\" \/>\n<meta property=\"og:url\" content=\"https:\/\/shoms.ch\/it\/le-nostre-sezioni\/svizzera-centrale\/\" \/>\n<meta property=\"og:site_name\" content=\"Shoms.ch\" \/>\n<meta property=\"article:modified_time\" content=\"2022-09-12T20:35:13+00:00\" \/>\n<meta property=\"og:image\" content=\"https:\/\/shoms.ch\/wp-content\/uploads\/sites\/11\/2021\/09\/Zentralschweiz.jpg\" \/>\n<meta name=\"twitter:card\" content=\"summary_large_image\" \/>\n<script type=\"application\/ld+json\" class=\"yoast-schema-graph\">{\"@context\":\"https:\\\/\\\/schema.org\",\"@graph\":[{\"@type\":\"WebPage\",\"@id\":\"https:\\\/\\\/shoms.ch\\\/it\\\/le-nostre-sezioni\\\/svizzera-centrale\\\/\",\"url\":\"https:\\\/\\\/shoms.ch\\\/it\\\/le-nostre-sezioni\\\/svizzera-centrale\\\/\",\"name\":\"Svizzera centrale - Shoms.ch\",\"isPartOf\":{\"@id\":\"https:\\\/\\\/shoms.ch\\\/it\\\/#website\"},\"primaryImageOfPage\":{\"@id\":\"https:\\\/\\\/shoms.ch\\\/it\\\/le-nostre-sezioni\\\/svizzera-centrale\\\/#primaryimage\"},\"image\":{\"@id\":\"https:\\\/\\\/shoms.ch\\\/it\\\/le-nostre-sezioni\\\/svizzera-centrale\\\/#primaryimage\"},\"thumbnailUrl\":\"https:\\\/\\\/shoms.ch\\\/wp-content\\\/uploads\\\/sites\\\/11\\\/2021\\\/09\\\/Zentralschweiz.jpg\",\"datePublished\":\"2021-07-05T07:39:33+00:00\",\"dateModified\":\"2022-09-12T20:35:13+00:00\",\"breadcrumb\":{\"@id\":\"https:\\\/\\\/shoms.ch\\\/it\\\/le-nostre-sezioni\\\/svizzera-centrale\\\/#breadcrumb\"},\"inLanguage\":\"it-IT\",\"potentialAction\":[{\"@type\":\"ReadAction\",\"target\":[\"https:\\\/\\\/shoms.ch\\\/it\\\/le-nostre-sezioni\\\/svizzera-centrale\\\/\"]}]},{\"@type\":\"ImageObject\",\"inLanguage\":\"it-IT\",\"@id\":\"https:\\\/\\\/shoms.ch\\\/it\\\/le-nostre-sezioni\\\/svizzera-centrale\\\/#primaryimage\",\"url\":\"https:\\\/\\\/shoms.ch\\\/wp-content\\\/uploads\\\/sites\\\/11\\\/2021\\\/09\\\/Zentralschweiz.jpg\",\"contentUrl\":\"https:\\\/\\\/shoms.ch\\\/wp-content\\\/uploads\\\/sites\\\/11\\\/2021\\\/09\\\/Zentralschweiz.jpg\"},{\"@type\":\"BreadcrumbList\",\"@id\":\"https:\\\/\\\/shoms.ch\\\/it\\\/le-nostre-sezioni\\\/svizzera-centrale\\\/#breadcrumb\",\"itemListElement\":[{\"@type\":\"ListItem\",\"position\":1,\"name\":\"Startseite\",\"item\":\"https:\\\/\\\/shoms.ch\\\/it\\\/\"},{\"@type\":\"ListItem\",\"position\":2,\"name\":\"Le nostre sezioni\",\"item\":\"https:\\\/\\\/shoms.ch\\\/it\\\/le-nostre-sezioni\\\/\"},{\"@type\":\"ListItem\",\"position\":3,\"name\":\"Svizzera centrale\"}]},{\"@type\":\"WebSite\",\"@id\":\"https:\\\/\\\/shoms.ch\\\/it\\\/#website\",\"url\":\"https:\\\/\\\/shoms.ch\\\/it\\\/\",\"name\":\"Shoms.ch\",\"description\":\"MALTESER HOSPITALDIENST SCHWEIZ (MHDS)\",\"potentialAction\":[{\"@type\":\"SearchAction\",\"target\":{\"@type\":\"EntryPoint\",\"urlTemplate\":\"https:\\\/\\\/shoms.ch\\\/it\\\/?s={search_term_string}\"},\"query-input\":{\"@type\":\"PropertyValueSpecification\",\"valueRequired\":true,\"valueName\":\"search_term_string\"}}],\"inLanguage\":\"it-IT\"}]}<\/script>\n<!-- \/ Yoast SEO plugin. -->","yoast_head_json":{"title":"Svizzera centrale - Shoms.ch","robots":{"index":"index","follow":"follow","max-snippet":"max-snippet:-1","max-image-preview":"max-image-preview:large","max-video-preview":"max-video-preview:-1"},"canonical":"https:\/\/shoms.ch\/it\/le-nostre-sezioni\/svizzera-centrale\/","og_locale":"it_IT","og_type":"article","og_title":"Svizzera centrale - Shoms.ch","og_description":"\u00a0 Benvenuti nella sezione Svizzera centrale \u00a0 La sezione della Svizzera centrale \u00e8 stata fondata nel 1985. La sezione \u00e8 composta da ca. 25 membri attivi. Begleitende Besuche an den Gottesdienst Begleitende Besuche von geistig behinderten Personen an den Sonntagsgottesdienst Ein Angebot der Sektion ist die Begleitung geistig behinderte Personen an Sonntagsgottesdiens. Die Erf\u00fcllung des [&hellip;]","og_url":"https:\/\/shoms.ch\/it\/le-nostre-sezioni\/svizzera-centrale\/","og_site_name":"Shoms.ch","article_modified_time":"2022-09-12T20:35:13+00:00","og_image":[{"url":"https:\/\/shoms.ch\/wp-content\/uploads\/sites\/11\/2021\/09\/Zentralschweiz.jpg","type":"","width":"","height":""}],"twitter_card":"summary_large_image","schema":{"@context":"https:\/\/schema.org","@graph":[{"@type":"WebPage","@id":"https:\/\/shoms.ch\/it\/le-nostre-sezioni\/svizzera-centrale\/","url":"https:\/\/shoms.ch\/it\/le-nostre-sezioni\/svizzera-centrale\/","name":"Svizzera centrale - Shoms.ch","isPartOf":{"@id":"https:\/\/shoms.ch\/it\/#website"},"primaryImageOfPage":{"@id":"https:\/\/shoms.ch\/it\/le-nostre-sezioni\/svizzera-centrale\/#primaryimage"},"image":{"@id":"https:\/\/shoms.ch\/it\/le-nostre-sezioni\/svizzera-centrale\/#primaryimage"},"thumbnailUrl":"https:\/\/shoms.ch\/wp-content\/uploads\/sites\/11\/2021\/09\/Zentralschweiz.jpg","datePublished":"2021-07-05T07:39:33+00:00","dateModified":"2022-09-12T20:35:13+00:00","breadcrumb":{"@id":"https:\/\/shoms.ch\/it\/le-nostre-sezioni\/svizzera-centrale\/#breadcrumb"},"inLanguage":"it-IT","potentialAction":[{"@type":"ReadAction","target":["https:\/\/shoms.ch\/it\/le-nostre-sezioni\/svizzera-centrale\/"]}]},{"@type":"ImageObject","inLanguage":"it-IT","@id":"https:\/\/shoms.ch\/it\/le-nostre-sezioni\/svizzera-centrale\/#primaryimage","url":"https:\/\/shoms.ch\/wp-content\/uploads\/sites\/11\/2021\/09\/Zentralschweiz.jpg","contentUrl":"https:\/\/shoms.ch\/wp-content\/uploads\/sites\/11\/2021\/09\/Zentralschweiz.jpg"},{"@type":"BreadcrumbList","@id":"https:\/\/shoms.ch\/it\/le-nostre-sezioni\/svizzera-centrale\/#breadcrumb","itemListElement":[{"@type":"ListItem","position":1,"name":"Startseite","item":"https:\/\/shoms.ch\/it\/"},{"@type":"ListItem","position":2,"name":"Le nostre sezioni","item":"https:\/\/shoms.ch\/it\/le-nostre-sezioni\/"},{"@type":"ListItem","position":3,"name":"Svizzera centrale"}]},{"@type":"WebSite","@id":"https:\/\/shoms.ch\/it\/#website","url":"https:\/\/shoms.ch\/it\/","name":"Shoms.ch","description":"MALTESER HOSPITALDIENST SCHWEIZ (MHDS)","potentialAction":[{"@type":"SearchAction","target":{"@type":"EntryPoint","urlTemplate":"https:\/\/shoms.ch\/it\/?s={search_term_string}"},"query-input":{"@type":"PropertyValueSpecification","valueRequired":true,"valueName":"search_term_string"}}],"inLanguage":"it-IT"}]}},"builder_content":"<h2>\u00a0<\/h2> <h2>Benvenuti nella sezione Svizzera centrale<\/h2>\n<article id=\"node-161\">\n<p>\u00a0<\/p>\n<\/article>\n<img src=\"https:\/\/sites.ordredemaltesuisse.org\/shoms\/wp-content\/uploads\/sites\/11\/2021\/09\/Zentralschweiz.jpg\" width=\"192\" height=\"182\" title=\"Svizzera centrale\" alt=\"Svizzera centrale\">\n<p>La sezione della Svizzera centrale \u00e8 stata fondata nel 1985.<\/p> <p>La sezione \u00e8 composta da ca. 25 membri attivi.<\/p>\n<img src=\"https:\/\/sites.ordredemaltesuisse.org\/shoms\/wp-content\/uploads\/sites\/11\/2021\/07\/SEktionsfotoLuzern-Lourdes-2013-720x456-1.jpg\" width=\"720\" height=\"304\" title=\"Svizzera centrale\" alt=\"Svizzera centrale\">","_links":{"self":[{"href":"https:\/\/shoms.ch\/it\/wp-json\/wp\/v2\/pages\/2063","targetHints":{"allow":["GET"]}}],"collection":[{"href":"https:\/\/shoms.ch\/it\/wp-json\/wp\/v2\/pages"}],"about":[{"href":"https:\/\/shoms.ch\/it\/wp-json\/wp\/v2\/types\/page"}],"author":[{"embeddable":true,"href":"https:\/\/shoms.ch\/it\/wp-json\/wp\/v2\/users\/16"}],"replies":[{"embeddable":true,"href":"https:\/\/shoms.ch\/it\/wp-json\/wp\/v2\/comments?post=2063"}],"version-history":[{"count":6,"href":"https:\/\/shoms.ch\/it\/wp-json\/wp\/v2\/pages\/2063\/revisions"}],"predecessor-version":[{"id":3174,"href":"https:\/\/shoms.ch\/it\/wp-json\/wp\/v2\/pages\/2063\/revisions\/3174"}],"up":[{"embeddable":true,"href":"https:\/\/shoms.ch\/it\/wp-json\/wp\/v2\/pages\/2014"}],"wp:attachment":[{"href":"https:\/\/shoms.ch\/it\/wp-json\/wp\/v2\/media?parent=2063"}],"curies":[{"name":"wp","href":"https:\/\/api.w.org\/{rel}","templated":true}]}}