{"id":2099,"date":"2021-07-05T08:43:00","date_gmt":"2021-07-05T06:43:00","guid":{"rendered":"https:\/\/sites.ordredemaltesuisse.org\/shoms\/le-nostre-sezioni\/ostschweiz-liechtenstein\/"},"modified":"2022-05-15T23:46:21","modified_gmt":"2022-05-15T21:46:21","slug":"ostschweiz-liechtenstein","status":"publish","type":"page","link":"https:\/\/shoms.ch\/it\/le-nostre-sezioni\/ostschweiz-liechtenstein\/","title":{"rendered":"Ostschweiz \/ Liechtenstein"},"content":{"rendered":"<!--themify_builder_content-->\n<div id=\"themify_builder_content-2099\" data-postid=\"2099\" class=\"themify_builder_content themify_builder_content-2099 themify_builder tf_clear\">\n                    <div  data-lazy=\"1\" class=\"module_row themify_builder_row tb_krag306 tb_first tf_w\">\n                        <div class=\"row_inner col_align_top tb_col_count_2 tf_box tf_rel\">\n                        <div  data-lazy=\"1\" class=\"module_column tb-column col2-1 tb_qcc9307 first\">\n                    <!-- module text -->\n<div  class=\"module module-text tb_f1e0221   \" data-lazy=\"1\">\n        <div  class=\"tb_text_wrap\">\n        <div class=\"panel-pane pane-entity-view pane-node\">\n<h2>\u00a0<\/h2>\n<h2 class=\"pane-title\">Benvenuti nella sezione Ostschweiz\/Liechtenstein<\/h2>\n<\/div>    <\/div>\n<\/div>\n<!-- \/module text -->        <\/div>\n                    <div  data-lazy=\"1\" class=\"module_column tb-column col2-1 tb_o9x4307 last\">\n                    <!-- module image -->\n<div  class=\"module module-image tb_4m7v439 image-top   tf_mw\" data-lazy=\"1\">\n        <div class=\"image-wrap tf_rel tf_mw\">\n            <img loading=\"lazy\" decoding=\"async\" src=\"https:\/\/sites.ordredemaltesuisse.org\/shoms\/wp-content\/uploads\/sites\/11\/2021\/09\/Ostschweiz.jpg\" width=\"184\" height=\"170\" title=\"Ostschweiz \/ Liechtenstein\" alt=\"Ostschweiz \/ Liechtenstein\">    \n        <\/div>\n    <!-- \/image-wrap -->\n    \n        <\/div>\n<!-- \/module image -->        <\/div>\n                        <\/div>\n        <\/div>\n                        <div  data-lazy=\"1\" class=\"module_row themify_builder_row tb_o4n8750 tf_w\">\n                        <div class=\"row_inner col_align_top tb_col_count_1 tf_box tf_rel\">\n                        <div  data-lazy=\"1\" class=\"module_column tb-column col-full tb_anwp750 first\">\n                    <!-- module text -->\n<div  class=\"module module-text tb_6byv262   \" data-lazy=\"1\">\n        <div  class=\"tb_text_wrap\">\n        <div class=\"body field\">\n<p>La sezione di Ostschweiz-Liechtenstein\u00a0 \u00e8 stata fondata nel 1992.<\/p>\n<p>Le nostre attivit\u00e0 sono:<\/p>\n<\/div>    <\/div>\n<\/div>\n<!-- \/module text -->        <\/div>\n                        <\/div>\n        <\/div>\n                        <div  data-lazy=\"1\" class=\"module_row themify_builder_row tb_81bq930 tf_w\">\n                        <div class=\"row_inner col_align_top tb_col_count_2 tf_box tf_rel\">\n                        <div  data-lazy=\"1\" class=\"module_column tb-column col2-1 tb_nwk9934 first\">\n                    <!-- module accordion -->\n<div  class=\"module module-accordion tb_air0292 \" data-behavior=\"toggle\" data-lazy=\"1\">\n    \n    <ul class=\"ui module-accordion   tb_default_color\">\n            <li>\n            <div class=\"accordion-title tf_rel\">\n                <a href=\"#acc-air0292-0\" class=\"tb_title_accordion\" aria-controls=\"acc-air0292-0-content\" aria-expanded=\"false\">\n                                                            <span class=\"accordion-title-wrap\">SOOMS Ostschweiz-Liechtenstein<\/span>                <\/a>\n            <\/div><!-- .accordion-title -->\n            <div id=\"acc-air0292-0-content\" data-id=\"acc-air0292-0\" aria-hidden=\"true\" class=\"accordion-content tf_hide tf_clearfix\">\n                                    <div class=\"tb_text_wrap\">\n                        <div class=\"views-field views-field-field-bild\">\n<div class=\"field-content\"><a class=\"colorbox init-colorbox-processed cboxElement\" title=\"MHDS Ostschweiz-Liechtenstein\" href=\"https:\/\/www.shoms.ch\/sites\/www.shoms.ch\/files\/masecha_2016.jpg\" data-colorbox-gallery=\"gallery-node-261-NOGKz6wg8Ps\" data-cbox-img-attrs=\"{&quot;title&quot;: &quot;&quot;, &quot;alt&quot;: &quot;&quot;}\"><img loading=\"lazy\" decoding=\"async\" title=\"\" src=\"https:\/\/www.shoms.ch\/sites\/www.shoms.ch\/files\/styles\/medium\/public\/masecha_2016.jpg?itok=QYpAJujY\" alt=\"\" width=\"220\" height=\"124\" \/><\/a><\/div>\n<\/div>\n<div class=\"views-field views-field-body\">\n<div class=\"field-content\">\n<p><u><strong>Einsatztag<\/strong><\/u>: 1x pro Monat<\/p>\n<p><strong><u>Aufgabe<\/u><\/strong>: Behinderte und kranke Mitmenschen zu Ausfl\u00fcgen, netten Begegnungen oder auch Wallfahrten mitzunehmen und zu pflegen und ggf. deren Angeh\u00f6rige zu entlasten.<\/p>\n<\/div>\n<\/div>                    <\/div>\n                            <\/div><!-- .accordion-content -->\n        <\/li>\n        <\/ul>\n\n<\/div><!-- \/module accordion -->        <\/div>\n                    <div  data-lazy=\"1\" class=\"module_column tb-column col2-1 tb_nhvl936 last\">\n                    <!-- module accordion -->\n<div  class=\"module module-accordion tb_r0y6972 \" data-behavior=\"toggle\" data-lazy=\"1\">\n    \n    <ul class=\"ui module-accordion   tb_default_color\">\n            <li>\n            <div class=\"accordion-title tf_rel\">\n                <a href=\"#acc-r0y6972-0\" class=\"tb_title_accordion\" aria-controls=\"acc-r0y6972-0-content\" aria-expanded=\"false\">\n                                                            <span class=\"accordion-title-wrap\">Malteser Uni St. Gallen<\/span>                <\/a>\n            <\/div><!-- .accordion-title -->\n            <div id=\"acc-r0y6972-0-content\" data-id=\"acc-r0y6972-0\" aria-hidden=\"true\" class=\"accordion-content tf_hide tf_clearfix\">\n                                    <div class=\"tb_text_wrap\">\n                        <p><u><strong>Einsatztag<\/strong><\/u>: 1x pro Monat<\/p>\n<p><strong><u>Aufgabe<\/u><\/strong>: Junge Behinderte aus verschiedenen Institutionen oder von Privat f\u00fcr gesellige Stunden bei einem Essen oder Ausflug begleiten.<\/p>                    <\/div>\n                            <\/div><!-- .accordion-content -->\n        <\/li>\n        <\/ul>\n\n<\/div><!-- \/module accordion -->        <\/div>\n                        <\/div>\n        <\/div>\n                        <div  data-lazy=\"1\" class=\"module_row themify_builder_row tb_62g0891 tf_w\">\n                        <div class=\"row_inner col_align_top tb_col_count_1 tf_box tf_rel\">\n                        <div  data-lazy=\"1\" class=\"module_column tb-column col-full tb_vheo893 first\">\n                    <!-- module image -->\n<div  class=\"module module-image tb_kdpd166 image-top   tf_mw\" data-lazy=\"1\">\n        <div class=\"image-wrap tf_rel tf_mw\">\n            <img loading=\"lazy\" decoding=\"async\" src=\"https:\/\/sites.ordredemaltesuisse.org\/shoms\/wp-content\/uploads\/sites\/11\/2021\/07\/altottinghandy_juli_2017_2482_687.x319.jpg\" width=\"687\" height=\"319\" title=\"Ostschweiz \/ Liechtenstein\" alt=\"Ostschweiz \/ Liechtenstein\">    \n        <\/div>\n    <!-- \/image-wrap -->\n    \n        <\/div>\n<!-- \/module image -->        <\/div>\n                        <\/div>\n        <\/div>\n                        <div  data-lazy=\"1\" class=\"module_row themify_builder_row tb_lom389 tf_w\">\n                        <div class=\"row_inner col_align_top tb_col_count_1 tf_box tf_rel\">\n                        <div  data-lazy=\"1\" class=\"module_column tb-column col-full tb_3gq391 first\">\n                    <!-- module template_part -->\n<div  class=\"module module-layout-part tb_h1nf683 \">\n    <div class=\"tb_layout_part_wrap tf_w\"><!--themify_builder_content-->\n    <div  class=\"themify_builder_content themify_builder_content-2800 themify_builder not_editable_builder in_the_loop\" data-postid=\"2800\">\n                        <div  data-lazy=\"1\" class=\"module_row themify_builder_row tb_knib948 tf_w\">\n                        <div class=\"row_inner col_align_top tb_col_count_1 tf_box tf_rel\">\n                        <div  data-lazy=\"1\" class=\"module_column tb-column col-full tb_47rl949 first\">\n                    <!-- module divider -->\n<div  class=\"module tf_mw module-divider tb_18se949 solid   \" style=\"border-width: 10px;border-color: rgba(0,0,0, 0);\" data-lazy=\"1\">\n    <\/div>\n<!-- \/module divider -->\n<!-- module text -->\n<div  class=\"module module-text tb_sfnu950   \" data-lazy=\"1\">\n    <h3 class=\"module-title\">Agenda:<\/h3>    <div  class=\"tb_text_wrap\">\n            <\/div>\n<\/div>\n<!-- \/module text --><!-- module plain text -->\n<div  class=\"module module-plain-text tb_zqw3950 \" data-lazy=\"1\">\n        <div class=\"tb_text_wrap\">\n    <div class=\"r34ics-ajax-container loading\" id=\"r69df59c92099ddc\" data-view=\"list\" data-view-is-list-style=\"1\" data-view-is-list-long=\"1\" data-args=\"4b846586caa4f1ba5439d49592d180d37f257cf3\" data-js-args=\"{&quot;debug&quot;:null}\">&nbsp;<\/div>\n    <\/div>\n<\/div>\n<!-- \/module plain text -->        <\/div>\n                        <\/div>\n        <\/div>\n            <\/div>\n<!--\/themify_builder_content--><\/div>\n<\/div>\n<!-- \/module template_part --><!-- module template_part -->\n<div  class=\"module module-layout-part tb_hn28902 \">\n    <div class=\"tb_layout_part_wrap tf_w\"><!--themify_builder_content-->\n    <div  class=\"themify_builder_content themify_builder_content-2089 themify_builder not_editable_builder in_the_loop\" data-postid=\"2089\">\n                        <div  data-lazy=\"1\" class=\"module_row themify_builder_row tb_scxt273 tf_w\">\n                        <div class=\"row_inner col_align_top tb_col_count_1 tf_box tf_rel\">\n                        <div  data-lazy=\"1\" class=\"module_column tb-column col-full tb_rpxp274 first\">\n                    <!-- module icon -->\n<div  class=\"module module-icon tb_j8db275  normal circle icon_horizontal \" data-lazy=\"1\">\n\t\t\t<div class=\"module-icon-item\">\n\t\t\t\t\t\t\t<a href=\"mailto:ostschweiz@shoms.ch\" rel=\"noopener\" target=\"_blank\">\n\t\t\t\t\t\t\t\t\t\t\t\t\t\t\t\t\t<em class=\"tf_box\"\n\t\t\t\t\t\t\t\t\t\t\t\t style=\"background-color:#ffffff;color:#050505\"\t\t\t\t\t><svg  class=\"tf_fa tf-ti-email\" xmlns:xlink=\"http:\/\/www.w3.org\/1999\/xlink\" aria-hidden=\"true\"><use href=\"#tf-ti-email\" xlink:href=\"#tf-ti-email\"><\/use><\/svg><\/em>\n\t\t\t\t\t\t\t\t\t\t\t\t\t\t\t\t\t\t\t<span>Ostschweiz: Hans Christian Paz N\u00f6tzlin \u2013 ostschweiz@shoms.ch<\/span>\n\t\t\t\t\t\t\t\t\t\t\t\t\t\t\t\t\t<\/a>\n\t\t\t\t\t<\/div>\n\t<\/div>\n<!-- \/module icon -->\n        <\/div>\n                        <\/div>\n        <\/div>\n            <\/div>\n<!--\/themify_builder_content--><\/div>\n<\/div>\n<!-- \/module template_part -->        <\/div>\n                        <\/div>\n        <\/div>\n        <\/div>\n<!--\/themify_builder_content-->","protected":false},"excerpt":{"rendered":"<p>\u00a0 Benvenuti nella sezione Ostschweiz\/Liechtenstein La sezione di Ostschweiz-Liechtenstein\u00a0 \u00e8 stata fondata nel 1992. Le nostre attivit\u00e0 sono: SOOMS Ostschweiz-Liechtenstein Einsatztag: 1x pro Monat Aufgabe: Behinderte und kranke Mitmenschen zu Ausfl\u00fcgen, netten Begegnungen oder auch Wallfahrten mitzunehmen und zu pflegen und ggf. deren Angeh\u00f6rige zu entlasten. Malteser Uni St. Gallen Einsatztag: 1x pro Monat Aufgabe: [&hellip;]<\/p>\n","protected":false},"author":16,"featured_media":0,"parent":2014,"menu_order":0,"comment_status":"closed","ping_status":"closed","template":"","meta":{"inline_featured_image":false,"footnotes":""},"class_list":["post-2099","page","type-page","status-publish","hentry","has-post-title","has-post-date","has-post-category","has-post-tag","has-post-comment","has-post-author",""],"yoast_head":"<!-- This site is optimized with the Yoast SEO plugin v27.4 - https:\/\/yoast.com\/product\/yoast-seo-wordpress\/ -->\n<title>Ostschweiz \/ Liechtenstein - Shoms.ch<\/title>\n<meta name=\"robots\" content=\"index, follow, max-snippet:-1, max-image-preview:large, max-video-preview:-1\" \/>\n<link rel=\"canonical\" href=\"https:\/\/shoms.ch\/it\/le-nostre-sezioni\/ostschweiz-liechtenstein\/\" \/>\n<meta property=\"og:locale\" content=\"it_IT\" \/>\n<meta property=\"og:type\" content=\"article\" \/>\n<meta property=\"og:title\" content=\"Ostschweiz \/ Liechtenstein - Shoms.ch\" \/>\n<meta property=\"og:description\" content=\"\u00a0 Benvenuti nella sezione Ostschweiz\/Liechtenstein La sezione di Ostschweiz-Liechtenstein\u00a0 \u00e8 stata fondata nel 1992. Le nostre attivit\u00e0 sono: SOOMS Ostschweiz-Liechtenstein Einsatztag: 1x pro Monat Aufgabe: Behinderte und kranke Mitmenschen zu Ausfl\u00fcgen, netten Begegnungen oder auch Wallfahrten mitzunehmen und zu pflegen und ggf. deren Angeh\u00f6rige zu entlasten. Malteser Uni St. Gallen Einsatztag: 1x pro Monat Aufgabe: [&hellip;]\" \/>\n<meta property=\"og:url\" content=\"https:\/\/shoms.ch\/it\/le-nostre-sezioni\/ostschweiz-liechtenstein\/\" \/>\n<meta property=\"og:site_name\" content=\"Shoms.ch\" \/>\n<meta property=\"article:modified_time\" content=\"2022-05-15T21:46:21+00:00\" \/>\n<meta property=\"og:image\" content=\"https:\/\/shoms.ch\/wp-content\/uploads\/sites\/11\/2021\/09\/Ostschweiz.jpg\" \/>\n<meta name=\"twitter:card\" content=\"summary_large_image\" \/>\n<script type=\"application\/ld+json\" class=\"yoast-schema-graph\">{\"@context\":\"https:\\\/\\\/schema.org\",\"@graph\":[{\"@type\":\"WebPage\",\"@id\":\"https:\\\/\\\/shoms.ch\\\/it\\\/le-nostre-sezioni\\\/ostschweiz-liechtenstein\\\/\",\"url\":\"https:\\\/\\\/shoms.ch\\\/it\\\/le-nostre-sezioni\\\/ostschweiz-liechtenstein\\\/\",\"name\":\"Ostschweiz \\\/ Liechtenstein - Shoms.ch\",\"isPartOf\":{\"@id\":\"https:\\\/\\\/shoms.ch\\\/it\\\/#website\"},\"primaryImageOfPage\":{\"@id\":\"https:\\\/\\\/shoms.ch\\\/it\\\/le-nostre-sezioni\\\/ostschweiz-liechtenstein\\\/#primaryimage\"},\"image\":{\"@id\":\"https:\\\/\\\/shoms.ch\\\/it\\\/le-nostre-sezioni\\\/ostschweiz-liechtenstein\\\/#primaryimage\"},\"thumbnailUrl\":\"https:\\\/\\\/shoms.ch\\\/wp-content\\\/uploads\\\/sites\\\/11\\\/2021\\\/09\\\/Ostschweiz.jpg\",\"datePublished\":\"2021-07-05T06:43:00+00:00\",\"dateModified\":\"2022-05-15T21:46:21+00:00\",\"breadcrumb\":{\"@id\":\"https:\\\/\\\/shoms.ch\\\/it\\\/le-nostre-sezioni\\\/ostschweiz-liechtenstein\\\/#breadcrumb\"},\"inLanguage\":\"it-IT\",\"potentialAction\":[{\"@type\":\"ReadAction\",\"target\":[\"https:\\\/\\\/shoms.ch\\\/it\\\/le-nostre-sezioni\\\/ostschweiz-liechtenstein\\\/\"]}]},{\"@type\":\"ImageObject\",\"inLanguage\":\"it-IT\",\"@id\":\"https:\\\/\\\/shoms.ch\\\/it\\\/le-nostre-sezioni\\\/ostschweiz-liechtenstein\\\/#primaryimage\",\"url\":\"https:\\\/\\\/shoms.ch\\\/wp-content\\\/uploads\\\/sites\\\/11\\\/2021\\\/09\\\/Ostschweiz.jpg\",\"contentUrl\":\"https:\\\/\\\/shoms.ch\\\/wp-content\\\/uploads\\\/sites\\\/11\\\/2021\\\/09\\\/Ostschweiz.jpg\"},{\"@type\":\"BreadcrumbList\",\"@id\":\"https:\\\/\\\/shoms.ch\\\/it\\\/le-nostre-sezioni\\\/ostschweiz-liechtenstein\\\/#breadcrumb\",\"itemListElement\":[{\"@type\":\"ListItem\",\"position\":1,\"name\":\"Startseite\",\"item\":\"https:\\\/\\\/shoms.ch\\\/it\\\/\"},{\"@type\":\"ListItem\",\"position\":2,\"name\":\"Le nostre sezioni\",\"item\":\"https:\\\/\\\/shoms.ch\\\/it\\\/le-nostre-sezioni\\\/\"},{\"@type\":\"ListItem\",\"position\":3,\"name\":\"Ostschweiz \\\/ Liechtenstein\"}]},{\"@type\":\"WebSite\",\"@id\":\"https:\\\/\\\/shoms.ch\\\/it\\\/#website\",\"url\":\"https:\\\/\\\/shoms.ch\\\/it\\\/\",\"name\":\"Shoms.ch\",\"description\":\"MALTESER HOSPITALDIENST SCHWEIZ (MHDS)\",\"potentialAction\":[{\"@type\":\"SearchAction\",\"target\":{\"@type\":\"EntryPoint\",\"urlTemplate\":\"https:\\\/\\\/shoms.ch\\\/it\\\/?s={search_term_string}\"},\"query-input\":{\"@type\":\"PropertyValueSpecification\",\"valueRequired\":true,\"valueName\":\"search_term_string\"}}],\"inLanguage\":\"it-IT\"}]}<\/script>\n<!-- \/ Yoast SEO plugin. -->","yoast_head_json":{"title":"Ostschweiz \/ Liechtenstein - Shoms.ch","robots":{"index":"index","follow":"follow","max-snippet":"max-snippet:-1","max-image-preview":"max-image-preview:large","max-video-preview":"max-video-preview:-1"},"canonical":"https:\/\/shoms.ch\/it\/le-nostre-sezioni\/ostschweiz-liechtenstein\/","og_locale":"it_IT","og_type":"article","og_title":"Ostschweiz \/ Liechtenstein - Shoms.ch","og_description":"\u00a0 Benvenuti nella sezione Ostschweiz\/Liechtenstein La sezione di Ostschweiz-Liechtenstein\u00a0 \u00e8 stata fondata nel 1992. Le nostre attivit\u00e0 sono: SOOMS Ostschweiz-Liechtenstein Einsatztag: 1x pro Monat Aufgabe: Behinderte und kranke Mitmenschen zu Ausfl\u00fcgen, netten Begegnungen oder auch Wallfahrten mitzunehmen und zu pflegen und ggf. deren Angeh\u00f6rige zu entlasten. Malteser Uni St. Gallen Einsatztag: 1x pro Monat Aufgabe: [&hellip;]","og_url":"https:\/\/shoms.ch\/it\/le-nostre-sezioni\/ostschweiz-liechtenstein\/","og_site_name":"Shoms.ch","article_modified_time":"2022-05-15T21:46:21+00:00","og_image":[{"url":"https:\/\/shoms.ch\/wp-content\/uploads\/sites\/11\/2021\/09\/Ostschweiz.jpg","type":"","width":"","height":""}],"twitter_card":"summary_large_image","schema":{"@context":"https:\/\/schema.org","@graph":[{"@type":"WebPage","@id":"https:\/\/shoms.ch\/it\/le-nostre-sezioni\/ostschweiz-liechtenstein\/","url":"https:\/\/shoms.ch\/it\/le-nostre-sezioni\/ostschweiz-liechtenstein\/","name":"Ostschweiz \/ Liechtenstein - Shoms.ch","isPartOf":{"@id":"https:\/\/shoms.ch\/it\/#website"},"primaryImageOfPage":{"@id":"https:\/\/shoms.ch\/it\/le-nostre-sezioni\/ostschweiz-liechtenstein\/#primaryimage"},"image":{"@id":"https:\/\/shoms.ch\/it\/le-nostre-sezioni\/ostschweiz-liechtenstein\/#primaryimage"},"thumbnailUrl":"https:\/\/shoms.ch\/wp-content\/uploads\/sites\/11\/2021\/09\/Ostschweiz.jpg","datePublished":"2021-07-05T06:43:00+00:00","dateModified":"2022-05-15T21:46:21+00:00","breadcrumb":{"@id":"https:\/\/shoms.ch\/it\/le-nostre-sezioni\/ostschweiz-liechtenstein\/#breadcrumb"},"inLanguage":"it-IT","potentialAction":[{"@type":"ReadAction","target":["https:\/\/shoms.ch\/it\/le-nostre-sezioni\/ostschweiz-liechtenstein\/"]}]},{"@type":"ImageObject","inLanguage":"it-IT","@id":"https:\/\/shoms.ch\/it\/le-nostre-sezioni\/ostschweiz-liechtenstein\/#primaryimage","url":"https:\/\/shoms.ch\/wp-content\/uploads\/sites\/11\/2021\/09\/Ostschweiz.jpg","contentUrl":"https:\/\/shoms.ch\/wp-content\/uploads\/sites\/11\/2021\/09\/Ostschweiz.jpg"},{"@type":"BreadcrumbList","@id":"https:\/\/shoms.ch\/it\/le-nostre-sezioni\/ostschweiz-liechtenstein\/#breadcrumb","itemListElement":[{"@type":"ListItem","position":1,"name":"Startseite","item":"https:\/\/shoms.ch\/it\/"},{"@type":"ListItem","position":2,"name":"Le nostre sezioni","item":"https:\/\/shoms.ch\/it\/le-nostre-sezioni\/"},{"@type":"ListItem","position":3,"name":"Ostschweiz \/ Liechtenstein"}]},{"@type":"WebSite","@id":"https:\/\/shoms.ch\/it\/#website","url":"https:\/\/shoms.ch\/it\/","name":"Shoms.ch","description":"MALTESER HOSPITALDIENST SCHWEIZ (MHDS)","potentialAction":[{"@type":"SearchAction","target":{"@type":"EntryPoint","urlTemplate":"https:\/\/shoms.ch\/it\/?s={search_term_string}"},"query-input":{"@type":"PropertyValueSpecification","valueRequired":true,"valueName":"search_term_string"}}],"inLanguage":"it-IT"}]}},"builder_content":"<h2>\u00a0<\/h2> <h2>Benvenuti nella sezione Ostschweiz\/Liechtenstein<\/h2>\n<img src=\"https:\/\/sites.ordredemaltesuisse.org\/shoms\/wp-content\/uploads\/sites\/11\/2021\/09\/Ostschweiz.jpg\" width=\"184\" height=\"170\" title=\"Ostschweiz \/ Liechtenstein\" alt=\"Ostschweiz \/ Liechtenstein\">\n<p>La sezione di Ostschweiz-Liechtenstein\u00a0 \u00e8 stata fondata nel 1992.<\/p> <p>Le nostre attivit\u00e0 sono:<\/p>\n<ul><li><h4>SOOMS Ostschweiz-Liechtenstein<\/h4> <a title=\"MHDS Ostschweiz-Liechtenstein\" href=\"https:\/\/www.shoms.ch\/sites\/www.shoms.ch\/files\/masecha_2016.jpg\" data-colorbox-gallery=\"gallery-node-261-NOGKz6wg8Ps\" data-cbox-img-attrs=\"{&quot;title&quot;: &quot;&quot;, &quot;alt&quot;: &quot;&quot;}\"><img title=\"\" src=\"https:\/\/www.shoms.ch\/sites\/www.shoms.ch\/files\/styles\/medium\/public\/masecha_2016.jpg?itok=QYpAJujY\" alt=\"\" width=\"220\" height=\"124\" \/><\/a>\n<p><u><strong>Einsatztag<\/strong><\/u>: 1x pro Monat<\/p> <p><strong><u>Aufgabe<\/u><\/strong>: Behinderte und kranke Mitmenschen zu Ausfl\u00fcgen, netten Begegnungen oder auch Wallfahrten mitzunehmen und zu pflegen und ggf. deren Angeh\u00f6rige zu entlasten.<\/p>\n<\/li><\/ul>\n<ul><li><h4>Malteser Uni St. Gallen<\/h4><p><u><strong>Einsatztag<\/strong><\/u>: 1x pro Monat<\/p> <p><strong><u>Aufgabe<\/u><\/strong>: Junge Behinderte aus verschiedenen Institutionen oder von Privat f\u00fcr gesellige Stunden bei einem Essen oder Ausflug begleiten.<\/p><\/li><\/ul>\n<img src=\"https:\/\/sites.ordredemaltesuisse.org\/shoms\/wp-content\/uploads\/sites\/11\/2021\/07\/altottinghandy_juli_2017_2482_687.x319.jpg\" width=\"687\" height=\"319\" title=\"Ostschweiz \/ Liechtenstein\" alt=\"Ostschweiz \/ Liechtenstein\">","_links":{"self":[{"href":"https:\/\/shoms.ch\/it\/wp-json\/wp\/v2\/pages\/2099","targetHints":{"allow":["GET"]}}],"collection":[{"href":"https:\/\/shoms.ch\/it\/wp-json\/wp\/v2\/pages"}],"about":[{"href":"https:\/\/shoms.ch\/it\/wp-json\/wp\/v2\/types\/page"}],"author":[{"embeddable":true,"href":"https:\/\/shoms.ch\/it\/wp-json\/wp\/v2\/users\/16"}],"replies":[{"embeddable":true,"href":"https:\/\/shoms.ch\/it\/wp-json\/wp\/v2\/comments?post=2099"}],"version-history":[{"count":6,"href":"https:\/\/shoms.ch\/it\/wp-json\/wp\/v2\/pages\/2099\/revisions"}],"predecessor-version":[{"id":2830,"href":"https:\/\/shoms.ch\/it\/wp-json\/wp\/v2\/pages\/2099\/revisions\/2830"}],"up":[{"embeddable":true,"href":"https:\/\/shoms.ch\/it\/wp-json\/wp\/v2\/pages\/2014"}],"wp:attachment":[{"href":"https:\/\/shoms.ch\/it\/wp-json\/wp\/v2\/media?parent=2099"}],"curies":[{"name":"wp","href":"https:\/\/api.w.org\/{rel}","templated":true}]}}