{"id":2465,"date":"2021-07-05T08:32:54","date_gmt":"2021-07-05T06:32:54","guid":{"rendered":"https:\/\/shoms.ch\/le-nostre-sezioni\/neuchatel\/"},"modified":"2022-05-15T23:32:09","modified_gmt":"2022-05-15T21:32:09","slug":"neuchatel","status":"publish","type":"page","link":"https:\/\/shoms.ch\/it\/le-nostre-sezioni\/neuchatel\/","title":{"rendered":"Neuch\u00e2tel"},"content":{"rendered":"<!--themify_builder_content-->\n<div id=\"themify_builder_content-2465\" data-postid=\"2465\" class=\"themify_builder_content themify_builder_content-2465 themify_builder tf_clear\">\n                    <div  data-lazy=\"1\" class=\"module_row themify_builder_row tb_szrg109 tb_first tf_w\">\n                        <div class=\"row_inner col_align_top tb_col_count_2 tf_box tf_rel\">\n                        <div  data-lazy=\"1\" class=\"module_column tb-column col2-1 tb_kuxw111 first\">\n                    <!-- module text -->\n<div  class=\"module module-text tb_id25814   \" data-lazy=\"1\">\n        <div  class=\"tb_text_wrap\">\n        <div class=\"panel-pane pane-entity-view pane-node\">\n<h2>\u00a0<\/h2>\n<h2 class=\"pane-title\">Benvenuti nella sezione di Neuch\u00e2tel<\/h2>\n<\/div>    <\/div>\n<\/div>\n<!-- \/module text -->        <\/div>\n                    <div  data-lazy=\"1\" class=\"module_column tb-column col2-1 tb_2ymx111 last\">\n                    <!-- module image -->\n<div  class=\"module module-image tb_46fm371 image-top   tf_mw\" data-lazy=\"1\">\n        <div class=\"image-wrap tf_rel tf_mw\">\n            <img loading=\"lazy\" decoding=\"async\" width=\"178\" height=\"182\" src=\"https:\/\/shoms.ch\/wp-content\/uploads\/sites\/11\/2021\/09\/Neuchatel.jpg\" class=\"wp-post-image wp-image-1383\" title=\"Created with GIMP\" alt=\"Neuchatel\">    \n        <\/div>\n    <!-- \/image-wrap -->\n    \n        <\/div>\n<!-- \/module image -->        <\/div>\n                        <\/div>\n        <\/div>\n                        <div  data-lazy=\"1\" class=\"module_row themify_builder_row tb_xz8z445 tf_w\">\n                        <div class=\"row_inner col_align_top tb_col_count_1 tf_box tf_rel\">\n                        <div  data-lazy=\"1\" class=\"module_column tb-column col-full tb_1704446 first\">\n                    <!-- module text -->\n<div  class=\"module module-text tb_gtuy47   \" data-lazy=\"1\">\n        <div  class=\"tb_text_wrap\">\n        <div class=\"panel-pane pane-entity-view pane-node\">\n<div class=\"pane-content\">\n<article id=\"node-155\" class=\"node node-sektion view-mode-full\">\n<div class=\"body field\">\n<div class=\"body field\">\n<p>La sezione di Neuch\u00e2tel \u00e8 stata fondata nel 2003 \u00e8 costituita da 16 membri attivi e tanti simpatizzanti che aiutano nelle nostre attivit\u00e0.<\/p>\n<p>Le quale sono:<\/p>\n<\/div>\n<\/div>\n<\/article>\n<\/div>\n<\/div>    <\/div>\n<\/div>\n<!-- \/module text -->        <\/div>\n                        <\/div>\n        <\/div>\n                        <div  data-lazy=\"1\" class=\"module_row themify_builder_row tb_6t64872 tf_w\">\n                        <div class=\"row_inner col_align_top tb_col_count_2 tf_box tf_rel\">\n                        <div  data-lazy=\"1\" class=\"module_column tb-column col2-1 tb_6j8w875 first\">\n                    <!-- module accordion -->\n<div  class=\"module module-accordion tb_eytv928 \" data-behavior=\"toggle\" data-lazy=\"1\">\n    \n    <ul class=\"ui module-accordion   tb_default_color\">\n            <li>\n            <div class=\"accordion-title tf_rel\">\n                <a href=\"#acc-eytv928-0\" class=\"tb_title_accordion\" aria-controls=\"acc-eytv928-0-content\" aria-expanded=\"false\">\n                                                            <span class=\"accordion-title-wrap\">Visite al Home des Charmettes<\/span>                <\/a>\n            <\/div><!-- .accordion-title -->\n            <div id=\"acc-eytv928-0-content\" data-id=\"acc-eytv928-0\" aria-hidden=\"true\" class=\"accordion-content tf_hide tf_clearfix\">\n                                    <div class=\"tb_text_wrap\">\n                        <p><u><strong>Jour de service<\/strong><\/u>: une \u00e0 deux fois par semaine<\/p>\n<p><u><strong>Service<\/strong><\/u>: Transporter les malades pour les cultes et Messes, Accompagner des personnes seules<\/p>                    <\/div>\n                            <\/div><!-- .accordion-content -->\n        <\/li>\n        <\/ul>\n\n<\/div><!-- \/module accordion --><!-- module accordion -->\n<div  class=\"module module-accordion tb_8hh1806 \" data-behavior=\"toggle\" data-lazy=\"1\">\n    \n    <ul class=\"ui module-accordion   tb_default_color\">\n            <li>\n            <div class=\"accordion-title tf_rel\">\n                <a href=\"#acc-8hh1806-0\" class=\"tb_title_accordion\" aria-controls=\"acc-8hh1806-0-content\" aria-expanded=\"false\">\n                                                            <span class=\"accordion-title-wrap\">Presenza nello dispensario delle strade di Neuch\u00e2tel<\/span>                <\/a>\n            <\/div><!-- .accordion-title -->\n            <div id=\"acc-8hh1806-0-content\" data-id=\"acc-8hh1806-0\" aria-hidden=\"true\" class=\"accordion-content tf_hide tf_clearfix\">\n                                    <div class=\"tb_text_wrap\">\n                        <p><strong><u>Jour de service: <\/u><\/strong>Trois fois par semaine, selon horaire,<\/p>\n<p><strong><u>Service:<\/u><\/strong> Accueil-caf\u00e9<\/p>\n<p><u><strong>Pr\u00e9sence SHOMS:<\/strong><\/u> 6 b\u00e9n\u00e9voles<\/p>                    <\/div>\n                            <\/div><!-- .accordion-content -->\n        <\/li>\n        <\/ul>\n\n<\/div><!-- \/module accordion --><!-- module accordion -->\n<div  class=\"module module-accordion tb_ki7w724 \" data-behavior=\"toggle\" data-lazy=\"1\">\n    \n    <ul class=\"ui module-accordion   tb_default_color\">\n            <li>\n            <div class=\"accordion-title tf_rel\">\n                <a href=\"#acc-ki7w724-0\" class=\"tb_title_accordion\" aria-controls=\"acc-ki7w724-0-content\" aria-expanded=\"false\">\n                                                            <span class=\"accordion-title-wrap\">Charity Ladies Lunch<\/span>                <\/a>\n            <\/div><!-- .accordion-title -->\n            <div id=\"acc-ki7w724-0-content\" data-id=\"acc-ki7w724-0\" aria-hidden=\"true\" class=\"accordion-content tf_hide tf_clearfix\">\n                                    <div class=\"tb_text_wrap\">\n                        <p><img loading=\"lazy\" decoding=\"async\" class=\"alignnone size-full wp-image-816\" src=\"https:\/\/sites.ordredemaltesuisse.org\/shoms\/wp-content\/uploads\/sites\/11\/2021\/07\/remise_du_cheque_home_3_porte_2015s.jpg\" alt=\"\" width=\"220\" height=\"123\" \/><\/p>\n<p>au profit des oeuvres du SHOMS<\/p>                    <\/div>\n                            <\/div><!-- .accordion-content -->\n        <\/li>\n        <\/ul>\n\n<\/div><!-- \/module accordion -->        <\/div>\n                    <div  data-lazy=\"1\" class=\"module_column tb-column col2-1 tb_m9e3877 last\">\n                    <!-- module accordion -->\n<div  class=\"module module-accordion tb_ruhw338 \" data-behavior=\"toggle\" data-lazy=\"1\">\n    \n    <ul class=\"ui module-accordion   tb_default_color\">\n            <li>\n            <div class=\"accordion-title tf_rel\">\n                <a href=\"#acc-ruhw338-0\" class=\"tb_title_accordion\" aria-controls=\"acc-ruhw338-0-content\" aria-expanded=\"false\">\n                                                            <span class=\"accordion-title-wrap\">Occuparsi di pelegrini per Lourdes che vivono ancora de solo \u00e0 casa<\/span>                <\/a>\n            <\/div><!-- .accordion-title -->\n            <div id=\"acc-ruhw338-0-content\" data-id=\"acc-ruhw338-0\" aria-hidden=\"true\" class=\"accordion-content tf_hide tf_clearfix\">\n                                    <div class=\"tb_text_wrap\">\n                        <p><u><strong>Jour de service<\/strong><\/u>: selon besoin et temps disponible<\/p>\n<p><u><strong>Service<\/strong><\/u>: Sorties avec eux pour des achats<\/p>                    <\/div>\n                            <\/div><!-- .accordion-content -->\n        <\/li>\n        <\/ul>\n\n<\/div><!-- \/module accordion --><!-- module accordion -->\n<div  class=\"module module-accordion tb_zsdr614 \" data-behavior=\"toggle\" data-lazy=\"1\">\n    \n    <ul class=\"ui module-accordion   tb_default_color\">\n            <li>\n            <div class=\"accordion-title tf_rel\">\n                <a href=\"#acc-zsdr614-0\" class=\"tb_title_accordion\" aria-controls=\"acc-zsdr614-0-content\" aria-expanded=\"false\">\n                                                            <span class=\"accordion-title-wrap\">Uscita annuale colla nave o il pullman<\/span>                <\/a>\n            <\/div><!-- .accordion-title -->\n            <div id=\"acc-zsdr614-0-content\" data-id=\"acc-zsdr614-0\" aria-hidden=\"true\" class=\"accordion-content tf_hide tf_clearfix\">\n                                    <div class=\"tb_text_wrap\">\n                        <p><img loading=\"lazy\" decoding=\"async\" class=\"alignnone size-full wp-image-815\" src=\"https:\/\/sites.ordredemaltesuisse.org\/shoms\/wp-content\/uploads\/sites\/11\/2021\/07\/13.4.bateaushoms_sortie_2009_web.jpg\" alt=\"\" width=\"220\" height=\"165\" \/><\/p>                    <\/div>\n                            <\/div><!-- .accordion-content -->\n        <\/li>\n        <\/ul>\n\n<\/div><!-- \/module accordion --><!-- module accordion -->\n<div  class=\"module module-accordion tb_2f6d811 \" data-behavior=\"toggle\" data-lazy=\"1\">\n    \n    <ul class=\"ui module-accordion   tb_default_color\">\n            <li>\n            <div class=\"accordion-title tf_rel\">\n                <a href=\"#acc-2f6d811-0\" class=\"tb_title_accordion\" aria-controls=\"acc-2f6d811-0-content\" aria-expanded=\"false\">\n                                                            <span class=\"accordion-title-wrap\">Visite al Foyer Handicap de la Chaux-de-Fonds<\/span>                <\/a>\n            <\/div><!-- .accordion-title -->\n            <div id=\"acc-2f6d811-0-content\" data-id=\"acc-2f6d811-0\" aria-hidden=\"true\" class=\"accordion-content tf_hide tf_clearfix\">\n                                    <div class=\"tb_text_wrap\">\n                        <h6><span class=\"field-content\">Besuche im Foyer Handicap de la Chaux-de-Fonds<\/span><\/h6>\n<p><u><strong>Service<\/strong><\/u>: accompagnement de personnes lourdement handicap\u00e9es pour des sorties en ville, visites r\u00e9guli\u00e8res\u00a0 dans l&#8217;institution \u00e0 des personnes seules<\/p>                    <\/div>\n                            <\/div><!-- .accordion-content -->\n        <\/li>\n        <\/ul>\n\n<\/div><!-- \/module accordion -->        <\/div>\n                        <\/div>\n        <\/div>\n                        <div  data-lazy=\"1\" class=\"module_row themify_builder_row tb_uuxb583 tf_w\">\n                        <div class=\"row_inner col_align_top tb_col_count_1 tf_box tf_rel\">\n                        <div  data-lazy=\"1\" class=\"module_column tb-column col-full tb_i29n584 first\">\n                    <!-- module image -->\n<div  class=\"module module-image tb_apwk377 image-top   tf_mw\" data-lazy=\"1\">\n        <div class=\"image-wrap tf_rel tf_mw\">\n            <img loading=\"lazy\" decoding=\"async\" width=\"720\" height=\"392\" src=\"https:\/\/shoms.ch\/wp-content\/uploads\/sites\/11\/2021\/07\/Grotte-de-Remenot-720x540-2.jpg\" class=\"wp-post-image wp-image-1283\" title=\"Grotte de Remenot (720x540) (2)\" alt=\"Grotte de Remenot (720x540) (2)\" srcset=\"https:\/\/shoms.ch\/wp-content\/uploads\/sites\/11\/2021\/07\/Grotte-de-Remenot-720x540-2.jpg 720w, https:\/\/shoms.ch\/wp-content\/uploads\/sites\/11\/2021\/07\/Grotte-de-Remenot-720x540-2-300x163.jpg 300w\" sizes=\"auto, (max-width: 720px) 100vw, 720px\" \/>    \n        <\/div>\n    <!-- \/image-wrap -->\n    \n        <\/div>\n<!-- \/module image -->        <\/div>\n                        <\/div>\n        <\/div>\n                        <div  data-lazy=\"1\" class=\"module_row themify_builder_row tb_2wxu3 tf_w\">\n                        <div class=\"row_inner col_align_top tb_col_count_1 tf_box tf_rel\">\n                        <div  data-lazy=\"1\" class=\"module_column tb-column col-full tb_h7hi6 first\">\n                    <!-- module template_part -->\n<div  class=\"module module-layout-part tb_zo0t176 \">\n    <div class=\"tb_layout_part_wrap tf_w\"><!--themify_builder_content-->\n    <div  class=\"themify_builder_content themify_builder_content-2798 themify_builder not_editable_builder in_the_loop\" data-postid=\"2798\">\n                        <div  data-lazy=\"1\" class=\"module_row themify_builder_row tb_y3tv911 tf_w\">\n                        <div class=\"row_inner col_align_top tb_col_count_1 tf_box tf_rel\">\n                        <div  data-lazy=\"1\" class=\"module_column tb-column col-full tb_5355911 first\">\n                    <!-- module divider -->\n<div  class=\"module tf_mw module-divider tb_ojcv911 solid   \" style=\"border-width: 10px;border-color: rgba(0,0,0, 0);\" data-lazy=\"1\">\n    <\/div>\n<!-- \/module divider -->\n<!-- module text -->\n<div  class=\"module module-text tb_ky80912   \" data-lazy=\"1\">\n    <h3 class=\"module-title\">Agenda:<\/h3>    <div  class=\"tb_text_wrap\">\n            <\/div>\n<\/div>\n<!-- \/module text --><!-- module plain text -->\n<div  class=\"module module-plain-text tb_k49j912 \" data-lazy=\"1\">\n        <div class=\"tb_text_wrap\">\n    <div class=\"r34ics-ajax-container loading\" id=\"r69e4ed5cc244d9d\" data-view=\"list\" data-view-is-list-style=\"1\" data-view-is-list-long=\"1\" data-args=\"ca7e41dd7be830e8297f5e08655a8550d4797a01\" data-js-args=\"{&quot;debug&quot;:null}\">&nbsp;<\/div>\n    <\/div>\n<\/div>\n<!-- \/module plain text -->        <\/div>\n                        <\/div>\n        <\/div>\n            <\/div>\n<!--\/themify_builder_content--><\/div>\n<\/div>\n<!-- \/module template_part --><!-- module template_part -->\n<div  class=\"module module-layout-part tb_voib834 \">\n    <div class=\"tb_layout_part_wrap tf_w\"><!--themify_builder_content-->\n    <div  class=\"themify_builder_content themify_builder_content-2458 themify_builder not_editable_builder in_the_loop\" data-postid=\"2458\">\n                        <div  data-lazy=\"1\" class=\"module_row themify_builder_row tb_ewgw530 tf_w\">\n                        <div class=\"row_inner col_align_top tb_col_count_1 tf_box tf_rel\">\n                        <div  data-lazy=\"1\" class=\"module_column tb-column col-full tb_3npb531 first\">\n                    <!-- module icon -->\n<div  class=\"module module-icon tb_w2ia531    icon_horizontal \" data-lazy=\"1\">\n\t\t\t<div class=\"module-icon-item\">\n\t\t\t\t\t\t\t<a href=\"mailto:neuchatel@shoms.ch\" rel=\"noopener\" target=\"_blank\">\n\t\t\t\t\t\t\t\t\t\t\t\t\t\t\t\t\t<em class=\"tf_box\"\n\t\t\t\t\t\t\t\t\t\t\t\t style=\"background-color:#ffffff;color:#050505\"\t\t\t\t\t><svg  class=\"tf_fa tf-ti-email\" xmlns:xlink=\"http:\/\/www.w3.org\/1999\/xlink\" aria-hidden=\"true\"><use href=\"#tf-ti-email\" xlink:href=\"#tf-ti-email\"><\/use><\/svg><\/em>\n\t\t\t\t\t\t\t\t\t\t\t\t\t\t\t\t\t\t\t<span>Neuch\u00e2tel: St\u00e9phanie Mauler de Kalbermatten \u2013 neuchatel@shoms.ch<\/span>\n\t\t\t\t\t\t\t\t\t\t\t\t\t\t\t\t\t<\/a>\n\t\t\t\t\t<\/div>\n\t<\/div>\n<!-- \/module icon -->\n        <\/div>\n                        <\/div>\n        <\/div>\n            <\/div>\n<!--\/themify_builder_content--><\/div>\n<\/div>\n<!-- \/module template_part -->        <\/div>\n                        <\/div>\n        <\/div>\n        <\/div>\n<!--\/themify_builder_content-->","protected":false},"excerpt":{"rendered":"<p>\u00a0 Benvenuti nella sezione di Neuch\u00e2tel La sezione di Neuch\u00e2tel \u00e8 stata fondata nel 2003 \u00e8 costituita da 16 membri attivi e tanti simpatizzanti che aiutano nelle nostre attivit\u00e0. Le quale sono: Visite al Home des Charmettes Jour de service: une \u00e0 deux fois par semaine Service: Transporter les malades pour les cultes et Messes, [&hellip;]<\/p>\n","protected":false},"author":16,"featured_media":0,"parent":2014,"menu_order":0,"comment_status":"closed","ping_status":"closed","template":"","meta":{"inline_featured_image":false,"footnotes":""},"class_list":["post-2465","page","type-page","status-publish","hentry","has-post-title","has-post-date","has-post-category","has-post-tag","has-post-comment","has-post-author",""],"yoast_head":"<!-- This site is optimized with the Yoast SEO plugin v27.4 - https:\/\/yoast.com\/product\/yoast-seo-wordpress\/ -->\n<title>Neuch\u00e2tel - Shoms.ch<\/title>\n<meta name=\"robots\" content=\"index, follow, max-snippet:-1, max-image-preview:large, max-video-preview:-1\" \/>\n<link rel=\"canonical\" href=\"https:\/\/shoms.ch\/it\/le-nostre-sezioni\/neuchatel\/\" \/>\n<meta property=\"og:locale\" content=\"it_IT\" \/>\n<meta property=\"og:type\" content=\"article\" \/>\n<meta property=\"og:title\" content=\"Neuch\u00e2tel - Shoms.ch\" \/>\n<meta property=\"og:description\" content=\"\u00a0 Benvenuti nella sezione di Neuch\u00e2tel La sezione di Neuch\u00e2tel \u00e8 stata fondata nel 2003 \u00e8 costituita da 16 membri attivi e tanti simpatizzanti che aiutano nelle nostre attivit\u00e0. Le quale sono: Visite al Home des Charmettes Jour de service: une \u00e0 deux fois par semaine Service: Transporter les malades pour les cultes et Messes, [&hellip;]\" \/>\n<meta property=\"og:url\" content=\"https:\/\/shoms.ch\/it\/le-nostre-sezioni\/neuchatel\/\" \/>\n<meta property=\"og:site_name\" content=\"Shoms.ch\" \/>\n<meta property=\"article:modified_time\" content=\"2022-05-15T21:32:09+00:00\" \/>\n<meta property=\"og:image\" content=\"https:\/\/shoms.ch\/wp-content\/uploads\/sites\/11\/2021\/09\/Neuchatel.jpg\" \/>\n<meta name=\"twitter:card\" content=\"summary_large_image\" \/>\n<script type=\"application\/ld+json\" class=\"yoast-schema-graph\">{\"@context\":\"https:\\\/\\\/schema.org\",\"@graph\":[{\"@type\":\"WebPage\",\"@id\":\"https:\\\/\\\/shoms.ch\\\/it\\\/le-nostre-sezioni\\\/neuchatel\\\/\",\"url\":\"https:\\\/\\\/shoms.ch\\\/it\\\/le-nostre-sezioni\\\/neuchatel\\\/\",\"name\":\"Neuch\u00e2tel - Shoms.ch\",\"isPartOf\":{\"@id\":\"https:\\\/\\\/shoms.ch\\\/it\\\/#website\"},\"primaryImageOfPage\":{\"@id\":\"https:\\\/\\\/shoms.ch\\\/it\\\/le-nostre-sezioni\\\/neuchatel\\\/#primaryimage\"},\"image\":{\"@id\":\"https:\\\/\\\/shoms.ch\\\/it\\\/le-nostre-sezioni\\\/neuchatel\\\/#primaryimage\"},\"thumbnailUrl\":\"https:\\\/\\\/shoms.ch\\\/wp-content\\\/uploads\\\/sites\\\/11\\\/2021\\\/09\\\/Neuchatel.jpg\",\"datePublished\":\"2021-07-05T06:32:54+00:00\",\"dateModified\":\"2022-05-15T21:32:09+00:00\",\"breadcrumb\":{\"@id\":\"https:\\\/\\\/shoms.ch\\\/it\\\/le-nostre-sezioni\\\/neuchatel\\\/#breadcrumb\"},\"inLanguage\":\"it-IT\",\"potentialAction\":[{\"@type\":\"ReadAction\",\"target\":[\"https:\\\/\\\/shoms.ch\\\/it\\\/le-nostre-sezioni\\\/neuchatel\\\/\"]}]},{\"@type\":\"ImageObject\",\"inLanguage\":\"it-IT\",\"@id\":\"https:\\\/\\\/shoms.ch\\\/it\\\/le-nostre-sezioni\\\/neuchatel\\\/#primaryimage\",\"url\":\"https:\\\/\\\/shoms.ch\\\/wp-content\\\/uploads\\\/sites\\\/11\\\/2021\\\/09\\\/Neuchatel.jpg\",\"contentUrl\":\"https:\\\/\\\/shoms.ch\\\/wp-content\\\/uploads\\\/sites\\\/11\\\/2021\\\/09\\\/Neuchatel.jpg\"},{\"@type\":\"BreadcrumbList\",\"@id\":\"https:\\\/\\\/shoms.ch\\\/it\\\/le-nostre-sezioni\\\/neuchatel\\\/#breadcrumb\",\"itemListElement\":[{\"@type\":\"ListItem\",\"position\":1,\"name\":\"Startseite\",\"item\":\"https:\\\/\\\/shoms.ch\\\/it\\\/\"},{\"@type\":\"ListItem\",\"position\":2,\"name\":\"Le nostre sezioni\",\"item\":\"https:\\\/\\\/shoms.ch\\\/it\\\/le-nostre-sezioni\\\/\"},{\"@type\":\"ListItem\",\"position\":3,\"name\":\"Neuch\u00e2tel\"}]},{\"@type\":\"WebSite\",\"@id\":\"https:\\\/\\\/shoms.ch\\\/it\\\/#website\",\"url\":\"https:\\\/\\\/shoms.ch\\\/it\\\/\",\"name\":\"Shoms.ch\",\"description\":\"MALTESER HOSPITALDIENST SCHWEIZ (MHDS)\",\"potentialAction\":[{\"@type\":\"SearchAction\",\"target\":{\"@type\":\"EntryPoint\",\"urlTemplate\":\"https:\\\/\\\/shoms.ch\\\/it\\\/?s={search_term_string}\"},\"query-input\":{\"@type\":\"PropertyValueSpecification\",\"valueRequired\":true,\"valueName\":\"search_term_string\"}}],\"inLanguage\":\"it-IT\"}]}<\/script>\n<!-- \/ Yoast SEO plugin. -->","yoast_head_json":{"title":"Neuch\u00e2tel - Shoms.ch","robots":{"index":"index","follow":"follow","max-snippet":"max-snippet:-1","max-image-preview":"max-image-preview:large","max-video-preview":"max-video-preview:-1"},"canonical":"https:\/\/shoms.ch\/it\/le-nostre-sezioni\/neuchatel\/","og_locale":"it_IT","og_type":"article","og_title":"Neuch\u00e2tel - Shoms.ch","og_description":"\u00a0 Benvenuti nella sezione di Neuch\u00e2tel La sezione di Neuch\u00e2tel \u00e8 stata fondata nel 2003 \u00e8 costituita da 16 membri attivi e tanti simpatizzanti che aiutano nelle nostre attivit\u00e0. Le quale sono: Visite al Home des Charmettes Jour de service: une \u00e0 deux fois par semaine Service: Transporter les malades pour les cultes et Messes, [&hellip;]","og_url":"https:\/\/shoms.ch\/it\/le-nostre-sezioni\/neuchatel\/","og_site_name":"Shoms.ch","article_modified_time":"2022-05-15T21:32:09+00:00","og_image":[{"url":"https:\/\/shoms.ch\/wp-content\/uploads\/sites\/11\/2021\/09\/Neuchatel.jpg","type":"","width":"","height":""}],"twitter_card":"summary_large_image","schema":{"@context":"https:\/\/schema.org","@graph":[{"@type":"WebPage","@id":"https:\/\/shoms.ch\/it\/le-nostre-sezioni\/neuchatel\/","url":"https:\/\/shoms.ch\/it\/le-nostre-sezioni\/neuchatel\/","name":"Neuch\u00e2tel - Shoms.ch","isPartOf":{"@id":"https:\/\/shoms.ch\/it\/#website"},"primaryImageOfPage":{"@id":"https:\/\/shoms.ch\/it\/le-nostre-sezioni\/neuchatel\/#primaryimage"},"image":{"@id":"https:\/\/shoms.ch\/it\/le-nostre-sezioni\/neuchatel\/#primaryimage"},"thumbnailUrl":"https:\/\/shoms.ch\/wp-content\/uploads\/sites\/11\/2021\/09\/Neuchatel.jpg","datePublished":"2021-07-05T06:32:54+00:00","dateModified":"2022-05-15T21:32:09+00:00","breadcrumb":{"@id":"https:\/\/shoms.ch\/it\/le-nostre-sezioni\/neuchatel\/#breadcrumb"},"inLanguage":"it-IT","potentialAction":[{"@type":"ReadAction","target":["https:\/\/shoms.ch\/it\/le-nostre-sezioni\/neuchatel\/"]}]},{"@type":"ImageObject","inLanguage":"it-IT","@id":"https:\/\/shoms.ch\/it\/le-nostre-sezioni\/neuchatel\/#primaryimage","url":"https:\/\/shoms.ch\/wp-content\/uploads\/sites\/11\/2021\/09\/Neuchatel.jpg","contentUrl":"https:\/\/shoms.ch\/wp-content\/uploads\/sites\/11\/2021\/09\/Neuchatel.jpg"},{"@type":"BreadcrumbList","@id":"https:\/\/shoms.ch\/it\/le-nostre-sezioni\/neuchatel\/#breadcrumb","itemListElement":[{"@type":"ListItem","position":1,"name":"Startseite","item":"https:\/\/shoms.ch\/it\/"},{"@type":"ListItem","position":2,"name":"Le nostre sezioni","item":"https:\/\/shoms.ch\/it\/le-nostre-sezioni\/"},{"@type":"ListItem","position":3,"name":"Neuch\u00e2tel"}]},{"@type":"WebSite","@id":"https:\/\/shoms.ch\/it\/#website","url":"https:\/\/shoms.ch\/it\/","name":"Shoms.ch","description":"MALTESER HOSPITALDIENST SCHWEIZ (MHDS)","potentialAction":[{"@type":"SearchAction","target":{"@type":"EntryPoint","urlTemplate":"https:\/\/shoms.ch\/it\/?s={search_term_string}"},"query-input":{"@type":"PropertyValueSpecification","valueRequired":true,"valueName":"search_term_string"}}],"inLanguage":"it-IT"}]}},"builder_content":"<h2>\u00a0<\/h2> <h2>Benvenuti nella sezione di Neuch\u00e2tel<\/h2>\n<img src=\"https:\/\/shoms.ch\/wp-content\/uploads\/sites\/11\/2021\/09\/Neuchatel.jpg\" title=\"Created with GIMP\" alt=\"Neuchatel\">\n<article id=\"node-155\">\n<p>La sezione di Neuch\u00e2tel \u00e8 stata fondata nel 2003 \u00e8 costituita da 16 membri attivi e tanti simpatizzanti che aiutano nelle nostre attivit\u00e0.<\/p> <p>Le quale sono:<\/p>\n<\/article>\n<ul><li><h4>Visite al Home des Charmettes<\/h4><p><u><strong>Jour de service<\/strong><\/u>: une \u00e0 deux fois par semaine<\/p> <p><u><strong>Service<\/strong><\/u>: Transporter les malades pour les cultes et Messes, Accompagner des personnes seules<\/p><\/li><\/ul>\n<ul><li><h4>Presenza nello dispensario delle strade di Neuch\u00e2tel<\/h4><p><strong><u>Jour de service: <\/u><\/strong>Trois fois par semaine, selon horaire,<\/p> <p><strong><u>Service:<\/u><\/strong> Accueil-caf\u00e9<\/p> <p><u><strong>Pr\u00e9sence SHOMS:<\/strong><\/u> 6 b\u00e9n\u00e9voles<\/p><\/li><\/ul>\n<ul><li><h4>Charity Ladies Lunch<\/h4><p><img src=\"https:\/\/sites.ordredemaltesuisse.org\/shoms\/wp-content\/uploads\/sites\/11\/2021\/07\/remise_du_cheque_home_3_porte_2015s.jpg\" alt=\"\" width=\"220\" height=\"123\" \/><\/p> <p>au profit des oeuvres du SHOMS<\/p><\/li><\/ul>\n<ul><li><h4>Occuparsi di pelegrini per Lourdes che vivono ancora de solo \u00e0 casa<\/h4><p><u><strong>Jour de service<\/strong><\/u>: selon besoin et temps disponible<\/p> <p><u><strong>Service<\/strong><\/u>: Sorties avec eux pour des achats<\/p><\/li><\/ul>\n<ul><li><h4>Uscita annuale colla nave o il pullman<\/h4><p><img src=\"https:\/\/sites.ordredemaltesuisse.org\/shoms\/wp-content\/uploads\/sites\/11\/2021\/07\/13.4.bateaushoms_sortie_2009_web.jpg\" alt=\"\" width=\"220\" height=\"165\" \/><\/p><\/li><\/ul>\n<ul><li><h4>Visite al Foyer Handicap de la Chaux-de-Fonds<\/h4><h6>Besuche im Foyer Handicap de la Chaux-de-Fonds<\/h6> <p><u><strong>Service<\/strong><\/u>: accompagnement de personnes lourdement handicap\u00e9es pour des sorties en ville, visites r\u00e9guli\u00e8res\u00a0 dans l'institution \u00e0 des personnes seules<\/p><\/li><\/ul>\n<img src=\"https:\/\/shoms.ch\/wp-content\/uploads\/sites\/11\/2021\/07\/Grotte-de-Remenot-720x540-2.jpg\" title=\"Grotte de Remenot (720x540) (2)\" alt=\"Grotte de Remenot (720x540) (2)\" srcset=\"https:\/\/shoms.ch\/wp-content\/uploads\/sites\/11\/2021\/07\/Grotte-de-Remenot-720x540-2.jpg 720w, https:\/\/shoms.ch\/wp-content\/uploads\/sites\/11\/2021\/07\/Grotte-de-Remenot-720x540-2-300x163.jpg 300w\" sizes=\"(max-width: 720px) 100vw, 720px\" \/>","_links":{"self":[{"href":"https:\/\/shoms.ch\/it\/wp-json\/wp\/v2\/pages\/2465","targetHints":{"allow":["GET"]}}],"collection":[{"href":"https:\/\/shoms.ch\/it\/wp-json\/wp\/v2\/pages"}],"about":[{"href":"https:\/\/shoms.ch\/it\/wp-json\/wp\/v2\/types\/page"}],"author":[{"embeddable":true,"href":"https:\/\/shoms.ch\/it\/wp-json\/wp\/v2\/users\/16"}],"replies":[{"embeddable":true,"href":"https:\/\/shoms.ch\/it\/wp-json\/wp\/v2\/comments?post=2465"}],"version-history":[{"count":2,"href":"https:\/\/shoms.ch\/it\/wp-json\/wp\/v2\/pages\/2465\/revisions"}],"predecessor-version":[{"id":2816,"href":"https:\/\/shoms.ch\/it\/wp-json\/wp\/v2\/pages\/2465\/revisions\/2816"}],"up":[{"embeddable":true,"href":"https:\/\/shoms.ch\/it\/wp-json\/wp\/v2\/pages\/2014"}],"wp:attachment":[{"href":"https:\/\/shoms.ch\/it\/wp-json\/wp\/v2\/media?parent=2465"}],"curies":[{"name":"wp","href":"https:\/\/api.w.org\/{rel}","templated":true}]}}